{"id":8326,"date":"2020-12-11T16:16:18","date_gmt":"2020-12-11T08:16:18","guid":{"rendered":"https:\/\/www.agriculture-machine.com\/?p=8326"},"modified":"2025-12-22T17:36:20","modified_gmt":"2025-12-22T09:36:20","slug":"walking-tractor-simplicity-walking-tractor","status":"publish","type":"product","link":"https:\/\/www.agriculture-machine.com\/vi\/walking-tractor-simplicity-walking-tractor\/","title":{"rendered":"M\u00e1y k\u00e9o \u0111i b\u1ed9 n\u00f4ng nghi\u1ec7p nh\u1ecf v\u00e0 \u0111\u01a1n gi\u1ea3n"},"content":{"rendered":"<p>M\u00e1y k\u00e9o \u0111i b\u1ed9 n\u00f4ng nghi\u1ec7p nh\u1ecf, nh\u1eb9 v\u00e0 linh ho\u1ea1t nh\u01b0ng c\u00f3 s\u1ee9c m\u1ea1nh v\u01b0\u1ee3t tr\u1ed9i, c\u00f3 th\u1ec3 d\u1ec5 d\u00e0ng ho\u00e0n th\u00e0nh nhi\u1ec1u ho\u1ea1t \u0111\u1ed9ng n\u00f4ng nghi\u1ec7p nh\u01b0 c\u00e0y, gieo h\u1ea1t, thu ho\u1ea1ch, v\u1eadn chuy\u1ec3n v\u00e0 nhi\u1ec1u h\u01a1n n\u1eefa ch\u1ec9 v\u1edbi m\u1ed9t ng\u01b0\u1eddi \u0111i\u1ec1u khi\u1ec3n.<\/p>    <p>Whether it&#8217;s a plain or a mountainous area, it can realize the whole process of operation with more than a hundred kinds of accessories such as quick-changeable plows, seeders, harvesters, fertilizer spreaders and so on.<\/p>    <p>Thi\u1ebft k\u1ebf tay \u0111i\u1ec1u khi\u1ec3n \u0111\u01a1n gi\u1ea3n gi\u00fap ng\u01b0\u1eddi v\u1eadn h\u00e0nh d\u1ec5 d\u00e0ng n\u1eafm b\u1eaft c\u00e1c ch\u1ee9c n\u0103ng v\u00e0o\/ra, ly h\u1ee3p v\u00e0 \u0111i\u1ec1u ch\u1ec9nh t\u1ed1c \u0111\u1ed9. H\u1ec7 truy\u1ec1n \u0111\u1ed9ng diesel nh\u1ecf g\u1ecdn \u0111\u1ea3m b\u1ea3o m\u00f4-men xo\u1eafn m\u1ea1nh m\u1ebd trong khi ti\u00eau th\u1ee5 nhi\u00ean li\u1ec7u th\u1ea5p v\u00e0 d\u1ec5 b\u1ea3o tr\u00ec.<\/p>    <figure class=\"wp-block-embed aligncenter is-type-video is-provider-youtube wp-block-embed-youtube wp-embed-aspect-16-9 wp-has-aspect-ratio\"><div class=\"wp-block-embed__wrapper\"> <iframe loading=\"lazy\" title=\"B\u1ea1n c\u00f3 th\u1ec3 l\u00e0m g\u00ec v\u1edbi m\u00e1y k\u00e9o \u0111i b\u1ed9? #m\u00e1yk\u00e9o\u0111i b\u1ed9, #m\u00e1ykhoang, #m\u00e1yk\u00e9o\u0111i2b\u00e1nh\" width=\"500\" height=\"281\" src=\"https:\/\/www.youtube.com\/embed\/fxYFIychRc4?feature=oembed\" frameborder=\"0\" allow=\"accelerometer; autoplay; clipboard-write; encrypted-media; gyroscope; picture-in-picture; web-share\" referrerpolicy=\"strict-origin-when-cross-origin\" allowfullscreen><\/iframe> <\/div><figcaption class=\"wp-element-caption\">Video ho\u1ea1t \u0111\u1ed9ng c\u1ee7a m\u00e1y k\u00e9o \u0111i b\u1ed9 n\u00f4ng nghi\u1ec7p<\/figcaption><\/figure>    <h2 class=\"wp-block-heading\">m\u00e1y k\u00e9o \u0111i b\u1ed9 v\u1edbi ph\u1ee5 ki\u1ec7n<\/h2>    <p>M\u00e1y k\u00e9o \u0111i b\u1ed9 n\u00f4ng nghi\u1ec7p c\u00f3 th\u1ec3 k\u1ebft h\u1ee3p v\u1edbi nhi\u1ec1u ph\u1ee5 ki\u1ec7n, bao g\u1ed3m c\u00e0y \u0111\u0129a \u0111\u00f4i, c\u00e0y \u0111\u01a1n, c\u00e0y \u0111\u00f4i, b\u00e1nh xe b\u00f9n, m\u00e1y x\u1edbi \u0111\u1ea5t, m\u00e1y gieo h\u1ea1t l\u00faa m\u00ec, m\u00e1y gieo h\u1ea1t ng\u00f4, r\u01a1 mo\u00f3c, l\u00e0m r\u00e3nh, v\u00e0 m\u00e1y b\u01a1m n\u01b0\u1edbc, trong s\u1ed1 nh\u1eefng th\u1ee9 kh\u00e1c. <\/p>    <p>T\u1ea5t c\u1ea3 nh\u1eefng g\u00ec b\u1ea1n c\u1ea7n l\u00e0m l\u00e0 thay \u0111\u1ed5i d\u1ee5ng c\u1ee5 n\u00f4ng nghi\u1ec7p \u0111\u1ec3 x\u1eed l\u00fd c\u00e1c nhi\u1ec7m v\u1ee5 n\u00f4ng nghi\u1ec7p kh\u00e1c nhau!<\/p>    <figure class=\"wp-block-gallery has-nested-images columns-3 is-cropped wp-block-gallery-2 is-layout-flex wp-block-gallery-is-layout-flex\"> <figure class=\"wp-block-image size-large\"><img loading=\"lazy\" decoding=\"async\" width=\"720\" height=\"541\" data-id=\"12859\" src=\"https:\/\/www.agriculture-machine.com\/wp-content\/uploads\/2020\/12\/small-tractor-1-.jpg\" alt=\"m\u00e1y k\u00e9o nh\u1ecf\" class=\"wp-image-12859\" srcset=\"https:\/\/www.agriculture-machine.com\/wp-content\/uploads\/2020\/12\/small-tractor-1-.jpg 720w, https:\/\/www.agriculture-machine.com\/wp-content\/uploads\/2020\/12\/small-tractor-1--360x270.jpg 360w, https:\/\/www.agriculture-machine.com\/wp-content\/uploads\/2020\/12\/small-tractor-1--240x180.jpg 240w\" sizes=\"auto, (max-width: 720px) 100vw, 720px\" \/><figcaption class=\"wp-element-caption\">m\u00e1y k\u00e9o nh\u1ecf <\/figcaption><\/figure>    <figure class=\"wp-block-image size-large\"><img loading=\"lazy\" decoding=\"async\" width=\"720\" height=\"540\" data-id=\"12860\" src=\"https:\/\/www.agriculture-machine.com\/wp-content\/uploads\/2020\/12\/farm-walking-tractor1.jpg\" alt=\"Ph\u1ee5 ki\u1ec7n m\u00e1y k\u00e9o \u0111i b\u1ed9\" class=\"wp-image-12860\" srcset=\"https:\/\/www.agriculture-machine.com\/wp-content\/uploads\/2020\/12\/farm-walking-tractor1.jpg 720w, https:\/\/www.agriculture-machine.com\/wp-content\/uploads\/2020\/12\/farm-walking-tractor1-360x270.jpg 360w, https:\/\/www.agriculture-machine.com\/wp-content\/uploads\/2020\/12\/farm-walking-tractor1-240x180.jpg 240w\" sizes=\"auto, (max-width: 720px) 100vw, 720px\" \/><figcaption class=\"wp-element-caption\">Ph\u1ee5 ki\u1ec7n m\u00e1y k\u00e9o \u0111i b\u1ed9<\/figcaption><\/figure> <\/figure>    <h2 class=\"wp-block-heading\">C\u00e1c m\u1ee5c \u0111\u00edch s\u1eed d\u1ee5ng kh\u00e1c nhau c\u1ee7a m\u00e1y k\u00e9o \u0111i b\u1ed9&nbsp;<\/h2>    <h3 class=\"wp-block-heading\">C\u00e0y b\u1eeba<\/h3>    <p>M\u00e1y k\u00e9o \u0111i b\u1ed9 c\u00f3 c\u00e0y\u2014c\u00f2n g\u1ecdi l\u00e0 m\u00e1y k\u00e9o c\u00e0y \u0111i b\u1ed9. M\u00e1y n\u00e0y r\u1ea5t hi\u1ec7u qu\u1ea3, d\u1ec5 s\u1eed d\u1ee5ng v\u00e0 tuy\u1ec7t v\u1eddi \u0111\u1ec3 l\u00e0m l\u1ecfng \u0111\u1ea5t.<\/p>    <figure class=\"wp-block-embed aligncenter is-type-video is-provider-youtube wp-block-embed-youtube wp-embed-aspect-4-3 wp-has-aspect-ratio\"><div class=\"wp-block-embed__wrapper\"> <iframe loading=\"lazy\" title=\"m\u00e1y k\u00e9o \u0111i b\u1ed9\/ m\u00e1y k\u00e9o \u0111i b\u1ed9 c\u00f3 c\u00e0y\/r\u00e3nh \u0111\u1ea5t v\u1edbi m\u00e1y k\u00e9o \u0111i b\u1ed9\" width=\"500\" height=\"375\" src=\"https:\/\/www.youtube.com\/embed\/JB7ozo20LVk?feature=oembed\" frameborder=\"0\" allow=\"accelerometer; autoplay; clipboard-write; encrypted-media; gyroscope; picture-in-picture; web-share\" referrerpolicy=\"strict-origin-when-cross-origin\" allowfullscreen><\/iframe> <\/div><figcaption class=\"wp-element-caption\">m\u00e1y k\u00e9o c\u00f3 c\u00e0y<\/figcaption><\/figure>    <h3 class=\"wp-block-heading\">\u0110\u00e0o r\u00e3nh<\/h3>    <p>B\u1ea1n \u0111ang t\u00ecm gi\u1ea3i ph\u00e1p n\u00f4ng nghi\u1ec7p? H\u00e3y xem m\u00e1y k\u00e9o \u0111i b\u1ed9 v\u1edbi ph\u1ee5 ki\u1ec7n \u0111\u00e0o r\u00e3nh! B\u1ed9 combo m\u1ea1nh m\u1ebd n\u00e0y c\u00f3 th\u1ec3 x\u1eed l\u00fd g\u1ea7n nh\u01b0 m\u1ecdi nhu c\u1ea7u \u0111\u00e0o r\u00e3nh c\u1ee7a b\u1ea1n tr\u00ean trang tr\u1ea1i.<\/p>    <figure class=\"wp-block-embed aligncenter is-type-video is-provider-youtube wp-block-embed-youtube wp-embed-aspect-16-9 wp-has-aspect-ratio\"><div class=\"wp-block-embed__wrapper\"> <iframe loading=\"lazy\" title=\"m\u00e1y k\u00e9o \u0111i b\u1ed9 v\u1edbi R\u00e3nh\/m\u00e1y k\u00e9o \u0111i b\u1ed9 c\u00f3 r\u00e3nh\" width=\"500\" height=\"281\" src=\"https:\/\/www.youtube.com\/embed\/tmkBMoxVov0?feature=oembed\" frameborder=\"0\" allow=\"accelerometer; autoplay; clipboard-write; encrypted-media; gyroscope; picture-in-picture; web-share\" referrerpolicy=\"strict-origin-when-cross-origin\" allowfullscreen><\/iframe> <\/div><figcaption class=\"wp-element-caption\">m\u00e1y k\u00e9o \u0111i b\u1ed9 v\u1edbi \u0111\u00e0o r\u00e3nh<\/figcaption><\/figure>    <h3 class=\"wp-block-heading\">L\u00e0m r\u00e3nh<\/h3>    <p>M\u00e1y k\u00e9o \u0111i b\u1ed9 nh\u1ecf thi\u1ebft k\u1ebf \u0111\u1ec3 l\u00e0m r\u00e3nh\u2014c\u1ee5 th\u1ec3 l\u00e0, m\u00e1y k\u00e9o \u0111i b\u1ed9 l\u00e0m r\u00e3nh. <\/p>    <p>Lo\u1ea1i thi\u1ebft b\u1ecb n\u00e0y ph\u00f9 h\u1ee3p \u0111\u1ec3 tr\u1ed3ng c\u00e1c lo\u1ea1i c\u00e2y nh\u01b0 khoai lang, c\u00e0 chua, d\u00e2u t\u00e2y, khoai t\u00e2y, \u0111\u1eadu ph\u1ed9ng, c\u1ee7 c\u1ea3i v\u00e0 nhi\u1ec1u lo\u1ea1i kh\u00e1c.<\/p>    <figure class=\"wp-block-embed aligncenter is-type-video is-provider-youtube wp-block-embed-youtube wp-embed-aspect-16-9 wp-has-aspect-ratio\"><div class=\"wp-block-embed__wrapper\"> <iframe loading=\"lazy\" title=\"m\u00e1y k\u00e9o \u0111i b\u1ed9\/ m\u00e1y k\u00e9o \u0111i b\u1ed9 c\u00f3 r\u00e3nh\/ridger\" width=\"500\" height=\"281\" src=\"https:\/\/www.youtube.com\/embed\/QUPr2rJ2jhw?feature=oembed\" frameborder=\"0\" allow=\"accelerometer; autoplay; clipboard-write; encrypted-media; gyroscope; picture-in-picture; web-share\" referrerpolicy=\"strict-origin-when-cross-origin\" allowfullscreen><\/iframe> <\/div><figcaption class=\"wp-element-caption\">m\u00e1y k\u00e9o \u0111i b\u1ed9 c\u00f3 r\u00e3nh<\/figcaption><\/figure>    <h3 class=\"wp-block-heading\">X\u1edbi \u0111\u1ea5t quay<\/h3>    <p>B\u1ea1n \u0111ang t\u00ecm ki\u1ebfm m\u1ed9t c\u00f4ng c\u1ee5 m\u1ea1nh m\u1ebd cho nhu c\u1ea7u n\u00f4ng nghi\u1ec7p c\u1ee7a m\u00ecnh? H\u00e3y xem m\u00e1y k\u00e9o ch\u1ea1y d\u1ea7u diesel k\u1ebft h\u1ee3p v\u1edbi m\u00e1y x\u1edbi \u0111\u1ea5t quay! <\/p>    <p>This tiller, designed to work with a 15 Hp walking tractor, lets you dig anywhere from 6 to 10 inches deep. It&#8217;s similar to a rototiller, and its main job is to churn the soil, helping to aerate and break it up for better planting.<\/p>    <figure class=\"wp-block-embed aligncenter is-type-video is-provider-youtube wp-block-embed-youtube wp-embed-aspect-4-3 wp-has-aspect-ratio\"><div class=\"wp-block-embed__wrapper\"> <iframe loading=\"lazy\" title=\"m\u00e1y k\u00e9o \u0111i b\u1ed9\/ m\u00e1y k\u00e9o \u0111i b\u1ed9 c\u00f3 r\u00e3nh\" width=\"500\" height=\"375\" src=\"https:\/\/www.youtube.com\/embed\/IkBjgBirCS8?feature=oembed\" frameborder=\"0\" allow=\"accelerometer; autoplay; clipboard-write; encrypted-media; gyroscope; picture-in-picture; web-share\" referrerpolicy=\"strict-origin-when-cross-origin\" allowfullscreen><\/iframe> <\/div><figcaption class=\"wp-element-caption\">m\u00e1y k\u00e9o \u0111i b\u1ed9 c\u00f3 quay \u0111\u1ea5t<\/figcaption><\/figure>    <h2 class=\"wp-block-heading\">M\u00e1y k\u00e9o \u0111i b\u1ed9 c\u00f3 <a href=\"https:\/\/www.agriculture-machine.com\/vi\/corn-planter\/\">m\u00e1y gieo ng\u00f4<\/a> v\u00e0 gieo h\u1ea1t l\u00faa m\u00ec<\/h2>    <p>N\u1ebfu b\u1ea1n k\u1ebft h\u1ee3p m\u00e1y gieo h\u1ea1t ng\u00f4 ho\u1eb7c m\u00e1y gieo h\u1ea1t l\u00faa m\u00ec v\u1edbi m\u00e1y k\u00e9o \u0111i b\u1ed9 nh\u1ecf c\u1ee7a m\u00ecnh, b\u1ea1n c\u00f3 th\u1ec3 tr\u1ed3ng h\u1ea1t gi\u1ed1ng c\u1ee7a m\u00ecnh hi\u1ec7u qu\u1ea3 ngay v\u00e0o \u0111\u1ea5t n\u01a1i ch\u00fang c\u00f3 th\u1ec3 ph\u00e1t tri\u1ec3n t\u1ed1t. <\/p>    <p>C\u00e1ch ti\u1ebfp c\u1eadn n\u00e0y gi\u00fap t\u0103ng \u0111\u00e1ng k\u1ec3 t\u1ef7 l\u1ec7 s\u1ed1ng c\u1ee7a h\u1ea1t gi\u1ed1ng v\u00e0 n\u00e2ng cao ch\u1ea5t l\u01b0\u1ee3ng c\u00e2y gi\u1ed1ng.<\/p>    <figure class=\"wp-block-gallery has-nested-images columns-default is-cropped wp-block-gallery-3 is-layout-flex wp-block-gallery-is-layout-flex\"> <figure class=\"wp-block-image size-large\"><img loading=\"lazy\" decoding=\"async\" width=\"720\" height=\"540\" data-id=\"12864\" src=\"https:\/\/www.agriculture-machine.com\/wp-content\/uploads\/2020\/12\/manual-walking-tractor-with-corn-planter-2.jpg\" alt=\"m\u00e1y k\u00e9o \u0111i b\u1ed9 c\u00f3 m\u00e1y gieo h\u1ea1t ng\u00f4\" class=\"wp-image-12864\" srcset=\"https:\/\/www.agriculture-machine.com\/wp-content\/uploads\/2020\/12\/manual-walking-tractor-with-corn-planter-2.jpg 720w, https:\/\/www.agriculture-machine.com\/wp-content\/uploads\/2020\/12\/manual-walking-tractor-with-corn-planter-2-360x270.jpg 360w, https:\/\/www.agriculture-machine.com\/wp-content\/uploads\/2020\/12\/manual-walking-tractor-with-corn-planter-2-240x180.jpg 240w\" sizes=\"auto, (max-width: 720px) 100vw, 720px\" \/><figcaption class=\"wp-element-caption\">m\u00e1y k\u00e9o \u0111i b\u1ed9 c\u00f3 m\u00e1y gieo h\u1ea1t ng\u00f4 <\/figcaption><\/figure>    <figure class=\"wp-block-image size-large\"><img loading=\"lazy\" decoding=\"async\" width=\"720\" height=\"540\" data-id=\"12863\" src=\"https:\/\/www.agriculture-machine.com\/wp-content\/uploads\/2020\/12\/walking-tractor-with-wheat-seeder-2.jpg\" alt=\"m\u00e1y k\u00e9o \u0111i b\u1ed9 gieo l\u00faa m\u00ec\" class=\"wp-image-12863\" srcset=\"https:\/\/www.agriculture-machine.com\/wp-content\/uploads\/2020\/12\/walking-tractor-with-wheat-seeder-2.jpg 720w, https:\/\/www.agriculture-machine.com\/wp-content\/uploads\/2020\/12\/walking-tractor-with-wheat-seeder-2-360x270.jpg 360w, https:\/\/www.agriculture-machine.com\/wp-content\/uploads\/2020\/12\/walking-tractor-with-wheat-seeder-2-240x180.jpg 240w\" sizes=\"auto, (max-width: 720px) 100vw, 720px\" \/><figcaption class=\"wp-element-caption\">m\u00e1y k\u00e9o \u0111i b\u1ed9 gieo l\u00faa m\u00ec<\/figcaption><\/figure> <\/figure>    <h2 class=\"wp-block-heading\">M\u00e1y k\u00e9o \u0111i b\u1ed9 \u0111\u01a1n gi\u1ea3n c\u00f3 r\u01a1 mo\u00f3c<\/h2>    <p>Khi b\u1ea1n k\u1ebft h\u1ee3p r\u01a1 mo\u00f3c v\u1edbi m\u00e1y k\u00e9o \u0111i b\u1ed9 c\u1ea7m tay, n\u00f3 m\u1edf ra m\u1ed9t th\u1ebf gi\u1edbi c\u00e1c kh\u1ea3 n\u0103ng v\u1eadn chuy\u1ec3n \u0111a \u0111\u1ecba h\u00ecnh. <\/p>    <p>Th\u00eam v\u00e0o \u0111\u00f3, n\u00f3 th\u1ef1c s\u1ef1 m\u1edf r\u1ed9ng ph\u1ea1m vi c\u00e1c nhi\u1ec7m v\u1ee5 m\u00e0 m\u00e1y k\u00e9o \u0111i b\u1ed9 c\u00f3 th\u1ec3 x\u1eed l\u00fd tr\u00ean trang tr\u1ea1i \u0111a d\u1ea1ng c\u1ee7a b\u1ea1n. V\u00ed d\u1ee5, ch\u00fang c\u00f3 th\u1ec3 v\u1eadn chuy\u1ec3n hi\u1ec7u qu\u1ea3 c\u00e2y tr\u1ed3ng t\u1eeb c\u00e1c c\u00e1nh \u0111\u1ed3ng, m\u00e1y n\u00e9n r\u01a1m, v\u01b0\u1eddn c\u00e2y ho\u1eb7c \u0111\u1ed3ng c\u1ecf.<\/p>    <figure class=\"wp-block-image aligncenter size-full\"><img loading=\"lazy\" decoding=\"async\" width=\"720\" height=\"540\" src=\"https:\/\/www.agriculture-machine.com\/wp-content\/uploads\/2020\/12\/walking-tractor-with-trailer1.jpg\" alt=\"m\u00e1y k\u00e9o c\u00f3 r\u01a1 mo\u00f3c\" class=\"wp-image-12867\" srcset=\"https:\/\/www.agriculture-machine.com\/wp-content\/uploads\/2020\/12\/walking-tractor-with-trailer1.jpg 720w, https:\/\/www.agriculture-machine.com\/wp-content\/uploads\/2020\/12\/walking-tractor-with-trailer1-360x270.jpg 360w, https:\/\/www.agriculture-machine.com\/wp-content\/uploads\/2020\/12\/walking-tractor-with-trailer1-240x180.jpg 240w\" sizes=\"auto, (max-width: 720px) 100vw, 720px\" \/><figcaption class=\"wp-element-caption\">m\u00e1y k\u00e9o c\u00f3 r\u01a1 mo\u00f3c<\/figcaption><\/figure>    <h2 class=\"wp-block-heading\"><a href=\"https:\/\/www.agriculture-machine.com\/vi\/how-much-is-the-price-of-a-farm-walking-tractor\/\">Gi\u00e1 m\u00e1y k\u00e9o nh\u1ecf<\/a><\/h2>    <p>M\u00e1y k\u00e9o \u0111i b\u1ed9 c\u1ee7a ch\u00fang t\u00f4i c\u00f3 nhi\u1ec1u c\u00f4ng su\u1ea5t kh\u00e1c nhau, v\u00e0 ch\u00fang c\u00f3 th\u1ec3 k\u1ebft h\u1ee3p v\u1edbi nhi\u1ec1u d\u1ee5ng c\u1ee5 n\u00f4ng nghi\u1ec7p \u0111\u1ec3 x\u1eed l\u00fd t\u1ea5t c\u1ea3 c\u00e1c nhi\u1ec7m v\u1ee5 n\u00f4ng tr\u1ea1i. <\/p>    <p>Whether you&#8217;re plowing, rotary tilling, ridging, or sowing, our machines have got you covered. If you&#8217;re interested in learning more about our walking tractors, feel free to reach out to us!<\/p>    <figure class=\"wp-block-table is-style-stripes\"><table><tbody><tr><td> <p>M\u1eabu<\/p> <\/td><td colspan=\"2\"> <p>&nbsp;M\u00e1y k\u00e9o \u0111i b\u1ed9 15HP<\/p> <\/td><\/tr><tr><td> <p>Th\u00f4ng s\u1ed1 k\u1ef9 thu\u1eadt \u0111\u1ed9ng c\u01a1<\/p> <\/td><td> <p>M\u1eabu m\u00e3 \u0111\u1ed9ng c\u01a1<\/p> <\/td><td> <p>ZS1100<\/p> <\/td><\/tr><tr><td>&nbsp;<\/td><td><p>Lo\u1ea1i \u0111\u1ed9ng c\u01a1<\/p><\/td><td> <p>Lo\u1ea1i \u0111\u01a1n, ngang, l\u00e0m m\u00e1t b\u1eb1ng n\u01b0\u1edbc, b\u1ed1n th\u00ec<\/p> <\/td><\/tr><tr><td>&nbsp;<\/td><td> <p>Ph\u01b0\u01a1ng ph\u00e1p kh\u1edfi \u0111\u1ed9ng<\/p> <\/td><td> <p>Kh\u1edfi \u0111\u1ed9ng b\u1eb1ng tay\/kh\u1edfi \u0111\u1ed9ng b\u1eb1ng \u0111i\u1ec7n<\/p> <\/td><\/tr><tr><td>&nbsp;<\/td><td><p>H\u1ec7 th\u1ed1ng \u0111\u1ed1t ch\u00e1y<\/p><\/td><td> <p>Ti\u00eam tr\u1ef1c ti\u1ebfp<\/p> <\/td><\/tr><tr><td>&nbsp;<\/td><td> <p>Ph\u01b0\u01a1ng ph\u00e1p l\u00e0m m\u00e1t<\/p> <\/td><td> <p>Bay h\u01a1i\/ng\u01b0ng t\u1ee5<\/p> <\/td><\/tr><tr><td>&nbsp;<\/td><td> <p>C\u00f4ng su\u1ea5t<\/p> <\/td><td> <p>1 gi\u1edd: 12.13kw\/16hp<\/p> <\/td><\/tr><tr><td>&nbsp;<\/td><td>&nbsp;<\/td><td> <p>12 gi\u1edd: 11.03kw\/15hp<\/p> <\/td><\/tr><tr><td> <p>K\u00edch th\u01b0\u1edbc\uff08D\u00e0i x R\u1ed9ng x Cao\uff09<\/p> <\/td><td colspan=\"2\"> <p>2680\u00d7960\u00d71250mm<\/p> <\/td><\/tr><tr><td><p>Kho\u1ea3ng c\u00e1ch t\u1ed1i thi\u1ec3u t\u1eeb m\u1eb7t \u0111\u1ea5t<\/p><\/td><td colspan=\"2\"> <p>185mm<\/p> <\/td><\/tr><tr><td> <p>Chi\u1ec1u d\u00e0i c\u01a1 s\u1edf<\/p> <\/td><td colspan=\"2\"> <p>580-600mm<\/p> <\/td><\/tr><tr><td> <p>Tr\u1ecdng l\u01b0\u1ee3ng<\/p> <\/td><td colspan=\"2\"> <p>Tr\u1ecdng l\u01b0\u1ee3ng: 350kg<\/p> <\/td><\/tr><tr><td><p>M\u1eabu l\u1ed1p<\/p><\/td><td colspan=\"2\"> <p>6.00-12<\/p> <\/td><\/tr><tr><td><p>\u00c1p su\u1ea5t l\u1ed1p<\/p><\/td><td><p>C\u00f4ng vi\u1ec7c ngo\u00e0i \u0111\u1ed3ng<\/p><\/td><td> <p>80~200(0.8~2.0kgf\/cm2)<sup>2<\/sup>)<\/p> <\/td><\/tr><tr><td>&nbsp;<\/td><td><p>C\u00f4ng vi\u1ec7c v\u1eadn chuy\u1ec3n<\/p><\/td><td> <p>140-200(1.4~2.0kgf\/cm2\u00a0)<\/p> <\/td><\/tr><\/tbody><\/table><figcaption class=\"wp-element-caption\">Th\u00f4ng s\u1ed1 k\u1ef9 thu\u1eadt c\u1ee7a m\u00e1y k\u00e9o \u0111i b\u1ed9 hai b\u00e1nh<\/figcaption><\/figure>    <h2 class=\"wp-block-heading\" id=\"h-maintenance-of-the-two-wheel-walking-tractor\">B\u1ea3o tr\u00ec m\u00e1y k\u00e9o hai b\u00e1nh<\/h2>    <p>If a walk-behind tractor sits idle for an extended period, it can run into some issues. To prevent any problems when you decide to use it again, it&#8217;s important to take some maintenance steps.<\/p>    <ul class=\"wp-block-list\"> <li>Tr\u01b0\u1edbc ti\u00ean, h\u00e3y ngh\u0129 v\u1ec1 n\u01a1i \u0111\u1ec3 xe. T\u1ed1t nh\u1ea5t, b\u1ea1n n\u00ean c\u1ea5t n\u00f3 trong nh\u00e0 kho, nh\u01b0ng \u0111\u1ea3m b\u1ea3o kh\u00f4ng \u0111\u1ec3 g\u1ea7n ph\u00e2n b\u00f3n h\u00f3a h\u1ecdc ho\u1eb7c thu\u1ed1c tr\u1eeb s\u00e2u \u0111\u1ec3 tr\u00e1nh \u0103n m\u00f2n c\u00e1c b\u1ed9 ph\u1eadn.<\/li>    <li>N\u1ebfu b\u1ea1n ph\u1ea3i \u0111\u1ec3 n\u00f3 ngo\u00e0i tr\u1eddi, h\u00e3y ch\u1ecdn m\u1ed9t ch\u1ed7 cao, kh\u00f4 r\u00e1o v\u00e0 tho\u00e1ng kh\u00ed, v\u00e0 che n\u00f3 b\u1eb1ng nilon \u0111\u1ec3 b\u1ea3o v\u1ec7 kh\u1ecfi h\u01b0 h\u1ecfng c\u01a1 h\u1ecdc v\u00e0 r\u1ec9 s\u00e9t.<\/li>    <li>S\u1eed d\u1ee5ng c\u00e1c kh\u1ed1i g\u1ed7 ho\u1eb7c g\u1ea1ch \u0111\u1ec3 n\u00e2ng \u0111\u1ee1 m\u00e1y k\u00e9o v\u00e0 gi\u1ea3m \u00e1p l\u1ef1c l\u00ean l\u1ed1p. N\u1ebfu kh\u00f4ng th\u1ec3 cung c\u1ea5p h\u1ed7 tr\u1ee3 \u0111\u00f3, h\u00e3y \u0111\u1ea3m b\u1ea3o b\u01a1m l\u1ed1p \u0111\u1ebfn m\u1ee9c 10% \u0111\u1ebfn 20% cao h\u01a1n b\u00ecnh th\u01b0\u1eddng v\u00e0 ki\u1ec3m tra th\u01b0\u1eddng xuy\u00ean \u0111\u1ec3 gi\u1eef l\u1ed1p \u0111\u00fang \u00e1p su\u1ea5t.<\/li>    <li>Make sure to scrub off any dirt and oil from the tractor&#8217;s exterior, and give it a thorough inspection. Adjust and tighten all parts and screws to prevent any loosening or falling off.<\/li>    <li>Khi n\u00f3i \u0111\u1ebfn ch\u1ea5t l\u1ecfng, sau khi m\u00e1y k\u00e9o kh\u00f4ng ho\u1ea1t \u0111\u1ed9ng, x\u1ea3 n\u01b0\u1edbc l\u00e0m m\u00e1t, d\u1ea7u diesel v\u00e0 d\u1ea7u \u0111\u1ed9ng c\u01a1. Sau \u0111\u00f3, khi b\u1ea1n s\u1eb5n s\u00e0ng s\u1eed d\u1ee5ng l\u1ea1i, \u0111\u1ed5 \u0111\u1ea7y d\u1ea7u s\u1ea1ch v\u00e0 n\u01b0\u1edbc.<\/li>    <li>\u0110\u1ed5 m\u1ed9t l\u01b0\u1ee3ng d\u1ea7u \u0111\u1ed9ng c\u01a1 kh\u00f4 ph\u00f9 h\u1ee3p v\u00e0o \u1ed1ng h\u00fat kh\u00ed v\u00e0 quay tr\u1ee5c khu\u1ef7u \u0111\u1ec3 \u0111\u1ea3m b\u1ea3o d\u1ea7u ph\u1ee7 l\u00ean piston, thanh piston, \u1ed1ng xi-lanh v\u00e0 van.<\/li>    <li>\u0110\u1ed1i v\u1edbi v\u00f2i phun, th\u00e1o n\u00f3 ra, l\u00e0m s\u1ea1ch v\u00e0 \u0111\u1eb7t v\u00e0o d\u1ea7u diesel s\u1ea1ch. N\u1edbi l\u1ecfng v\u00edt \u0111i\u1ec1u ch\u1ec9nh v\u00e0 b\u1ecbt l\u1ed7 v\u00f2i phun b\u1eb1ng m\u1ed9t mi\u1ebfng g\u1ed7.<\/li>    <li>Cu\u1ed1i c\u00f9ng, \u0111\u1ed5 d\u1ea7u v\u00e0o h\u1ed9p tr\u1ee5c. \u0110\u1ed5 1kg d\u1ea7u \u0111\u1ed9ng c\u01a1 kh\u00f4 v\u00e0o h\u1ed9p tr\u1ee5c khu\u1ef7u, sau \u0111\u00f3 quay tr\u1ee5c khu\u1ef7u v\u00e0i l\u1ea7n \u0111\u1ec3 \u0111\u1ea3m b\u1ea3o h\u1ec7 th\u1ed1ng b\u00f4i tr\u01a1n \u0111\u00e3 \u0111\u01b0\u1ee3c \u0111\u1ed5 \u0111\u1ea7y d\u1ea7u.<\/li> <\/ul>    <p>&nbsp;<\/p>    <p>N\u1ebfu quan t\u00e2m \u0111\u1ebfn m\u00e1y k\u00e9o \u0111i b\u1ed9 n\u00f4ng nghi\u1ec7p c\u1ee7a ch\u00fang t\u00f4i, xin vui l\u00f2ng li\u00ean h\u1ec7 v\u1edbi ch\u00fang t\u00f4i, ch\u00fang t\u00f4i s\u1ebd ch\u1ebf t\u1ea1o m\u00e1y ph\u00f9 h\u1ee3p nh\u1ea5t cho b\u1ea1n.<\/p>","protected":false},"excerpt":{"rendered":"<p>M\u00e1y k\u00e9o \u0111i b\u1ed9 n\u00f4ng nghi\u1ec7p th\u01b0\u1eddng c\u00f3 hai b\u00e1nh. N\u00f3 c\u00f3 th\u1ec3 \u0111\u01b0\u1ee3c \u0111i\u1ec1u khi\u1ec3n b\u1edfi m\u1ed9t ng\u01b0\u1eddi. N\u00f3 c\u00f3 th\u1ec3 l\u00e0m vi\u1ec7c v\u1edbi c\u00e1c m\u00e1y m\u00f3c n\u00f4ng nghi\u1ec7p kh\u00e1c nhau nh\u01b0 m\u00e1y c\u00e0y, r\u01a1 mo\u00f3c, m\u00e1y x\u1edbi \u0111\u1ea5t, m\u00e1y gieo h\u1ea1t, m\u00e1y thu ho\u1ea1ch, v.v.<\/p>","protected":false},"author":1,"featured_media":12797,"parent":0,"comment_status":"closed","ping_status":"closed","template":"","tags":[698],"product-type":[878],"class_list":["post-8326","product","type-product","status-publish","has-post-thumbnail","hentry","tag-tractor","product-type-manual-tractor"],"_links":{"self":[{"href":"https:\/\/www.agriculture-machine.com\/vi\/wp-json\/wp\/v2\/product\/8326","targetHints":{"allow":["GET"]}}],"collection":[{"href":"https:\/\/www.agriculture-machine.com\/vi\/wp-json\/wp\/v2\/product"}],"about":[{"href":"https:\/\/www.agriculture-machine.com\/vi\/wp-json\/wp\/v2\/types\/product"}],"author":[{"embeddable":true,"href":"https:\/\/www.agriculture-machine.com\/vi\/wp-json\/wp\/v2\/users\/1"}],"replies":[{"embeddable":true,"href":"https:\/\/www.agriculture-machine.com\/vi\/wp-json\/wp\/v2\/comments?post=8326"}],"wp:featuredmedia":[{"embeddable":true,"href":"https:\/\/www.agriculture-machine.com\/vi\/wp-json\/wp\/v2\/media\/12797"}],"wp:attachment":[{"href":"https:\/\/www.agriculture-machine.com\/vi\/wp-json\/wp\/v2\/media?parent=8326"}],"wp:term":[{"taxonomy":"post_tag","embeddable":true,"href":"https:\/\/www.agriculture-machine.com\/vi\/wp-json\/wp\/v2\/tags?post=8326"},{"taxonomy":"product-type","embeddable":true,"href":"https:\/\/www.agriculture-machine.com\/vi\/wp-json\/wp\/v2\/product-type?post=8326"}],"curies":[{"name":"wp","href":"https:\/\/api.w.org\/{rel}","templated":true}]}}