{"id":90,"date":"2018-07-12T03:02:30","date_gmt":"2018-07-11T19:02:30","guid":{"rendered":"https:\/\/www.agriculture-machine.com\/?p=90"},"modified":"2024-10-24T14:11:29","modified_gmt":"2024-10-24T06:11:29","slug":"maize-peeler-and-thresher","status":"publish","type":"product","link":"https:\/\/www.agriculture-machine.com\/vi\/maize-peeler-and-thresher\/","title":{"rendered":"M\u00e1y \u0111\u1eadp ng\u00f4 | M\u00e1y t\u00e1ch v\u1ecf ng\u00f4 | M\u00e1y t\u00e1ch v\u1ecf v\u00e0 m\u00e1y \u0111\u1eadp ng\u00f4"},"content":{"rendered":"<div class=\"img\"> <h2>Gi\u1edbi thi\u1ec7u ng\u1eafn g\u1ecdn v\u1ec1 m\u00e1y t\u00e1ch v\u1ecf ng\u00f4<\/h2> <p class=\"translation-block\"><a href=\"https:\/\/www.agriculture-machine.com\/vi\/maize-sheller\/\">M\u00e1y xay x\u01a1 ng\u00f4<\/a> \u0111\u1ec1 c\u1eadp \u0111\u1ebfn m\u1ed9t thi\u1ebft b\u1ecb c\u01a1 kh\u00ed \u0111\u1ec3 xay x\u01a1 ng\u00f4. M\u00e1y xay x\u01a1 ng\u00f4 c\u00f3 \u0111\u1eb7c \u0111i\u1ec3m t\u1ef1 \u0111\u1ed9ng cao, an to\u00e0n m\u1ea1nh m\u1ebd, v\u1eadn h\u00e0nh \u0111\u01a1n gi\u1ea3n, ti\u00eau th\u1ee5 n\u0103ng l\u01b0\u1ee3ng th\u1ea5p.<\/p> <p class=\"translation-block\">Ph\u1ea7n b\u00ean trong c\u1ee7a <a href=\"https:\/\/www.agriculture-machine.com\/vi\/corn-thresher-a-good-helper-for-farmers\/\"><strong>m\u00e1y t\u00e1ch v\u1ecf ng\u00f4<\/strong><\/a> l\u00e0 c\u1ea5u tr\u00fac l\u00ean xu\u1ed1ng, v\u00e0 v\u1ecf ng\u00f4 tr\u01b0\u1edbc ti\u00ean \u0111\u01b0\u1ee3c b\u00f3c v\u1ecf r\u1ed3i xay x\u01a1. Thanh s\u1eaft h\u00ecnh tr\u1ee5 l\u00e0 ph\u1ea7n quan tr\u1ecdng gi\u00fap gi\u1eef cho v\u1ecf v\u00e0 h\u1ea1t kh\u00f4ng b\u1ecb v\u1ee1. V\u1edbi thi\u1ebft k\u1ebf h\u1ee3p l\u00fd v\u00e0 c\u00f4ng su\u1ea5t cao, m\u00e1y t\u00e1ch v\u1ecf ng\u00f4 n\u00e0y th\u1ef1c s\u1ef1 l\u00e0 m\u1ed9t c\u00f4ng c\u1ee5 h\u1eefu \u00edch cho n\u00f4ng d\u00e2n, ph\u00f9 h\u1ee3p cho s\u1eed d\u1ee5ng t\u1ea1i nh\u00e0 ho\u1eb7c c\u00f4ng nghi\u1ec7p, n\u00e2ng cao hi\u1ec7u qu\u1ea3 l\u00e0m vi\u1ec7c.<\/p> <\/div>    <figure class=\"wp-block-image alignnone size-full wp-image-8656\"><img loading=\"lazy\" decoding=\"async\" width=\"720\" height=\"540\" src=\"https:\/\/www.agriculture-machine.com\/wp-content\/uploads\/2018\/07\/Cylindroid-hammer-of-corn-sheller.jpg\" alt=\"Cylindroid-hammer-of-corn-sheller\" class=\"wp-image-8656\" srcset=\"https:\/\/www.agriculture-machine.com\/wp-content\/uploads\/2018\/07\/Cylindroid-hammer-of-corn-sheller.jpg 720w, https:\/\/www.agriculture-machine.com\/wp-content\/uploads\/2018\/07\/Cylindroid-hammer-of-corn-sheller-360x270.jpg 360w, https:\/\/www.agriculture-machine.com\/wp-content\/uploads\/2018\/07\/Cylindroid-hammer-of-corn-sheller-240x180.jpg 240w\" sizes=\"auto, (max-width: 720px) 100vw, 720px\" \/><figcaption class=\"wp-element-caption\">Cylindroid-hammer-of-corn-sheller<\/figcaption><\/figure>    <h2 class=\"wp-block-heading\">Video l\u00e0m vi\u1ec7c c\u1ee7a m\u00e1y xay x\u01a1 ng\u00f4<\/h2>   <p><iframe loading=\"lazy\" title=\"C\u00f4ng ngh\u1ec7 cao 1.5t\/h m\u00e1y t\u00e1ch v\u1ecf ng\u00f4 \/ m\u00e1y xay x\u01a1 ng\u00f4 \/ gi\u00e1 m\u00e1y xay x\u01a1 ng\u00f4 c\u1ee7a nh\u00e0 m\u00e1y\" width=\"500\" height=\"281\" src=\"https:\/\/www.youtube.com\/embed\/1I_5hDldvw4?feature=oembed\" frameborder=\"0\" allow=\"accelerometer; autoplay; clipboard-write; encrypted-media; gyroscope; picture-in-picture; web-share\" referrerpolicy=\"strict-origin-when-cross-origin\" allowfullscreen><\/iframe><\/p>    <figure class=\"wp-block-image aligncenter\"><img loading=\"lazy\" decoding=\"async\" width=\"500\" height=\"600\" src=\"https:\/\/www.agriculture-machine.com\/wp-content\/uploads\/2018\/07\/corn-shelling-machine-8.jpg\" alt=\"\" class=\"wp-image-2891\" srcset=\"https:\/\/www.agriculture-machine.com\/wp-content\/uploads\/2018\/07\/corn-shelling-machine-8.jpg 500w, https:\/\/www.agriculture-machine.com\/wp-content\/uploads\/2018\/07\/corn-shelling-machine-8-225x270.jpg 225w, https:\/\/www.agriculture-machine.com\/wp-content\/uploads\/2018\/07\/corn-shelling-machine-8-450x540.jpg 450w\" sizes=\"auto, (max-width: 500px) 100vw, 500px\" \/><\/figure>    <h2 class=\"wp-block-heading\">C\u00f4ng su\u1ea5t ph\u00f9 h\u1ee3p c\u1ee7a m\u00e1y t\u00e1ch v\u1ecf ng\u00f4<\/h2>    <p>To meet customer&#8217;s different requirements, our maize thresher can be driven by a 2.2KW motor, 170F gasoline engine, or 8 HP diesel engine.<\/p>    <figure class=\"wp-block-image aligncenter\"><img loading=\"lazy\" decoding=\"async\" width=\"500\" height=\"600\" src=\"https:\/\/www.agriculture-machine.com\/wp-content\/uploads\/2018\/07\/corn-shelling-machine-9.jpg\" alt=\"\" class=\"wp-image-2892\" srcset=\"https:\/\/www.agriculture-machine.com\/wp-content\/uploads\/2018\/07\/corn-shelling-machine-9.jpg 500w, https:\/\/www.agriculture-machine.com\/wp-content\/uploads\/2018\/07\/corn-shelling-machine-9-225x270.jpg 225w, https:\/\/www.agriculture-machine.com\/wp-content\/uploads\/2018\/07\/corn-shelling-machine-9-450x540.jpg 450w\" sizes=\"auto, (max-width: 500px) 100vw, 500px\" \/><\/figure>    <h2 class=\"wp-block-heading\">\u01afu \u0111i\u1ec3m c\u1ee7a m\u00e1y xay x\u01a1 ng\u00f4<\/h2>    <ol class=\"wp-block-list\"> <li>Qu\u1ea1t h\u00fat c\u00f3 th\u1ec3 h\u00fat b\u1ee5i b\u1ea9n t\u1eeb v\u1ecf ng\u00f4, nh\u01b0 t\u01a1 ng\u00f4, v\u1ecf ng\u00f4, b\u1ee5i, v.v.<\/li>    <li>Nh\u1edd c\u00f3 b\u1ed1n b\u00e1nh xe, m\u00e1y t\u00e1ch v\u1ecf ng\u00f4 d\u1ec5 d\u00e0ng l\u1eafp \u0111\u1eb7t v\u00e0 di chuy\u1ec3n trong qu\u00e1 tr\u00ecnh v\u1eadn h\u00e0nh, v\u00e0 n\u01a1i l\u00e0m vi\u1ec7c c\u1ee7a m\u00e1y xay x\u01a1 ng\u00f4 kh\u00f4ng b\u1ecb h\u1ea1n ch\u1ebf.<\/li>    <li>M\u00e1y xay x\u01a1 ng\u00f4 c\u00f3 hai ch\u1ee9c n\u0103ng, m\u1ed9t l\u00e0 lo\u1ea1i b\u1ecf v\u1ecf ng\u00f4, v\u00e0 ch\u1ee9c n\u0103ng c\u00f2n l\u1ea1i l\u00e0 xay x\u01a1 ng\u00f4, gi\u00fap ti\u1ebft ki\u1ec7m th\u1eddi gian lao \u0111\u1ed9ng v\u00e0 chi ph\u00ed so v\u1edbi m\u00e1y c\u00f3 ch\u1ee9c n\u0103ng \u0111\u01a1n.<\/li>    <li>Hi\u1ec7u qu\u1ea3 cao l\u00e0 \u0111\u1eb7c \u0111i\u1ec3m n\u1ed5i b\u1eadt nh\u1ea5t c\u1ee7a n\u00f3, c\u00f3 th\u1ec3 thu \u0111\u01b0\u1ee3c 1-1,5 t\u1ea5n h\u1ea1t ng\u00f4 m\u1ed7i gi\u1edd. B\u1edfi v\u00ec ch\u1ee9c n\u0103ng b\u00f3c v\u1ecf v\u00e0 xay x\u01a1 c\u00f3 th\u1ec3 th\u1ef1c hi\u1ec7n \u0111\u1ed3ng th\u1eddi. \u0110i\u1ec1u quan tr\u1ecdng nh\u1ea5t l\u00e0 t\u1ef7 l\u1ec7 xay x\u01a1 \u0111\u1ea1t 97%, c\u00f3 ngh\u0129a l\u00e0 h\u1ea7u h\u1ebft c\u00e1c h\u1ea1t \u0111\u1ec1u c\u00f2n nguy\u00ean v\u1eb9n.<\/li>    <li>T\u1ef7 l\u1ec7 v\u1ee1 th\u1ea5p. N\u00f3 d\u01b0\u1edbi 3%.<\/li> <\/ol>    <figure class=\"wp-block-image aligncenter size-full wp-image-9072\"><img loading=\"lazy\" decoding=\"async\" width=\"500\" height=\"600\" src=\"https:\/\/www.agriculture-machine.com\/wp-content\/uploads\/2018\/07\/corn-thresher-machine.jpg\" alt=\"m\u00e1y xay x\u01a1 ng\u00f4\" class=\"wp-image-9072\" srcset=\"https:\/\/www.agriculture-machine.com\/wp-content\/uploads\/2018\/07\/corn-thresher-machine.jpg 500w, https:\/\/www.agriculture-machine.com\/wp-content\/uploads\/2018\/07\/corn-thresher-machine-225x270.jpg 225w, https:\/\/www.agriculture-machine.com\/wp-content\/uploads\/2018\/07\/corn-thresher-machine-450x540.jpg 450w\" sizes=\"auto, (max-width: 500px) 100vw, 500px\" \/><figcaption class=\"wp-element-caption\">m\u00e1y xay x\u01a1 ng\u00f4<\/figcaption><\/figure>    <h2 class=\"wp-block-heading\">Th\u00f4ng s\u1ed1 k\u1ef9 thu\u1eadt c\u1ee7a m\u00e1y t\u00e1ch v\u1ecf ng\u00f4<\/h2>    <figure class=\"wp-block-table is-style-stripes\"><table><tbody><tr><td>M\u1eabu<\/td><td>SL-AB2<\/td><\/tr><tr><td>C\u00f4ng su\u1ea5t<\/td><td>2.2kw<\/td><\/tr><tr><td>Dung t\u00edch<\/td><td>1-1,5 t\u1ea5n\/gi\u1edd<\/td><\/tr><tr><td>Tr\u1ecdng l\u01b0\u1ee3ng<\/td><td>110kg<\/td><\/tr><tr><td>K\u00edch th\u01b0\u1edbc<\/td><td>1050*500*1300mm<\/td><\/tr><\/tbody><\/table><figcaption class=\"wp-element-caption\">Th\u00f4ng s\u1ed1 k\u1ef9 thu\u1eadt chi ti\u1ebft c\u1ee7a m\u00e1y xay x\u01a1 ng\u00f4<\/figcaption><\/figure>    <h2 class=\"wp-block-heading\">M\u1ed9t tr\u01b0\u1eddng h\u1ee3p th\u00e0nh c\u00f4ng c\u1ee7a m\u00e1y t\u00e1ch v\u1ecf ng\u00f4<\/h2>    <p class=\"translation-block\">Ch\u00fang t\u00f4i \u0111\u00e3 b\u00e1n nhi\u1ec1u container m\u00e1y xay x\u01a1 ng\u00f4 ra n\u01b0\u1edbc ngo\u00e0i, nh\u01b0 m\u00e1y cho Pakistan  \u0111\u1eb7c bi\u1ec7t l\u00e0 th\u1ecb tr\u01b0\u1eddng ch\u00e2u Phi , (Nigeria, Ghana, Kenya, Morocco, v.v.). <\/p>    <p>M\u00e1y xay x\u01a1 ng\u00f4 n\u00e0y \u0111\u01b0\u1ee3c kh\u00e1ch h\u00e0ng c\u1ee7a ch\u00fang t\u00f4i r\u1ea5t \u01b0a chu\u1ed9ng, \u0111\u00f3 l\u00e0 l\u00fd do t\u1ea1i sao n\u00f3 l\u00e0 m\u1eb7t h\u00e0ng b\u00e1n ch\u1ea1y nh\u1ea5t trong nh\u00e0 m\u00e1y c\u1ee7a ch\u00fang t\u00f4i. <\/p>    <p>G\u1ea7n \u0111\u00e2y, ch\u00fang t\u00f4i \u0111\u00e3 giao 1500 b\u1ed9 m\u00e1y b\u00f3c v\u1ecf ng\u00f4 cho Zimbabwe nh\u01b0 m\u1ed9t \u0111\u01a1n \u0111\u1eb7t h\u00e0ng c\u1ee7a ch\u00ednh ph\u1ee7, m\u1ea5t m\u1ed9t th\u00e1ng \u0111\u1ec3 ho\u00e0n th\u00e0nh \u0111\u01a1n h\u00e0ng n\u00e0y v\u00e0 \u0111\u00f3ng g\u00f3i c\u1ea9n th\u1eadn \u0111\u1ec3 \u0111\u1ea3m b\u1ea3o giao h\u00e0ng an to\u00e0n.<\/p>    <figure class=\"wp-block-image aligncenter\"><img loading=\"lazy\" decoding=\"async\" width=\"500\" height=\"600\" src=\"https:\/\/www.agriculture-machine.com\/wp-content\/uploads\/2018\/07\/corn-shelling-machine-5.jpg\" alt=\"\" class=\"wp-image-2888\" srcset=\"https:\/\/www.agriculture-machine.com\/wp-content\/uploads\/2018\/07\/corn-shelling-machine-5.jpg 500w, https:\/\/www.agriculture-machine.com\/wp-content\/uploads\/2018\/07\/corn-shelling-machine-5-225x270.jpg 225w, https:\/\/www.agriculture-machine.com\/wp-content\/uploads\/2018\/07\/corn-shelling-machine-5-450x540.jpg 450w\" sizes=\"auto, (max-width: 500px) 100vw, 500px\" \/><\/figure>    <figure class=\"wp-block-image aligncenter\"><img loading=\"lazy\" decoding=\"async\" width=\"500\" height=\"600\" src=\"https:\/\/www.agriculture-machine.com\/wp-content\/uploads\/2018\/07\/corn-shelling-machine-1.jpg\" alt=\"\" class=\"wp-image-2885\" srcset=\"https:\/\/www.agriculture-machine.com\/wp-content\/uploads\/2018\/07\/corn-shelling-machine-1.jpg 500w, https:\/\/www.agriculture-machine.com\/wp-content\/uploads\/2018\/07\/corn-shelling-machine-1-225x270.jpg 225w, https:\/\/www.agriculture-machine.com\/wp-content\/uploads\/2018\/07\/corn-shelling-machine-1-450x540.jpg 450w\" sizes=\"auto, (max-width: 500px) 100vw, 500px\" \/><\/figure>    <h2 class=\"wp-block-heading\">C\u00e2u h\u1ecfi th\u01b0\u1eddng g\u1eb7p v\u1ec1 m\u00e1y t\u00e1ch v\u1ecf ng\u00f4<\/h2>   <div id=\"rank-math-faq\" class=\"rank-math-block\"> <div class=\"rank-math-list\"> <div id=\"faq-question-1715244983299\" class=\"rank-math-list-item\"> <h3 class=\"rank-math-question\">C\u1ea5u tr\u00fac b\u00ean trong c\u1ee7a<strong> m\u00e1y xay x\u01a1 ng\u00f4?<\/strong><\/h3> <div class=\"rank-math-answer\">  <p>\u0110\u00e2y l\u00e0 m\u1ed9t m\u00e1y xay x\u01a1 c\u1ea5u tr\u00fac l\u00ean xu\u1ed1ng, c\u00f3 ngh\u0129a l\u00e0 m\u00e1y tr\u01b0\u1edbc ti\u00ean b\u00f3c v\u1ecf v\u00e0 sau \u0111\u00f3 xay x\u01a1 ng\u00f4.<\/p>  <\/div> <\/div> <div id=\"faq-question-1715244989064\" class=\"rank-math-list-item\"> <h3 class=\"rank-math-question\">N\u0103ng su\u1ea5t c\u1ee7a m\u00e1y t\u00e1ch v\u1ecf ng\u00f4 n\u00e0y l\u00e0 bao nhi\u00eau?<\/h3> <div class=\"rank-math-answer\">  <p>N\u0103ng su\u1ea5t c\u1ee7a n\u00f3 l\u00e0 1-1,5 t\u1ea5n\/gi\u1edd<\/p>  <\/div> <\/div> <div id=\"faq-question-1715245004624\" class=\"rank-math-list-item\"> <h3 class=\"rank-math-question\">C\u00e1c b\u1ed9 ph\u1eadn thay th\u1ebf d\u1ec5 b\u1ecb t\u1ed5n th\u01b0\u01a1ng l\u00e0 g\u00ec? T\u00f4i c\u00f3 c\u1ea7n mua ch\u00fang khi \u0111\u1eb7t h\u00e0ng m\u1ed9t m\u00e1y t\u1eeb b\u1ea1n kh\u00f4ng?<\/h3> <div class=\"rank-math-answer\">  <p>Hai tr\u1ee5c l\u0103n b\u00ean trong m\u00e1y xay x\u01a1 ng\u00f4 d\u1ec5 b\u1ecb h\u1ecfng v\u00e0 c\u1ea7n thay th\u1ebf h\u00e0ng n\u0103m. T\u1ed1t h\u01a1n l\u00e0 mua m\u1ed9t chi\u1ebfc d\u1ef1 ph\u00f2ng.<\/p>  <\/div> <\/div> <div id=\"faq-question-1715245024080\" class=\"rank-math-list-item\"> <h3 class=\"rank-math-question\">V\u1ecf ng\u00f4 c\u00f3 th\u1ec3 \u0111\u01b0\u1ee3c lo\u1ea1i b\u1ecf ho\u00e0n to\u00e0n kh\u00f4ng?<\/h3> <div class=\"rank-math-answer\">  <p>C\u00f3 th\u1ec3 lo\u1ea1i b\u1ecf ho\u00e0n to\u00e0n v\u00e0 th\u1ed5i ra b\u1eb1ng qu\u1ea1t gi\u00f3.<\/p>  <\/div> <\/div> <div id=\"faq-question-1715245037520\" class=\"rank-math-list-item\"> <h3 class=\"rank-math-question\">T\u1ef7 l\u1ec7 xay x\u01a1 l\u00e0 bao nhi\u00eau?<\/h3> <div class=\"rank-math-answer\">  <p>T\u1ef7 l\u1ec7 xay x\u01a1 c\u00f3 th\u1ec3 \u0111\u1ea1t 98% v\u00e0 h\u1ea1t ng\u00f4 r\u1ea5t s\u1ea1ch sau khi xay x\u01a1.<\/p>  <\/div> <\/div> <div id=\"faq-question-1715245045096\" class=\"rank-math-list-item\"> <h3 class=\"rank-math-question\">C\u00f3 v\u1ee1 h\u1ea1t ng\u00f4 sau khi xay x\u01a1 kh\u00f4ng?<\/h3> <div class=\"rank-math-answer\">  <p>Hai tr\u1ee5c l\u0103n l\u00e0m b\u1eb1ng v\u1eadt li\u1ec7u \u0111\u1eb7c bi\u1ec7t \u0111\u00f3ng vai tr\u00f2 quan tr\u1ecdng trong qu\u00e1 tr\u00ecnh xay x\u01a1, c\u1ea5u tr\u00fac tr\u1ee5c c\u1ee7a n\u00f3 c\u00f3 th\u1ec3 gi\u1ea3m thi\u1ec3u t\u1ef7 l\u1ec7 v\u1ee1. Do \u0111\u00f3, t\u1ef7 l\u1ec7 v\u1ee1 \u00edt h\u01a1n 3%.<\/p>  <\/div> <\/div> <div id=\"faq-question-1715245052392\" class=\"rank-math-list-item\"> <h3 class=\"rank-math-question\">M\u00e1y xay x\u01a1 n\u00e0y ch\u1ec9 ph\u00f9 h\u1ee3p cho ng\u00f4 hay c\u00f2n d\u00f9ng cho c\u00e1c lo\u1ea1i c\u00e2y tr\u1ed3ng kh\u00e1c kh\u00f4ng?<\/h3> <div class=\"rank-math-answer\">  <p>V\u00e2ng, \u0111\u00e2y l\u00e0 m\u1ed9t m\u00e1y ch\u1ec9 d\u00f9ng cho ng\u00f4 ho\u1eb7c maize, nh\u01b0ng ch\u00fang t\u00f4i c\u0169ng c\u00f3 c\u00e1c lo\u1ea1i m\u00e1y xay x\u01a1 \u0111a ch\u1ee9c n\u0103ng kh\u00e1c \u0111\u1ec3 xay x\u01a1 c\u00e1c lo\u1ea1i c\u00e2y tr\u1ed3ng kh\u00e1c. Xin li\u00ean h\u1ec7 \u0111\u1ec3 bi\u1ebft th\u00eam chi ti\u1ebft.<\/p>  <\/div> <\/div> <\/div> <\/div>   <h2 class=\"wp-block-heading\">T\u1ea1i sao n\u00ean mua m\u00e1y xay x\u01a1 ng\u00f4 t\u1eeb ch\u00fang t\u00f4i<\/h2>    <div>Ch\u00fang t\u00f4i l\u00e0 nh\u00e0 s\u1ea3n xu\u1ea5t chuy\u00ean v\u1ec1 m\u00e1y m\u00f3c n\u00f4ng nghi\u1ec7p. Ngo\u00e0i ra, <a href=\"https:\/\/www.agriculture-machine.com\/vi\/multifunctional-thresher-for-maize-beans-sorghum-millet\/\">m\u00e1y xay x\u01a1 ng\u00f4<\/a>, we also have corn planters, seedling machines, transplanters, peanut shelling machines, grain grinders, grass cutters, etc. At present, much African government&#8217;s poverty alleviation projects have cooperated with us and purchased a large number of agricultural machinery from us.<\/div>    <div> <\/div>    <figure class=\"wp-block-image aligncenter size-full wp-image-8658\"><img loading=\"lazy\" decoding=\"async\" width=\"720\" height=\"540\" src=\"https:\/\/www.agriculture-machine.com\/wp-content\/uploads\/2018\/07\/African-government-poverty-alleviation-project-to-purchase-agricultural-machinery.jpg\" alt=\"D\u1ef1 \u00e1n gi\u1ea3m ngh\u00e8o c\u1ee7a ch\u00ednh ph\u1ee7 ch\u00e2u Phi mua m\u00e1y m\u00f3c n\u00f4ng nghi\u1ec7p\" class=\"wp-image-8658\" srcset=\"https:\/\/www.agriculture-machine.com\/wp-content\/uploads\/2018\/07\/African-government-poverty-alleviation-project-to-purchase-agricultural-machinery.jpg 720w, https:\/\/www.agriculture-machine.com\/wp-content\/uploads\/2018\/07\/African-government-poverty-alleviation-project-to-purchase-agricultural-machinery-360x270.jpg 360w, https:\/\/www.agriculture-machine.com\/wp-content\/uploads\/2018\/07\/African-government-poverty-alleviation-project-to-purchase-agricultural-machinery-240x180.jpg 240w\" sizes=\"auto, (max-width: 720px) 100vw, 720px\" \/><figcaption class=\"wp-element-caption\">D\u1ef1 \u00e1n gi\u1ea3m ngh\u00e8o c\u1ee7a ch\u00ednh ph\u1ee7 ch\u00e2u Phi mua m\u00e1y m\u00f3c n\u00f4ng nghi\u1ec7p<\/figcaption><\/figure>    <h2 class=\"wp-block-heading\">Li\u00ean h\u1ec7 v\u1edbi ch\u00fang t\u00f4i b\u1ea5t c\u1ee9 l\u00fac n\u00e0o<\/h2>    <p>N\u1ebfu b\u1ea1n quan t\u00e2m \u0111\u1ebfn c\u00e1c m\u00e1y xay x\u01a1 ng\u00f4 c\u1ee7a ch\u00fang t\u00f4i ho\u1eb7c c\u00f3 b\u1ea5t k\u1ef3 c\u00e2u h\u1ecfi n\u00e0o, xin vui l\u00f2ng li\u00ean h\u1ec7 v\u1edbi ch\u00fang t\u00f4i. Ch\u00fang t\u00f4i nhi\u1ec7t li\u1ec7t ch\u00e0o \u0111\u00f3n b\u1ea1n \u0111\u1ebfn th\u0103m nh\u00e0 m\u00e1y c\u1ee7a ch\u00fang t\u00f4i, t\u00ecm hi\u1ec3u th\u00eam chi ti\u1ebft v\u1ec1 s\u1ea3n ph\u1ea9m c\u1ee7a ch\u00fang t\u00f4i, v\u00e0 tr\u1ea3i nghi\u1ec7m to\u00e0n b\u1ed9 d\u1ecbch v\u1ee5 m\u00e0 ch\u00fang t\u00f4i cung c\u1ea5p. Mong \u0111\u01b0\u1ee3c h\u1ee3p t\u00e1c v\u1edbi b\u1ea1n!<\/p>","protected":false},"excerpt":{"rendered":"<p>\u0110\u00e2y l\u00e0 m\u00e1y xay x\u01a1 ng\u00f4, m\u00e1y tr\u01b0\u1edbc ti\u00ean lo\u1ea1i b\u1ecf v\u1ecf ng\u00f4 r\u1ed3i m\u1edbi xay x\u01a1. V\u00ec v\u1eady c\u00f2n g\u1ecdi l\u00e0 m\u00e1y g\u1ecdt v\u1ecf v\u00e0 t\u00e1ch v\u1ecf ng\u00f4. V\u1edbi t\u1ef7 l\u1ec7 xay x\u01a1 cao, h\u1ea1t cu\u1ed1i c\u00f9ng r\u1ea5t s\u1ea1ch.<\/p>","protected":false},"author":1,"featured_media":0,"parent":0,"comment_status":"closed","ping_status":"closed","template":"","tags":[491,2614],"product-type":[893,872],"class_list":["post-90","product","type-product","status-publish","hentry","tag-corn","tag-thresher","product-type-corn-thresher","product-type-thresher-sheller"],"_links":{"self":[{"href":"https:\/\/www.agriculture-machine.com\/vi\/wp-json\/wp\/v2\/product\/90","targetHints":{"allow":["GET"]}}],"collection":[{"href":"https:\/\/www.agriculture-machine.com\/vi\/wp-json\/wp\/v2\/product"}],"about":[{"href":"https:\/\/www.agriculture-machine.com\/vi\/wp-json\/wp\/v2\/types\/product"}],"author":[{"embeddable":true,"href":"https:\/\/www.agriculture-machine.com\/vi\/wp-json\/wp\/v2\/users\/1"}],"replies":[{"embeddable":true,"href":"https:\/\/www.agriculture-machine.com\/vi\/wp-json\/wp\/v2\/comments?post=90"}],"wp:attachment":[{"href":"https:\/\/www.agriculture-machine.com\/vi\/wp-json\/wp\/v2\/media?parent=90"}],"wp:term":[{"taxonomy":"post_tag","embeddable":true,"href":"https:\/\/www.agriculture-machine.com\/vi\/wp-json\/wp\/v2\/tags?post=90"},{"taxonomy":"product-type","embeddable":true,"href":"https:\/\/www.agriculture-machine.com\/vi\/wp-json\/wp\/v2\/product-type?post=90"}],"curies":[{"name":"wp","href":"https:\/\/api.w.org\/{rel}","templated":true}]}}