{"id":9470,"date":"2021-03-23T15:39:55","date_gmt":"2021-03-23T07:39:55","guid":{"rendered":"https:\/\/www.agriculture-machine.com\/?p=9470"},"modified":"2024-09-18T16:13:14","modified_gmt":"2024-09-18T08:13:14","slug":"sorghum-thresher-for-threshing-millet-sorghum-rape-pearl-millet","status":"publish","type":"product","link":"https:\/\/www.agriculture-machine.com\/vi\/sorghum-thresher-for-threshing-millet-sorghum-rape-pearl-millet\/","title":{"rendered":"M\u00e1y xay h\u1ea1t th\u1ea1ch cao | M\u00e1y xay millet | M\u00e1y xay ng\u1ecdc trai millet"},"content":{"rendered":"<p class=\"translation-block\">Nhi\u1ec1u qu\u1ed1c gia nh\u01b0 Pakistan, Kazakhstan, Tajikistan, Kenya, Namibia, Zambia v\u00e0 c\u00e1c qu\u1ed1c gia kh\u00e1c s\u1ebd tr\u1ed3ng k\u00ea, m\u1ea1ch nha, v\u00e0 c\u1ea3i d\u1ea7u. \u0110\u1ed1i v\u1edbi ba lo\u1ea1i c\u00e2y tr\u1ed3ng n\u00e0y, ch\u00fang t\u00f4i \u0111\u00e3 nghi\u00ean c\u1ee9u v\u00e0 s\u1ea3n xu\u1ea5t ri\u00eang m\u1ed9t m\u00e1y xay x\u00e1t \u0111\u1ec3 xay x\u00e1t m\u1ea1ch nha, k\u00ea, v\u00e0 c\u1ea3i d\u1ea7u. Nhi\u1ec1u nh\u00e0 s\u1ea3n xu\u1ea5t tr\u00ean th\u1ecb tr\u01b0\u1eddng t\u1ef1 h\u00e0o r\u1eb1ng m\u00e1y xay x\u00e1t \u0111a ch\u1ee9c n\u0103ng c\u1ee7a h\u1ecd c\u00f3 th\u1ec3 xay x\u00e1t k\u00ea, m\u1ea1ch nha, v\u00e0 c\u1ea3i d\u1ea7u, nh\u01b0ng hi\u1ec7u qu\u1ea3 xay x\u00e1t c\u1ee7a h\u1ecd kh\u00f4ng t\u1ed1t. T\u1ef7 l\u1ec7 h\u01b0 h\u1ecfng cao, t\u1ef7 l\u1ec7 t\u1ea1p ch\u1ea5t c\u0169ng cao. M\u00e1y xay x\u00e1t m\u1ea1ch nha c\u1ee7a ch\u00fang t\u00f4i tr\u00e1nh \u0111\u01b0\u1ee3c c\u00e1c v\u1ea5n \u0111\u1ec1 tr\u00ean.<\/p> <figure id=\"attachment_9735\" aria-describedby=\"caption-attachment-9735\" style=\"width: 720px\" class=\"wp-caption alignnone\"><img loading=\"lazy\" decoding=\"async\" class=\"size-full wp-image-9735\" src=\"https:\/\/www.agriculture-machine.com\/wp-content\/uploads\/2021\/03\/sorghum-1.jpg\" alt=\"m\u1ea1ch nha\" width=\"720\" height=\"540\" srcset=\"https:\/\/www.agriculture-machine.com\/wp-content\/uploads\/2021\/03\/sorghum-1.jpg 720w, https:\/\/www.agriculture-machine.com\/wp-content\/uploads\/2021\/03\/sorghum-1-360x270.jpg 360w, https:\/\/www.agriculture-machine.com\/wp-content\/uploads\/2021\/03\/sorghum-1-240x180.jpg 240w\" sizes=\"auto, (max-width: 720px) 100vw, 720px\" \/><figcaption id=\"caption-attachment-9735\" class=\"wp-caption-text\">m\u1ea1ch nha<\/figcaption><\/figure> <h2><strong><b>\u1ee8ng d\u1ee5ng c\u1ee7a m\u00e1y xay x\u00e1t k\u00ea<\/b><\/strong><\/h2> <p>M\u00e1y xay x\u00e1t k\u00ea l\u00e0 s\u1ea3n ph\u1ea9m m\u1edbi do c\u00f4ng ty ch\u00fang t\u00f4i ph\u00e1t tri\u1ec3n, \u0111\u1eb7c bi\u1ec7t d\u00f9ng cho k\u00ea, m\u1ea1ch nha, v\u00e0 c\u1ea3i d\u1ea7u. M\u1ed9t s\u1ed1 ng\u01b0\u1eddi s\u1ebd h\u1ecfi r\u1eb1ng m\u00e1y c\u1ee7a b\u1ea1n ch\u1ec9 c\u00f3 th\u1ec3 xay x\u00e1t ba lo\u1ea1i c\u00e2y tr\u1ed3ng n\u00e0y? \u0110\u00fang v\u1eady, v\u00ec m\u00e1y n\u00e0y \u0111\u01b0\u1ee3c nghi\u00ean c\u1ee9u v\u00e0 s\u1ea3n xu\u1ea5t \u0111\u1eb7c bi\u1ec7t d\u1ef1a tr\u00ean k\u00edch th\u01b0\u1edbc v\u00e0 \u0111\u1eb7c \u0111i\u1ec3m c\u1ee7a m\u1ea1ch nha v\u00e0 k\u00ea.<\/p> <div id='gallery-1' class='gallery galleryid-9470 gallery-columns-3 gallery-size-large'><figure class='gallery-item'> \t\t\t<div class='gallery-icon landscape'> \t\t\t\t<a href='https:\/\/www.agriculture-machine.com\/wp-content\/uploads\/2021\/03\/millet.jpg'><img loading=\"lazy\" decoding=\"async\" width=\"720\" height=\"540\" src=\"https:\/\/www.agriculture-machine.com\/wp-content\/uploads\/2021\/03\/millet.jpg\" class=\"attachment-large size-large\" alt=\"k\u00ea\" aria-describedby=\"gallery-1-9472\" srcset=\"https:\/\/www.agriculture-machine.com\/wp-content\/uploads\/2021\/03\/millet.jpg 720w, https:\/\/www.agriculture-machine.com\/wp-content\/uploads\/2021\/03\/millet-360x270.jpg 360w, https:\/\/www.agriculture-machine.com\/wp-content\/uploads\/2021\/03\/millet-240x180.jpg 240w\" sizes=\"auto, (max-width: 720px) 100vw, 720px\" \/><\/a> \t\t\t<\/div> \t\t\t\t<figcaption class='wp-caption-text gallery-caption' id='gallery-1-9472'> \t\t\t\tk\u00ea \t\t\t\t<\/figcaption><\/figure><figure class='gallery-item'> \t\t\t<div class='gallery-icon landscape'> \t\t\t\t<a href='https:\/\/www.agriculture-machine.com\/wp-content\/uploads\/2021\/03\/rape.jpg'><img loading=\"lazy\" decoding=\"async\" width=\"720\" height=\"540\" src=\"https:\/\/www.agriculture-machine.com\/wp-content\/uploads\/2021\/03\/rape.jpg\" class=\"attachment-large size-large\" alt=\"c\u1ea3i d\u1ea7u\" aria-describedby=\"gallery-1-9473\" srcset=\"https:\/\/www.agriculture-machine.com\/wp-content\/uploads\/2021\/03\/rape.jpg 720w, https:\/\/www.agriculture-machine.com\/wp-content\/uploads\/2021\/03\/rape-360x270.jpg 360w, https:\/\/www.agriculture-machine.com\/wp-content\/uploads\/2021\/03\/rape-240x180.jpg 240w\" sizes=\"auto, (max-width: 720px) 100vw, 720px\" \/><\/a> \t\t\t<\/div> \t\t\t\t<figcaption class='wp-caption-text gallery-caption' id='gallery-1-9473'> \t\t\t\tc\u1ea3i d\u1ea7u \t\t\t\t<\/figcaption><\/figure><figure class='gallery-item'> \t\t\t<div class='gallery-icon landscape'> \t\t\t\t<a href='https:\/\/www.agriculture-machine.com\/wp-content\/uploads\/2021\/03\/Sorghum-2.jpg'><img loading=\"lazy\" decoding=\"async\" width=\"720\" height=\"540\" src=\"https:\/\/www.agriculture-machine.com\/wp-content\/uploads\/2021\/03\/Sorghum-2.jpg\" class=\"attachment-large size-large\" alt=\"M\u1ea1ch nha-2\" aria-describedby=\"gallery-1-9474\" srcset=\"https:\/\/www.agriculture-machine.com\/wp-content\/uploads\/2021\/03\/Sorghum-2.jpg 720w, https:\/\/www.agriculture-machine.com\/wp-content\/uploads\/2021\/03\/Sorghum-2-360x270.jpg 360w, https:\/\/www.agriculture-machine.com\/wp-content\/uploads\/2021\/03\/Sorghum-2-240x180.jpg 240w\" sizes=\"auto, (max-width: 720px) 100vw, 720px\" \/><\/a> \t\t\t<\/div> \t\t\t\t<figcaption class='wp-caption-text gallery-caption' id='gallery-1-9474'> \t\t\t\tM\u1ea1ch nha-2 \t\t\t\t<\/figcaption><\/figure><figure class='gallery-item'> \t\t\t<div class='gallery-icon landscape'> \t\t\t\t<a href='https:\/\/www.agriculture-machine.com\/wp-content\/uploads\/2021\/03\/pearl-millet.jpg'><img loading=\"lazy\" decoding=\"async\" width=\"720\" height=\"540\" src=\"https:\/\/www.agriculture-machine.com\/wp-content\/uploads\/2021\/03\/pearl-millet.jpg\" class=\"attachment-large size-large\" alt=\"m\u00ec t\u01b0\u01a1i\" aria-describedby=\"gallery-1-9476\" srcset=\"https:\/\/www.agriculture-machine.com\/wp-content\/uploads\/2021\/03\/pearl-millet.jpg 720w, https:\/\/www.agriculture-machine.com\/wp-content\/uploads\/2021\/03\/pearl-millet-360x270.jpg 360w, https:\/\/www.agriculture-machine.com\/wp-content\/uploads\/2021\/03\/pearl-millet-240x180.jpg 240w\" sizes=\"auto, (max-width: 720px) 100vw, 720px\" \/><\/a> \t\t\t<\/div> \t\t\t\t<figcaption class='wp-caption-text gallery-caption' id='gallery-1-9476'> \t\t\t\tm\u00ec t\u01b0\u01a1i \t\t\t\t<\/figcaption><\/figure><figure class='gallery-item'> \t\t\t<div class='gallery-icon landscape'> \t\t\t\t<a href='https:\/\/www.agriculture-machine.com\/wp-content\/uploads\/2021\/03\/Rapeseed.jpg'><img loading=\"lazy\" decoding=\"async\" width=\"720\" height=\"540\" src=\"https:\/\/www.agriculture-machine.com\/wp-content\/uploads\/2021\/03\/Rapeseed.jpg\" class=\"attachment-large size-large\" alt=\"H\u1ea1t c\u1ea3i\" aria-describedby=\"gallery-1-9477\" srcset=\"https:\/\/www.agriculture-machine.com\/wp-content\/uploads\/2021\/03\/Rapeseed.jpg 720w, https:\/\/www.agriculture-machine.com\/wp-content\/uploads\/2021\/03\/Rapeseed-360x270.jpg 360w, https:\/\/www.agriculture-machine.com\/wp-content\/uploads\/2021\/03\/Rapeseed-240x180.jpg 240w\" sizes=\"auto, (max-width: 720px) 100vw, 720px\" \/><\/a> \t\t\t<\/div> \t\t\t\t<figcaption class='wp-caption-text gallery-caption' id='gallery-1-9477'> \t\t\t\tH\u1ea1t c\u1ea3i \t\t\t\t<\/figcaption><\/figure><figure class='gallery-item'> \t\t\t<div class='gallery-icon landscape'> \t\t\t\t<a href='https:\/\/www.agriculture-machine.com\/wp-content\/uploads\/2021\/03\/sorghum-seed.jpg'><img loading=\"lazy\" decoding=\"async\" width=\"720\" height=\"540\" src=\"https:\/\/www.agriculture-machine.com\/wp-content\/uploads\/2021\/03\/sorghum-seed.jpg\" class=\"attachment-large size-large\" alt=\"h\u1ea1t m\u1ea1ch nha\" aria-describedby=\"gallery-1-9475\" srcset=\"https:\/\/www.agriculture-machine.com\/wp-content\/uploads\/2021\/03\/sorghum-seed.jpg 720w, https:\/\/www.agriculture-machine.com\/wp-content\/uploads\/2021\/03\/sorghum-seed-360x270.jpg 360w, https:\/\/www.agriculture-machine.com\/wp-content\/uploads\/2021\/03\/sorghum-seed-240x180.jpg 240w\" sizes=\"auto, (max-width: 720px) 100vw, 720px\" \/><\/a> \t\t\t<\/div> \t\t\t\t<figcaption class='wp-caption-text gallery-caption' id='gallery-1-9475'> \t\t\t\th\u1ea1t m\u1ea1ch nha \t\t\t\t<\/figcaption><\/figure> \t\t<\/div>  <h2>\u0110\u1eb7c \u0111i\u1ec3m m\u00e1y xay x\u00e1t m\u1ea1ch nha<\/h2> <p>\u2666C\u1ea5u tr\u00fac h\u1ee3p l\u00fd v\u00e0 hi\u1ec7u su\u1ea5t \u1ed5n \u0111\u1ecbnh: Ng\u01b0\u1eddi d\u00f9ng c\u00f3 th\u1ec3 xay x\u00e1t tr\u1ef1c ti\u1ebfp l\u00faa g\u1eb7t, k\u00ea, v\u00e0 c\u1ea3i d\u1ea7u m\u00e0 kh\u00f4ng c\u1ea7n ph\u01a1i kh\u00f4.<\/p> <p>\u2666\u0110\u01a1n gi\u1ea3n thao t\u00e1c: ch\u1ec9 c\u1ea7n cho h\u1ea1t v\u00e0o b\u1eb1ng tay, m\u00e1y s\u1ebd t\u1ef1 xay x\u00e1t v\u00e0 s\u00e0ng l\u1ecdc m\u1ea1ch nha.<\/p> <p>\u2666M\u00e1y c\u00f3 b\u00e1nh xe l\u1edbn \u0111\u1ec3 d\u1ec5 di chuy\u1ec3n, kh\u00f4ng h\u1ea1n ch\u1ebf n\u01a1i l\u00e0m vi\u1ec7c.<\/p> <p>\u2666M\u00e1y xay x\u00e1t k\u00ea c\u00f3 th\u1ec3 s\u1eed d\u1ee5ng nh\u01b0 m\u1ed9t m\u00e1y \u0111\u1ed9c l\u1eadp ho\u1eb7c k\u1ebft h\u1ee3p v\u1edbi m\u00e1y k\u00e9o \u0111\u1ec3 n\u00e2ng cao hi\u1ec7u qu\u1ea3 c\u00f4ng vi\u1ec7c.<\/p> <p>\u2666M\u1eabu n\u00e0y l\u00e0 m\u00e1y xay x\u00e1t h\u1ea1t l\u1edbn c\u00f3 hi\u1ec7u su\u1ea5t cao. N\u1ebfu b\u1ea1n c\u1ea7n k\u00edch th\u01b0\u1edbc nh\u1ecf h\u01a1n, vui l\u00f2ng li\u00ean h\u1ec7 \u0111\u1ec3 ch\u00fang t\u00f4i bi\u1ebft nhu c\u1ea7u c\u1ee7a b\u1ea1n.<\/p> <p>\u2666C\u00f4ng su\u1ea5t m\u00e1y xay x\u00e1t m\u1ea1ch nha: \u0111\u1ed9ng c\u01a1 \u0111i\u1ec7n 7.5 ~ 11 kW, \u0111\u1ed9ng c\u01a1 diesel 15-20 m\u00e3 l\u1ef1c cho n\u01a1i thi\u1ebfu \u0111i\u1ec7n.<\/p> <div id='gallery-2' class='gallery galleryid-9470 gallery-columns-2 gallery-size-large'><figure class='gallery-item'> \t\t\t<div class='gallery-icon landscape'> \t\t\t\t<a href='https:\/\/www.agriculture-machine.com\/wp-content\/uploads\/2021\/03\/pearl-millet-thresher-1-2.jpg'><img loading=\"lazy\" decoding=\"async\" width=\"720\" height=\"540\" src=\"https:\/\/www.agriculture-machine.com\/wp-content\/uploads\/2021\/03\/pearl-millet-thresher-1-2.jpg\" class=\"attachment-large size-large\" alt=\"m\u00e1y xay x\u00e1t m\u1ea1ch nha\" aria-describedby=\"gallery-2-9745\" srcset=\"https:\/\/www.agriculture-machine.com\/wp-content\/uploads\/2021\/03\/pearl-millet-thresher-1-2.jpg 720w, https:\/\/www.agriculture-machine.com\/wp-content\/uploads\/2021\/03\/pearl-millet-thresher-1-2-360x270.jpg 360w, https:\/\/www.agriculture-machine.com\/wp-content\/uploads\/2021\/03\/pearl-millet-thresher-1-2-240x180.jpg 240w\" sizes=\"auto, (max-width: 720px) 100vw, 720px\" \/><\/a> \t\t\t<\/div> \t\t\t\t<figcaption class='wp-caption-text gallery-caption' id='gallery-2-9745'> \t\t\t\tm\u00e1y xay x\u00e1t m\u1ea1ch nha \t\t\t\t<\/figcaption><\/figure><figure class='gallery-item'> \t\t\t<div class='gallery-icon landscape'> \t\t\t\t<a href='https:\/\/www.agriculture-machine.com\/wp-content\/uploads\/2021\/03\/millet-thresher-machne-2.jpg'><img loading=\"lazy\" decoding=\"async\" width=\"720\" height=\"540\" src=\"https:\/\/www.agriculture-machine.com\/wp-content\/uploads\/2021\/03\/millet-thresher-machne-2.jpg\" class=\"attachment-large size-large\" alt=\"m\u00e1y xay x\u00e1t k\u00ea\" aria-describedby=\"gallery-2-9744\" srcset=\"https:\/\/www.agriculture-machine.com\/wp-content\/uploads\/2021\/03\/millet-thresher-machne-2.jpg 720w, https:\/\/www.agriculture-machine.com\/wp-content\/uploads\/2021\/03\/millet-thresher-machne-2-360x270.jpg 360w, https:\/\/www.agriculture-machine.com\/wp-content\/uploads\/2021\/03\/millet-thresher-machne-2-240x180.jpg 240w\" sizes=\"auto, (max-width: 720px) 100vw, 720px\" \/><\/a> \t\t\t<\/div> \t\t\t\t<figcaption class='wp-caption-text gallery-caption' id='gallery-2-9744'> \t\t\t\tm\u00e1y xay x\u00e1t k\u00ea \t\t\t\t<\/figcaption><\/figure><figure class='gallery-item'> \t\t\t<div class='gallery-icon landscape'> \t\t\t\t<a href='https:\/\/www.agriculture-machine.com\/wp-content\/uploads\/2021\/03\/sorghum-thresher-combined-with-a-tractor-1-2.jpg'><img loading=\"lazy\" decoding=\"async\" width=\"720\" height=\"540\" src=\"https:\/\/www.agriculture-machine.com\/wp-content\/uploads\/2021\/03\/sorghum-thresher-combined-with-a-tractor-1-2.jpg\" class=\"attachment-large size-large\" alt=\"m\u00e1y xay x\u00e1t m\u1ea1ch nha k\u1ebft h\u1ee3p v\u1edbi m\u00e1y k\u00e9o\" aria-describedby=\"gallery-2-9747\" srcset=\"https:\/\/www.agriculture-machine.com\/wp-content\/uploads\/2021\/03\/sorghum-thresher-combined-with-a-tractor-1-2.jpg 720w, https:\/\/www.agriculture-machine.com\/wp-content\/uploads\/2021\/03\/sorghum-thresher-combined-with-a-tractor-1-2-360x270.jpg 360w, https:\/\/www.agriculture-machine.com\/wp-content\/uploads\/2021\/03\/sorghum-thresher-combined-with-a-tractor-1-2-240x180.jpg 240w\" sizes=\"auto, (max-width: 720px) 100vw, 720px\" \/><\/a> \t\t\t<\/div> \t\t\t\t<figcaption class='wp-caption-text gallery-caption' id='gallery-2-9747'> \t\t\t\tsorghum-thresher-combined-with-a-tractor&#8211; \t\t\t\t<\/figcaption><\/figure><figure class='gallery-item'> \t\t\t<div class='gallery-icon landscape'> \t\t\t\t<a href='https:\/\/www.agriculture-machine.com\/wp-content\/uploads\/2021\/03\/sorghum-thresher-combined-with-a-tractor-2.jpg'><img loading=\"lazy\" decoding=\"async\" width=\"720\" height=\"540\" src=\"https:\/\/www.agriculture-machine.com\/wp-content\/uploads\/2021\/03\/sorghum-thresher-combined-with-a-tractor-2.jpg\" class=\"attachment-large size-large\" alt=\"m\u00e1y xay x\u00e1t m\u1ea1ch nha k\u1ebft h\u1ee3p v\u1edbi m\u00e1y k\u00e9o\" aria-describedby=\"gallery-2-9746\" srcset=\"https:\/\/www.agriculture-machine.com\/wp-content\/uploads\/2021\/03\/sorghum-thresher-combined-with-a-tractor-2.jpg 720w, https:\/\/www.agriculture-machine.com\/wp-content\/uploads\/2021\/03\/sorghum-thresher-combined-with-a-tractor-2-360x270.jpg 360w, https:\/\/www.agriculture-machine.com\/wp-content\/uploads\/2021\/03\/sorghum-thresher-combined-with-a-tractor-2-240x180.jpg 240w\" sizes=\"auto, (max-width: 720px) 100vw, 720px\" \/><\/a> \t\t\t<\/div> \t\t\t\t<figcaption class='wp-caption-text gallery-caption' id='gallery-2-9746'> \t\t\t\tm\u00e1y xay x\u00e1t m\u1ea1ch nha k\u1ebft h\u1ee3p v\u1edbi m\u00e1y k\u00e9o \t\t\t\t<\/figcaption><\/figure> \t\t<\/div>  <h2>\u0110i\u1ec1u ki\u1ec7n t\u1ed1t nh\u1ea5t \u0111\u1ec3 xay x\u00e1t k\u00ea, m\u1ea1ch nha, v\u00e0 c\u1ea3i d\u1ea7u l\u00e0 g\u00ec?<\/h2> <p>Khi s\u1eed d\u1ee5ng m\u00e1y xay x\u00e1t m\u1ea1ch nha, vui l\u00f2ng \u0111\u1ea3m b\u1ea3o \u0111\u1ed9 \u1ea9m c\u1ee7a h\u1ea1t l\u00e0 15-20%.<\/p> <p>T\u1ef7 l\u1ec7 xay x\u00e1t: \u226599%<\/p> <p>T\u1ef7 l\u1ec7 h\u01b0 h\u1ecfng: \u22642.5%<\/p> <p>T\u1ef7 l\u1ec7 t\u1ea1p ch\u1ea5t: \u22641.5%<\/p> <p>s\u1ea3n l\u01b0\u1ee3ng: 800-1000kg\/h<\/p> <h2>Video ho\u1ea1t \u0111\u1ed9ng c\u1ee7a m\u00e1y xay x\u00e1t k\u00ea m\u1ea1ch nha<\/h2> <p><iframe loading=\"lazy\" title=\"m\u00e1y xay x\u00e1t m\u1ea1ch nha\/m\u00e1y xay x\u00e1t k\u00ea\/m\u00e1y xay x\u00e1t m\u1ea1ch nha\/m\u00e1y xay x\u00e1t c\u1ea3i d\u1ea7u\" width=\"500\" height=\"281\" src=\"https:\/\/www.youtube.com\/embed\/64tL5kKASjQ?feature=oembed\" frameborder=\"0\" allow=\"accelerometer; autoplay; clipboard-write; encrypted-media; gyroscope; picture-in-picture; web-share\" referrerpolicy=\"strict-origin-when-cross-origin\" allowfullscreen><\/iframe><\/p> <h2>Tr\u01b0\u1eddng h\u1ee3p kh\u00e1ch h\u00e0ng<\/h2> <p>Ch\u00fang t\u00f4i \u0111\u00e3 b\u00e1n 3 b\u1ed9 m\u00e1y xay x\u00e1t k\u00ea cho Namibia. Kh\u00e1ch h\u00e0ng ch\u1ee7 y\u1ebfu tr\u1ed3ng m\u1ea1ch nha v\u00e0 k\u00ea. V\u00ec tr\u1ed3ng tr\u00ean di\u1ec7n t\u00edch l\u1edbn, \u00f4ng \u1ea5y \u0111\u00e3 mua nh\u1eefng m\u00e1y xay x\u00e1t n\u00e0y.<\/p> <figure id=\"attachment_9741\" aria-describedby=\"caption-attachment-9741\" style=\"width: 720px\" class=\"wp-caption alignnone\"><img loading=\"lazy\" decoding=\"async\" class=\"size-full wp-image-9741\" src=\"https:\/\/www.agriculture-machine.com\/wp-content\/uploads\/2021\/03\/3-sets-of-sorghum-thresher-sold-to-Namibia-2.jpg\" alt=\"3 b\u1ed9 m\u00e1y xay x\u00e1t m\u1ea1ch nha \u0111\u00e3 b\u00e1n cho Namibia\" width=\"720\" height=\"540\" srcset=\"https:\/\/www.agriculture-machine.com\/wp-content\/uploads\/2021\/03\/3-sets-of-sorghum-thresher-sold-to-Namibia-2.jpg 720w, https:\/\/www.agriculture-machine.com\/wp-content\/uploads\/2021\/03\/3-sets-of-sorghum-thresher-sold-to-Namibia-2-360x270.jpg 360w, https:\/\/www.agriculture-machine.com\/wp-content\/uploads\/2021\/03\/3-sets-of-sorghum-thresher-sold-to-Namibia-2-240x180.jpg 240w\" sizes=\"auto, (max-width: 720px) 100vw, 720px\" \/><figcaption id=\"caption-attachment-9741\" class=\"wp-caption-text\">3 b\u1ed9 m\u00e1y xay x\u00e1t m\u1ea1ch nha \u0111\u00e3 b\u00e1n cho Namibia<\/figcaption><\/figure> <h2>Th\u00f4ng s\u1ed1 k\u1ef9 thu\u1eadt<\/h2> <table> <tbody> <tr> <td width=\"225\"><strong><b>M\u1eabu <\/b><\/strong><\/td> <td width=\"343\"><strong><b>5TGQ-100A<\/b><\/strong><\/td> <\/tr> <tr> <td width=\"225\"><strong><b>C\u00f4ng su\u1ea5t <\/b><\/strong><\/td> <td width=\"343\"><strong><b>7.5-11kw ho\u1eb7c 12-15hp <\/b><\/strong><\/td> <\/tr> <tr> <td width=\"225\"><strong><b>T\u1ef7 l\u1ec7 xay x\u00e1t<\/b><\/strong><\/td> <td width=\"343\"><strong><b>99%<\/b><\/strong><\/td> <\/tr> <tr> <td width=\"225\"><strong><b>Dung t\u00edch<\/b><\/strong><\/td> <td width=\"343\"><strong><b>1000kg\/h <\/b><\/strong><\/td> <\/tr> <tr> <td width=\"225\"><strong><b>Tr\u1ecdng l\u01b0\u1ee3ng <\/b><\/strong><\/td> <td width=\"343\"><strong><b>200kg<\/b><\/strong><\/td> <\/tr> <tr> <td width=\"225\"><strong><b>K\u00edch th\u01b0\u1edbc<\/b><\/strong><\/td> <td width=\"343\"><strong><b>1900*880*2380mm<\/b><\/strong><\/td> <\/tr> <\/tbody> <\/table>","protected":false},"excerpt":{"rendered":"<p>Many countries such as Pakistan, Kazakhstan, Tajikistan, Kenya, Namibia, Zambia, and other countries will grow millet, sorghum, and rape. For these three crops, we have specially researched and produced a thresher for threshing sorghum, millet, and rape. Many manufacturers on the market boast that their multifunctional thresher machines can thresh sorghum, millet, and rape, but [&hellip;]<\/p>\n","protected":false},"author":1,"featured_media":9479,"parent":0,"comment_status":"closed","ping_status":"closed","template":"","tags":[2614],"product-type":[246,2,896],"class_list":["post-9470","product","type-product","status-publish","has-post-thumbnail","hentry","tag-thresher","product-type-hot-sale","product-type-products","product-type-sorghum-millet-rapeseed-thresher"],"_links":{"self":[{"href":"https:\/\/www.agriculture-machine.com\/vi\/wp-json\/wp\/v2\/product\/9470","targetHints":{"allow":["GET"]}}],"collection":[{"href":"https:\/\/www.agriculture-machine.com\/vi\/wp-json\/wp\/v2\/product"}],"about":[{"href":"https:\/\/www.agriculture-machine.com\/vi\/wp-json\/wp\/v2\/types\/product"}],"author":[{"embeddable":true,"href":"https:\/\/www.agriculture-machine.com\/vi\/wp-json\/wp\/v2\/users\/1"}],"replies":[{"embeddable":true,"href":"https:\/\/www.agriculture-machine.com\/vi\/wp-json\/wp\/v2\/comments?post=9470"}],"wp:featuredmedia":[{"embeddable":true,"href":"https:\/\/www.agriculture-machine.com\/vi\/wp-json\/wp\/v2\/media\/9479"}],"wp:attachment":[{"href":"https:\/\/www.agriculture-machine.com\/vi\/wp-json\/wp\/v2\/media?parent=9470"}],"wp:term":[{"taxonomy":"post_tag","embeddable":true,"href":"https:\/\/www.agriculture-machine.com\/vi\/wp-json\/wp\/v2\/tags?post=9470"},{"taxonomy":"product-type","embeddable":true,"href":"https:\/\/www.agriculture-machine.com\/vi\/wp-json\/wp\/v2\/product-type?post=9470"}],"curies":[{"name":"wp","href":"https:\/\/api.w.org\/{rel}","templated":true}]}}