{"id":9825,"date":"2021-04-09T14:37:03","date_gmt":"2021-04-09T06:37:03","guid":{"rendered":"https:\/\/www.agriculture-machine.com\/?p=9825"},"modified":"2025-08-29T14:33:29","modified_gmt":"2025-08-29T06:33:29","slug":"corn-flour-machine-maize-flour-milling-machine","status":"publish","type":"product","link":"https:\/\/www.agriculture-machine.com\/vi\/corn-flour-machine-maize-flour-milling-machine\/","title":{"rendered":"M\u00e1y xay b\u1ed9t ng\u00f4"},"content":{"rendered":"<p>M\u00e1y xay b\u1ed9t ng\u00f4 l\u00e0 thi\u1ebft b\u1ecb xay \u0111a n\u0103ng ph\u00f9 h\u1ee3p cho ng\u00f4, l\u00faa m\u00ec, g\u1ea1o, ng\u0169 c\u1ed1c, \u0111\u1eadu, v\u00e0 m\u1ed9t s\u1ed1 vi\u00ean n\u00e9n c\u00f4ng nghi\u1ec7p, h\u00f3a ch\u1ea5t, d\u01b0\u1ee3c ph\u1ea9m, v\u1edbi c\u00f4ng su\u1ea5t h\u00e0ng ng\u00e0y 350-500 kg\/h. N\u00f3 c\u00f3 th\u1ec3 nghi\u1ec1n ng\u00f4 th\u00e0nh b\u1ed9t m\u1ecbn v\u01b0\u1ee3t qu\u00e1 100 mesh, t\u1ea1o ra b\u1ec1 m\u1eb7t m\u1ecbn, \u0111\u1ed3ng \u0111\u1ec1u, kh\u00f4ng c\u00f3 v\u1ebft \u0111en, \u0111\u1ed3ng th\u1eddi gi\u1eef t\u1ed1i \u0111a dinh d\u01b0\u1ee1ng v\u00e0 h\u01b0\u01a1ng v\u1ecb c\u1ee7a h\u1ea1t.<\/p>    <p>Trang b\u1ecb qu\u1ea1t kh\u00ed \u00e1p l\u1ef1c cao v\u00e0 c\u00e1c th\u00f9ng ch\u1ee9a nh\u1ecf hai h\u1ed9c, cho ph\u00e9p c\u1ea5p li\u1ec7u kh\u00ed n\u00e9n ho\u00e0n to\u00e0n t\u1ef1 \u0111\u1ed9ng. Qu\u00e1 tr\u00ecnh c\u1ea5p li\u1ec7u, nghi\u1ec1n, s\u00e0ng l\u1ecdc \u0111\u1ec1u ho\u00e0n th\u00e0nh m\u00e0 kh\u00f4ng c\u1ea7n can thi\u1ec7p th\u1ee7 c\u00f4ng, n\u00e2ng cao n\u0103ng su\u1ea5t v\u00e0 gi\u1ea3m thi\u1ec3u lao \u0111\u1ed9ng.<\/p>    <figure class=\"wp-block-image aligncenter size-full wp-image-9827\"><img loading=\"lazy\" decoding=\"async\" width=\"720\" height=\"540\" src=\"https:\/\/www.agriculture-machine.com\/wp-content\/uploads\/2021\/04\/maize-flour-grinding-machine.jpg\" alt=\"M\u00e1y xay b\u1ed9t ng\u00f4\" class=\"wp-image-9827\" srcset=\"https:\/\/www.agriculture-machine.com\/wp-content\/uploads\/2021\/04\/maize-flour-grinding-machine.jpg 720w, https:\/\/www.agriculture-machine.com\/wp-content\/uploads\/2021\/04\/maize-flour-grinding-machine-360x270.jpg 360w, https:\/\/www.agriculture-machine.com\/wp-content\/uploads\/2021\/04\/maize-flour-grinding-machine-240x180.jpg 240w\" sizes=\"auto, (max-width: 720px) 100vw, 720px\" \/><figcaption class=\"wp-element-caption\">M\u00e1y xay b\u1ed9t ng\u00f4<\/figcaption><\/figure>    <h2 class=\"wp-block-heading\">\u01afu \u0111i\u1ec3m c\u1ee7a m\u00e1y nghi\u1ec1n ng\u00f4<\/h2>    <ul class=\"wp-block-list\"> <li>Hi\u1ec7u qu\u1ea3 cao &amp; ti\u1ebft ki\u1ec7m n\u0103ng l\u01b0\u1ee3ng: ti\u00eau th\u1ee5 n\u0103ng l\u01b0\u1ee3ng th\u1ea5p, n\u0103ng su\u1ea5t cao, v\u00e0 s\u1ea3n l\u01b0\u1ee3ng h\u00e0ng ng\u00e0y \u1ed5n \u0111\u1ecbnh.<\/li>    <li>Chi\u1ebfm di\u1ec7n t\u00edch nh\u1ecf: t\u1ed5ng di\u1ec7n t\u00edch kh\u00f4ng qu\u00e1 3 m\u00e9t vu\u00f4ng, l\u00fd t\u01b0\u1edfng cho c\u00e1c x\u01b0\u1edfng nh\u1ecf v\u00e0 ho\u1ea1t \u0111\u1ed9ng t\u1ea1i nh\u00e0.<\/li>    <li>Ho\u1ea1t \u0111\u1ed9ng ho\u00e0n to\u00e0n t\u1ef1 \u0111\u1ed9ng: t\u1ef1 \u0111\u1ed9ng h\u00f3a qu\u00e1 tr\u00ecnh c\u1ea5p li\u1ec7u, nghi\u1ec1n, s\u00e0ng l\u1ecdc v\u00e0 ph\u00e2n lo\u1ea1i v\u1edbi \u0111i\u1ec1u khi\u1ec3n c\u1ee7a m\u1ed9t ng\u01b0\u1eddi v\u1eadn h\u00e0nh.<\/li>    <li>\u1ee8ng d\u1ee5ng \u0111a d\u1ea1ng: nghi\u1ec1n ng\u00f4 c\u00e1c k\u00edch c\u1ee1 kh\u00e1c nhau c\u00f9ng v\u1edbi c\u00e1c lo\u1ea1i ng\u0169 c\u1ed1c v\u00e0 \u0111\u1eadu.<\/li>    <li>An to\u00e0n v\u1ec7 sinh: t\u1ea5t c\u1ea3 c\u00e1c b\u1ec1 m\u1eb7t ti\u1ebfp x\u00fac \u0111\u1ec1u l\u00e0m b\u1eb1ng th\u00e9p kh\u00f4ng g\u1ec9 d\u1ec5 v\u1ec7 sinh v\u00e0 tu\u00e2n th\u1ee7 ti\u00eau chu\u1ea9n an to\u00e0n th\u1ef1c ph\u1ea9m.<\/li>    <li>Hi\u1ec7u su\u1ea5t cao &amp; ti\u1ebft ki\u1ec7m n\u0103ng l\u01b0\u1ee3ng: \u0111\u1ea1t n\u0103ng su\u1ea5t cao h\u01a1n 5% so v\u1edbi thi\u1ebft b\u1ecb t\u01b0\u01a1ng t\u1ef1 v\u1edbi tu\u1ed5i th\u1ecd tr\u00ean 5 n\u0103m.<\/li> <\/ul>    <figure class=\"wp-block-image aligncenter size-full wp-image-9843\"><img loading=\"lazy\" decoding=\"async\" width=\"720\" height=\"540\" src=\"https:\/\/www.agriculture-machine.com\/wp-content\/uploads\/2021\/04\/corn-flour-maize-flour-sorghum-flour-1.jpg\" alt=\"b\u1ed9t ng\u00f4, b\u1ed9t m\u00ec, b\u1ed9t l\u00faa m\u1ea1ch\" class=\"wp-image-9843\" srcset=\"https:\/\/www.agriculture-machine.com\/wp-content\/uploads\/2021\/04\/corn-flour-maize-flour-sorghum-flour-1.jpg 720w, https:\/\/www.agriculture-machine.com\/wp-content\/uploads\/2021\/04\/corn-flour-maize-flour-sorghum-flour-1-360x270.jpg 360w, https:\/\/www.agriculture-machine.com\/wp-content\/uploads\/2021\/04\/corn-flour-maize-flour-sorghum-flour-1-240x180.jpg 240w\" sizes=\"auto, (max-width: 720px) 100vw, 720px\" \/><figcaption class=\"wp-element-caption\">b\u1ed9t ng\u00f4, b\u1ed9t m\u00ec, b\u1ed9t l\u00faa m\u1ea1ch<\/figcaption><\/figure>    <h2 class=\"wp-block-heading\">C\u1ea5u tr\u00fac c\u1ee7a m\u00e1y xay b\u1ed9t l\u00faa m\u00ec v\u00e0 ng\u00f4<\/h2>    <p>C\u1ea5u tr\u00fac c\u1ee7a m\u00e1y xay b\u1ed9t ng\u00f4 g\u1ed3m c\u00f3 thi\u1ebft b\u1ecb nghi\u1ec1n, thi\u1ebft b\u1ecb s\u00e0ng l\u1ecdc, v\u00e0 phanh. H\u00ecnh d\u01b0\u1edbi gi\u1edbi thi\u1ec7u chi ti\u1ebft c\u1ea5u tr\u00fac v\u00e0 \u0111\u1eb7c \u0111i\u1ec3m c\u1ee7a m\u00e1y xay ng\u00f4 gia \u0111\u00ecnh nh\u1ecf.<\/p>    <p>M\u00e1y nghi\u1ec1n ng\u0169 c\u1ed1c n\u00e0y g\u1ed3m c\u00f3 tr\u1ee5c nghi\u1ec1n, \u0111\u1ea7u nghi\u1ec1n, b\u00e1nh \u0111\u00e0 phanh, qu\u1ea1t, c\u1eeda kh\u00ed, m\u00e0n h\u00ecnh tr\u00f2n, thi\u1ebft b\u1ecb x\u1ea3, h\u1ed9p ph\u00e2n ph\u1ed1i \u0111i\u1ec7n v\u00e0 c\u00e1c th\u00e0nh ph\u1ea7n ch\u00ednh kh\u00e1c. Trong \u0111\u00f3, h\u1ed9p ph\u00e2n ph\u1ed1i \u0111i\u1ec7n l\u00e0 \u0111\u1eb7c tr\u01b0ng c\u1ee7a nh\u00e0 m\u00e1y ch\u00fang t\u00f4i. Thi\u1ebft k\u1ebf n\u00e0y c\u0169ng l\u00e0 l\u00fd do nhi\u1ec1u kh\u00e1ch h\u00e0ng ch\u1ecdn m\u00e1y c\u1ee7a ch\u00fang t\u00f4i.<\/p>    <figure class=\"wp-block-image aligncenter size-full wp-image-9828\"><img loading=\"lazy\" decoding=\"async\" width=\"720\" height=\"540\" src=\"https:\/\/www.agriculture-machine.com\/wp-content\/uploads\/2021\/04\/the-structure-of-corn-flour-machine.jpg\" alt=\"C\u1ea5u tr\u00fac c\u1ee7a m\u00e1y xay b\u1ed9t ng\u00f4\" class=\"wp-image-9828\" srcset=\"https:\/\/www.agriculture-machine.com\/wp-content\/uploads\/2021\/04\/the-structure-of-corn-flour-machine.jpg 720w, https:\/\/www.agriculture-machine.com\/wp-content\/uploads\/2021\/04\/the-structure-of-corn-flour-machine-360x270.jpg 360w, https:\/\/www.agriculture-machine.com\/wp-content\/uploads\/2021\/04\/the-structure-of-corn-flour-machine-240x180.jpg 240w\" sizes=\"auto, (max-width: 720px) 100vw, 720px\" \/><figcaption class=\"wp-element-caption\">C\u1ea5u tr\u00fac c\u1ee7a m\u00e1y xay b\u1ed9t ng\u00f4<\/figcaption><\/figure>    <h2 class=\"wp-block-heading\">S\u1ef1 kh\u00e1c bi\u1ec7t gi\u1eefa m\u00e1y l\u00e0m g\u1ea1ch ng\u0169 c\u1ed1c v\u00e0 m\u00e1y nghi\u1ec1n ng\u00f4<\/h2>    <ul class=\"wp-block-list\"> <li><strong>B\u00f3c v\u1ecf ng\u00f4 v\u00e0 <a href=\"https:\/\/www.agriculture-machine.com\/vi\/corn-grits-making-machine\/\">m\u00e1y l\u00e0m g\u1ea1ch<\/a><\/strong> c\u0169ng g\u1ecdi l\u00e0 m\u00e1y l\u00e0m g\u1ea1ch ng\u0169 c\u1ed1c. M\u00e1y n\u00e0y s\u1eed d\u1ee5ng h\u1ea1t ng\u00f4 l\u00e0m nguy\u00ean li\u1ec7u \u0111\u1ec3 ho\u00e0n th\u00e0nh c\u00e1c c\u00f4ng \u0111o\u1ea1n l\u00e0m s\u1ea1ch, b\u00f3c v\u1ecf, lo\u1ea1i b\u1ecf m\u1ea7m, lo\u1ea1i b\u1ecf r\u1ec5, lo\u1ea1i b\u1ecf navel \u0111en, nghi\u1ec1n, l\u00e0m g\u1ea1ch, ph\u00e2n lo\u1ea1i, \u0111\u00e1nh b\u00f3ng, v.v. <\/li>    <li>Quy tr\u00ecnh ho\u00e0n th\u00e0nh trong m\u1ed9t l\u1ea7n, c\u00f3 th\u1ec3 s\u1ea3n xu\u1ea5t c\u00e1c k\u00edch c\u1ee1 kh\u00e1c nhau c\u1ee7a g\u1ea1ch ng\u00f4 v\u00e0 b\u1ed9t ng\u00f4. C\u00e1c g\u1ea1ch ng\u00f4 n\u00e0y c\u00f3 th\u1ec3 \u0111\u01b0\u1ee3c \u0111\u01b0a tr\u1ef1c ti\u1ebfp v\u00e0o si\u00eau th\u1ecb v\u00e0 th\u1ecb tr\u01b0\u1eddng b\u00e1n bu\u00f4n ng\u0169 c\u1ed1c v\u00e0 d\u1ea7u m\u1ee1.<\/li> <\/ul>    <figure class=\"wp-block-image aligncenter size-full\"><img loading=\"lazy\" decoding=\"async\" width=\"720\" height=\"540\" src=\"https:\/\/www.agriculture-machine.com\/wp-content\/uploads\/2021\/04\/corn-grit-making-machine.jpg\" alt=\"m\u00e1y l\u00e0m g\u1ea1ch ng\u0169 c\u1ed1c\" class=\"wp-image-9830\" srcset=\"https:\/\/www.agriculture-machine.com\/wp-content\/uploads\/2021\/04\/corn-grit-making-machine.jpg 720w, https:\/\/www.agriculture-machine.com\/wp-content\/uploads\/2021\/04\/corn-grit-making-machine-360x270.jpg 360w, https:\/\/www.agriculture-machine.com\/wp-content\/uploads\/2021\/04\/corn-grit-making-machine-240x180.jpg 240w\" sizes=\"auto, (max-width: 720px) 100vw, 720px\" \/><figcaption class=\"wp-element-caption\">m\u00e1y l\u00e0m g\u1ea1ch ng\u0169 c\u1ed1c<\/figcaption><\/figure>    <ul class=\"wp-block-list\"> <li>M\u00e1y <strong>m\u00e1y l\u00e0m b\u1ed9t ng\u00f4<\/strong> L\u00e0 m\u1ed9t t\u1eadp h\u1ee3p c\u1ee7a s\u00e0ng l\u1ecdc, nghi\u1ec1n v\u00e0 xay b\u1ed9t. C\u1ea5u tr\u00fac \u0111\u01a1n gi\u1ea3n, nh\u1ecf g\u1ecdn v\u00e0 nh\u1eb9. M\u00e1y n\u00e0y d\u00f9ng \u0111\u1ec3 ch\u1ebf bi\u1ebfn ng\u00f4 th\u00e0nh b\u1ed9t ng\u00f4, l\u00faa m\u1ea1ch th\u00e0nh b\u1ed9t l\u00faa m\u1ea1ch, v\u00e0 l\u00faa m\u00ec th\u00e0nh b\u1ed9t m\u00ec. <\/li>    <li>R\u1ea5t ti\u1ec7n l\u1ee3i v\u00e0 linh ho\u1ea1t \u0111\u1ec3 s\u1eed d\u1ee5ng. M\u1ed9t m\u00e1y c\u00f3 nhi\u1ec1u ch\u1ee9c n\u0103ng, ph\u00f9 h\u1ee3p cho c\u00e1c ho\u1ea1t \u0111\u1ed9ng ch\u1ebf bi\u1ebfn ng\u0169 c\u1ed1c v\u00e0 th\u1ee9c \u0103n nh\u1ecf \u1edf n\u00f4ng th\u00f4n.<br><\/li> <\/ul>    <figure class=\"wp-block-image aligncenter size-full\"><img loading=\"lazy\" decoding=\"async\" width=\"720\" height=\"540\" src=\"https:\/\/www.agriculture-machine.com\/wp-content\/uploads\/2021\/04\/maize-flour-grinding-machine-1.jpg\" alt=\"M\u00e1y xay b\u1ed9t ng\u00f4\" class=\"wp-image-9831\" srcset=\"https:\/\/www.agriculture-machine.com\/wp-content\/uploads\/2021\/04\/maize-flour-grinding-machine-1.jpg 720w, https:\/\/www.agriculture-machine.com\/wp-content\/uploads\/2021\/04\/maize-flour-grinding-machine-1-360x270.jpg 360w, https:\/\/www.agriculture-machine.com\/wp-content\/uploads\/2021\/04\/maize-flour-grinding-machine-1-240x180.jpg 240w\" sizes=\"auto, (max-width: 720px) 100vw, 720px\" \/><figcaption class=\"wp-element-caption\">M\u00e1y xay b\u1ed9t ng\u00f4<\/figcaption><\/figure>    <p>C\u00f4ng ty s\u1ea3n xu\u1ea5t m\u00e1y m\u00f3c Taizy cung c\u1ea5p m\u00e1y xay b\u1ed9t, m\u00e1y l\u00e0m b\u1ed9t ng\u00f4 nh\u1ecf, m\u00e1y xay b\u1ed9t, m\u00e1y xay b\u1ed9t \u0111\u00e1, m\u00e1y m\u00f3c l\u00e0m b\u1ed9t v\u00e0 c\u00e1c thi\u1ebft b\u1ecb kh\u00e1c. N\u1ebfu b\u1ea1n mu\u1ed1n bi\u1ebft gi\u00e1 c\u1ee7a m\u00e1y xay b\u1ed9t, vui l\u00f2ng li\u00ean h\u1ec7 \u0111\u1ec3 \u0111\u01b0\u1ee3c t\u01b0 v\u1ea5n.<\/p>    <h2 class=\"wp-block-heading\">C\u00e1c tr\u01b0\u1eddng h\u1ee3p th\u00e0nh c\u00f4ng<\/h2>    <p>Thi\u1ebft b\u1ecb c\u1ee7a ch\u00fang t\u00f4i \u0111\u00e3 \u0111\u01b0\u1ee3c xu\u1ea5t kh\u1ea9u sang h\u01a1n 50 qu\u1ed1c gia, nh\u01b0 Zimbabwe, Colombia, Ghana, Pakistan, Sri Lanka v\u00e0 Yemen, bao ph\u1ee7 to\u00e0n b\u1ed9 ng\u00e0nh c\u00f4ng nghi\u1ec7p ch\u1ebf bi\u1ebfn ng\u0169 c\u1ed1c. <\/p>    <p>\u0110\u1ec3 tr\u00e1nh va ch\u1ea1m c\u1ee7a m\u00e1y trong qu\u00e1 tr\u00ecnh v\u1eadn chuy\u1ec3n, ch\u00fang t\u00f4i s\u1eed d\u1ee5ng gi\u00e1 s\u1eaft \u0111\u1ec3 c\u1ed1 \u0111\u1ecbnh m\u00e1y r\u1ed3i \u0111\u00f3ng g\u00f3i trong h\u1ed9p g\u1ed7. Do \u0111\u00f3, m\u1ed7i m\u00e1y xay b\u1ed9t ng\u00f4 xu\u1ea5t kh\u1ea9u c\u1ee7a ch\u00fang t\u00f4i \u0111\u1ec1u kh\u00f4ng g\u1eb7p ph\u1ea3i h\u01b0 h\u1ecfng.<\/p>    <figure class=\"wp-block-gallery has-nested-images columns-3 is-cropped wp-block-gallery-2 is-layout-flex wp-block-gallery-is-layout-flex\"> <figure class=\"wp-block-image size-large\"><a href=\"https:\/\/www.agriculture-machine.com\/wp-content\/uploads\/2021\/04\/packing-maize-flour1.jpg\"><img loading=\"lazy\" decoding=\"async\" width=\"720\" height=\"540\" data-id=\"9832\" src=\"https:\/\/www.agriculture-machine.com\/wp-content\/uploads\/2021\/04\/packing-maize-flour1.jpg\" alt=\"\u0111\u00f3ng g\u00f3i m\u00e1y xay b\u1ed9t ng\u00f4\" class=\"wp-image-9832\" srcset=\"https:\/\/www.agriculture-machine.com\/wp-content\/uploads\/2021\/04\/packing-maize-flour1.jpg 720w, https:\/\/www.agriculture-machine.com\/wp-content\/uploads\/2021\/04\/packing-maize-flour1-360x270.jpg 360w, https:\/\/www.agriculture-machine.com\/wp-content\/uploads\/2021\/04\/packing-maize-flour1-240x180.jpg 240w\" sizes=\"auto, (max-width: 720px) 100vw, 720px\" \/><\/a><figcaption class=\"wp-element-caption\">\u0111\u00f3ng g\u00f3i m\u00e1y xay b\u1ed9t ng\u00f4<\/figcaption><\/figure>    <figure class=\"wp-block-image size-large\"><a href=\"https:\/\/www.agriculture-machine.com\/wp-content\/uploads\/2021\/04\/packing-maize-flour2.jpg\"><img loading=\"lazy\" decoding=\"async\" width=\"720\" height=\"540\" data-id=\"9833\" src=\"https:\/\/www.agriculture-machine.com\/wp-content\/uploads\/2021\/04\/packing-maize-flour2.jpg\" alt=\"m\u00e1y l\u00e0m b\u1ed9t ng\u00f4 \u0111\u1ec3 b\u00e1n\" class=\"wp-image-9833\" srcset=\"https:\/\/www.agriculture-machine.com\/wp-content\/uploads\/2021\/04\/packing-maize-flour2.jpg 720w, https:\/\/www.agriculture-machine.com\/wp-content\/uploads\/2021\/04\/packing-maize-flour2-360x270.jpg 360w, https:\/\/www.agriculture-machine.com\/wp-content\/uploads\/2021\/04\/packing-maize-flour2-240x180.jpg 240w\" sizes=\"auto, (max-width: 720px) 100vw, 720px\" \/><\/a><figcaption class=\"wp-element-caption\">m\u00e1y l\u00e0m b\u1ed9t ng\u00f4 \u0111\u1ec3 b\u00e1n<\/figcaption><\/figure>    <figure class=\"wp-block-image size-large\"><a href=\"https:\/\/www.agriculture-machine.com\/wp-content\/uploads\/2021\/04\/packing-maize-flour3.jpg\"><img loading=\"lazy\" decoding=\"async\" width=\"720\" height=\"540\" data-id=\"9834\" src=\"https:\/\/www.agriculture-machine.com\/wp-content\/uploads\/2021\/04\/packing-maize-flour3.jpg\" alt=\"Bao b\u00ec m\u00e1y l\u00e0m b\u1ed9t ng\u00f4\" class=\"wp-image-9834\" srcset=\"https:\/\/www.agriculture-machine.com\/wp-content\/uploads\/2021\/04\/packing-maize-flour3.jpg 720w, https:\/\/www.agriculture-machine.com\/wp-content\/uploads\/2021\/04\/packing-maize-flour3-360x270.jpg 360w, https:\/\/www.agriculture-machine.com\/wp-content\/uploads\/2021\/04\/packing-maize-flour3-240x180.jpg 240w\" sizes=\"auto, (max-width: 720px) 100vw, 720px\" \/><\/a><figcaption class=\"wp-element-caption\">Bao b\u00ec m\u00e1y l\u00e0m b\u1ed9t ng\u00f4<\/figcaption><\/figure> <\/figure>    <h2 class=\"wp-block-heading\">M\u00e1y xay x\u00e1t ng\u00f4 c\u00f3 l\u1ee3i nhu\u1eadn \u1edf Kenya kh\u00f4ng?<\/h2>    <p>T\u1ea5t nhi\u00ean, n\u00f3 sinh l\u1ee3i. C\u00e1c c\u00e2y tr\u1ed3ng ph\u1ed5 bi\u1ebfn nh\u1ea5t c\u1ee7a n\u00f4ng d\u00e2n Kenya l\u00e0 ng\u00f4, g\u1ea1o, v\u00e0 l\u00faa m\u00ec. \u0110\u00fang l\u00fac \u0111\u00f3, m\u00e1y c\u1ee7a ch\u00fang t\u00f4i c\u00f3 th\u1ec3 nghi\u1ec1n ng\u00f4, l\u00faa m\u00ec, l\u00faa m\u1ea1ch, v.v. Ng\u01b0\u1eddi d\u00e2n d\u1ef1a v\u00e0o th\u1ef1c ph\u1ea9m, v\u00e0 nhi\u1ec1u n\u00f4ng d\u00e2n s\u1ebd ti\u00eau th\u1ee5 b\u1ed9t ng\u00f4 v\u00e0 b\u1ed9t m\u00ec, \u0111i\u1ec1u n\u00e0y c\u00f3 th\u1ec3 mang l\u1ea1i l\u1ee3i nhu\u1eadn cao cho b\u1ea1n n\u1ebfu b\u1ea1n \u0111\u1ea7u t\u01b0 v\u00e0o m\u00e1y xay b\u1ed9t ng\u00f4 v\u00e0 l\u00faa m\u00ec.<\/p>    <h2 class=\"wp-block-heading\">M\u00e1y xay b\u1ed9t gi\u00e1 bao nhi\u00eau?<\/h2>    <p class=\"translation-block\">Ch\u00fang t\u00f4i l\u00e0 nh\u00e0 s\u1ea3n xu\u1ea5t m\u00e1y m\u00f3c n\u00f4ng nghi\u1ec7p chuy\u00ean nghi\u1ec7p. Ngo\u00e0i m\u00e1y xay b\u1ed9t ng\u00f4 c\u00f4ng su\u1ea5t 500 kg, ch\u00fang t\u00f4i c\u00f2n c\u00f3 m\u00e1y xay b\u1ed9t ng\u00f4 600 kg, 800 kg v\u00e0 1000 kg. Do \u0111\u00f3, gi\u00e1 c\u1ee7a t\u1eebng m\u00e1y kh\u00e1c nhau. B\u1ea1n c\u00f3 th\u1ec3 li\u00ean h\u1ec7 t\u00f4i \u0111\u1ec3 bi\u1ebft gi\u00e1 c\u1ee7a <a href=\"https:\/\/www.agriculture-machine.com\/vi\/what-is-maize-flour-making-machine-price\/\">m\u00e1y xay b\u1ed9t ng\u00f4<\/a>.<\/p>    <h2 class=\"wp-block-heading\">Th\u00f4ng s\u1ed1 k\u1ef9 thu\u1eadt c\u1ee7a m\u00e1y l\u00e0m b\u1ed9t ng\u00f4<\/h2>    <figure class=\"wp-block-table is-style-stripes\"><table><tbody><tr><td>M\u1eabu<\/td><td>Dung t\u00edch<\/td><td>C\u00f4ng su\u1ea5t<\/td><td>Ch\u00fang t\u00f4i c\u00e2n<\/td><td>K\u00edch th\u01b0\u1edbc<\/td><\/tr><tr><td>6F35<\/td><td>0.3t\/h<\/td><td>9.7kw<\/td><td>800kg<\/td><td>2450*1000*3500mm<\/td><\/tr><tr><td>6F40<\/td><td>0.35t\/h<\/td><td>13.2kw<\/td><td>1000kg<\/td><td>2450*1000*3500mm<\/td><\/tr><tr><td>6F60<\/td><td>0.5t\/h<\/td><td>17.2kw<\/td><td>1,500kg<\/td><td>2550*1000*3500mm<\/td><\/tr><\/tbody><\/table><figcaption class=\"wp-element-caption\">Th\u00f4ng s\u1ed1 k\u1ef9 thu\u1eadt c\u1ee7a m\u00e1y l\u00e0m b\u1ed9t ng\u00f4<\/figcaption><\/figure>    <h2 class=\"wp-block-heading\">Li\u00ean h\u1ec7 v\u1edbi ch\u00fang t\u00f4i b\u1ea5t c\u1ee9 l\u00fac n\u00e0o<\/h2>    <p class=\"translation-block\">Ch\u00fang t\u00f4i \u0111\u00e3 tham gia v\u00e0o l\u0129nh v\u1ef1c thi\u1ebft b\u1ecb ch\u1ebf bi\u1ebfn ng\u00f4 v\u00e0 ng\u0169 c\u1ed1c h\u01a1n ba m\u01b0\u01a1i n\u0103m, v\u00e0 c\u00e1c thi\u1ebft b\u1ecb li\u00ean quan bao g\u1ed3m to\u00e0n b\u1ed9 ng\u00e0nh c\u00f4ng nghi\u1ec7p ng\u00f4 v\u00e0 <a href=\"https:\/\/en.wikipedia.org\/wiki\/Grain\" target=\"_blank\" rel=\"noopener\">ng\u0169 c\u1ed1c<\/a>.<\/p>    <p class=\"translation-block\">\u1ede Trung Qu\u1ed1c, thi\u1ebft b\u1ecb c\u1ee7a ch\u00fang t\u00f4i c\u00f3 tr\u00ecnh \u0111\u1ed9 k\u1ef9 thu\u1eadt h\u00e0ng \u0111\u1ea7u. Nh\u01b0 <a href=\"https:\/\/www.agriculture-machine.com\/vi\/corn-cleaner-machine\/\">m\u00e1y l\u00e0m s\u1ea1ch h\u1ea1t gi\u1ed1ng<\/a>, <a href=\"https:\/\/www.agriculture-machine.com\/vi\/maize-skin-peeling-machine-corn-skin-peeler-maize-peeling-machine\/\">m\u00e1y b\u00f3c v\u1ecf h\u1ea1t ng\u00f4<\/a>, m\u00e1y xay x\u00e1t ng\u00f4, v.v. N\u1ebfu b\u1ea1n quan t\u00e2m \u0111\u1ebfn thi\u1ebft b\u1ecb c\u1ee7a ch\u00fang t\u00f4i, vui l\u00f2ng li\u00ean h\u1ec7 v\u00e0 ch\u00fang t\u00f4i s\u1ebd cung c\u1ea5p gi\u00e1 t\u1ed1t nh\u1ea5t cho b\u1ea1n.<\/p>","protected":false},"excerpt":{"rendered":"<p>M\u00e1y xay b\u1ed9t ng\u00f4 nghi\u1ec1n c\u00e1c lo\u1ea1i ng\u0169 c\u1ed1c th\u00e0nh b\u1ed9t m\u1ecbn, \u0111\u1ed3ng \u0111\u1ec1u, ti\u1ebft ki\u1ec7m lao \u0111\u1ed9ng v\u00e0 y\u00eau c\u1ea7u kh\u00f4ng gian t\u1ed1i thi\u1ec3u. Ph\u00f9 h\u1ee3p cho c\u00e1c x\u01b0\u1edfng nh\u1ecf v\u00e0 ng\u00e0nh ch\u1ebf bi\u1ebfn th\u1ef1c ph\u1ea9m.<\/p>","protected":false},"author":1,"featured_media":9847,"parent":0,"comment_status":"closed","ping_status":"closed","template":"","tags":[491,924,135,158],"product-type":[900],"class_list":["post-9825","product","type-product","status-publish","has-post-thumbnail","hentry","tag-corn","tag-flour","tag-sorghum","tag-wheat","product-type-maize-flour-machine"],"_links":{"self":[{"href":"https:\/\/www.agriculture-machine.com\/vi\/wp-json\/wp\/v2\/product\/9825","targetHints":{"allow":["GET"]}}],"collection":[{"href":"https:\/\/www.agriculture-machine.com\/vi\/wp-json\/wp\/v2\/product"}],"about":[{"href":"https:\/\/www.agriculture-machine.com\/vi\/wp-json\/wp\/v2\/types\/product"}],"author":[{"embeddable":true,"href":"https:\/\/www.agriculture-machine.com\/vi\/wp-json\/wp\/v2\/users\/1"}],"replies":[{"embeddable":true,"href":"https:\/\/www.agriculture-machine.com\/vi\/wp-json\/wp\/v2\/comments?post=9825"}],"wp:featuredmedia":[{"embeddable":true,"href":"https:\/\/www.agriculture-machine.com\/vi\/wp-json\/wp\/v2\/media\/9847"}],"wp:attachment":[{"href":"https:\/\/www.agriculture-machine.com\/vi\/wp-json\/wp\/v2\/media?parent=9825"}],"wp:term":[{"taxonomy":"post_tag","embeddable":true,"href":"https:\/\/www.agriculture-machine.com\/vi\/wp-json\/wp\/v2\/tags?post=9825"},{"taxonomy":"product-type","embeddable":true,"href":"https:\/\/www.agriculture-machine.com\/vi\/wp-json\/wp\/v2\/product-type?post=9825"}],"curies":[{"name":"wp","href":"https:\/\/api.w.org\/{rel}","templated":true}]}}