{"id":9922,"date":"2021-04-14T18:34:07","date_gmt":"2021-04-14T10:34:07","guid":{"rendered":"https:\/\/www.agriculture-machine.com\/?p=9922"},"modified":"2024-09-18T15:53:40","modified_gmt":"2024-09-18T07:53:40","slug":"maize-skin-peeling-machine-corn-skin-peeler-maize-peeling-machine","status":"publish","type":"product","link":"https:\/\/www.agriculture-machine.com\/vi\/maize-skin-peeling-machine-corn-skin-peeler-maize-peeling-machine\/","title":{"rendered":"M\u00e1y t\u00e1ch v\u1ecf ng\u00f4"},"content":{"rendered":"<p>M\u00e1y b\u00f3c v\u1ecf h\u1ea1t ng\u00f4 d\u00f9ng \u0111\u1ec3 lo\u1ea1i b\u1ecf l\u1edbp v\u1ecf ngo\u00e0i c\u1ee7a ng\u00f4, m\u1ea7m, v\u00e0 nghi\u1ec1n nh\u1ecf ng\u00f4 th\u00e0nh h\u1ea1t ng\u00f4 nh\u1ecf. M\u00e1y n\u00e0y s\u1eed d\u1ee5ng con l\u0103n m\u00e0i m\u00f2n v\u00e0 l\u01b0\u1edbi l\u1ecdc l\u00e0m t\u1eeb v\u1eadt li\u1ec7u \u0111\u1eb7c bi\u1ec7t. Ng\u00f4 \u0111\u01b0\u1ee3c nghi\u1ec1n nh\u1eb9 b\u1eb1ng c\u00e1ch \u0111i\u1ec1u ch\u1ec9nh khe h\u1edf v\u00e0 \u00e1p l\u1ef1c. S\u1ea3n ph\u1ea9m ho\u00e0n ch\u1ec9nh c\u00f3 \u0111\u1ed9 \u0111\u1ed3ng \u0111\u1ec1u, m\u1ecbn, kh\u00f4ng c\u00f3 m\u1ea7m \u0111en, kh\u00f4ng c\u00f3 v\u1ecf c\u00e1m.<\/p>    <p>Th\u01b0\u1eddng \u0111\u1ea1t t\u1ef7 l\u1ec7 b\u00f3c v\u1ecf t\u1eeb 85% \u0111\u1ebfn 95%, c\u00f3 th\u1ec3 thay \u0111\u1ed5i t\u00f9y theo m\u1eabu m\u00e1y, gi\u1ed1ng ng\u00f4 v\u00e0 \u0111\u1ed9 \u1ea9m ho\u1eb7c kh\u00f4 c\u1ee7a ng\u00f4. Ng\u00f4 sau khi b\u00f3c v\u1ecf c\u00f3 v\u1ecb ngon v\u00e0 d\u1ec5 ch\u1ebf bi\u1ebfn th\u00e0nh b\u1ed9t ng\u00f4, c\u00e1c lo\u1ea1i snack kh\u00e1c nhau, v.v. Ng\u00f4 kh\u00f4ng v\u1ecf do m\u00e1y n\u00e0y s\u1ea3n xu\u1ea5t c\u0169ng c\u00f3 th\u1ec3 d\u00f9ng \u0111\u1ec3 ch\u1ebf bi\u1ebfn th\u1ee9c \u0103n ch\u0103n nu\u00f4i ch\u1ea5t l\u01b0\u1ee3ng cao. M\u00e1y n\u00e0y c\u0169ng ph\u00f9 h\u1ee3p cho l\u00faa m\u00ec.<\/p>    <figure class=\"wp-block-embed aligncenter is-type-video is-provider-youtube wp-block-embed-youtube wp-embed-aspect-16-9 wp-has-aspect-ratio\"><div class=\"wp-block-embed__wrapper\"> <iframe loading=\"lazy\" title=\"M\u00e1y b\u00f3c v\u1ecf h\u1ea1t ng\u00f4 nhanh!#ng\u00f4 #h\u1ea1tng\u00f4 #b\u00f3c v\u1ecf\" width=\"500\" height=\"281\" src=\"https:\/\/www.youtube.com\/embed\/UVmJFJyhZLk?feature=oembed\" frameborder=\"0\" allow=\"accelerometer; autoplay; clipboard-write; encrypted-media; gyroscope; picture-in-picture; web-share\" referrerpolicy=\"strict-origin-when-cross-origin\" allowfullscreen><\/iframe> <\/div><figcaption class=\"wp-element-caption\">Video ho\u1ea1t \u0111\u1ed9ng c\u1ee7a m\u00e1y b\u00f3c v\u1ecf h\u1ea1t ng\u00f4<\/figcaption><\/figure>    <p class=\"translation-block\">Ngo\u00e0i m\u00e1y b\u00f3c v\u1ecf h\u1ea1t ng\u00f4 n\u00e0y, ch\u00fang t\u00f4i c\u00f2n c\u00f3 <a href=\"https:\/\/www.agriculture-machine.com\/vi\/corn-grits-making-machine\/\"><strong><em>m\u00e1y l\u00e0m c\u00e1m ng\u00f4<\/em><\/strong><\/a>, m\u00e1y n\u00e0y b\u00f3c v\u1ecf ng\u00f4 v\u00e0 nghi\u1ec1n th\u00e0nh c\u00e1m ng\u00f4 v\u00e0 b\u1ed9t ng\u00f4. Tr\u01b0\u1edbc khi s\u1eed d\u1ee5ng m\u00e1y b\u00f3c v\u1ecf ho\u1eb7c m\u00e1y l\u00e0m c\u00e1m ng\u00f4, b\u1ea1n c\u0169ng c\u00f3 th\u1ec3 d\u00f9ng <a href=\"https:\/\/www.agriculture-machine.com\/vi\/maize-peeler-and-thresher\/\"><strong><em>m\u00e1y x\u00e1t ng\u00f4<\/em><\/strong><\/a> \u0111\u1ec3 ti\u1ebft ki\u1ec7m th\u1eddi gian v\u00e0 c\u00f4ng s\u1ee9c.<\/p>    <figure class=\"wp-block-gallery has-nested-images columns-2 is-cropped wp-block-gallery-2 is-layout-flex wp-block-gallery-is-layout-flex\"> <figure class=\"wp-block-image size-large\"><img loading=\"lazy\" decoding=\"async\" width=\"720\" height=\"540\" data-id=\"12988\" src=\"https:\/\/www.agriculture-machine.com\/wp-content\/uploads\/2022\/04\/maize-peeler0.jpg\" alt=\"m\u00e1y b\u00f3c v\u1ecf ng\u00f4\" class=\"wp-image-12988\" title=\"m\u00e1y b\u00f3c v\u1ecf ng\u00f4\" srcset=\"https:\/\/www.agriculture-machine.com\/wp-content\/uploads\/2022\/04\/maize-peeler0.jpg 720w, https:\/\/www.agriculture-machine.com\/wp-content\/uploads\/2022\/04\/maize-peeler0-360x270.jpg 360w, https:\/\/www.agriculture-machine.com\/wp-content\/uploads\/2022\/04\/maize-peeler0-240x180.jpg 240w\" sizes=\"auto, (max-width: 720px) 100vw, 720px\" \/><figcaption class=\"wp-element-caption\">m\u00e1y b\u00f3c v\u1ecf ng\u00f4<\/figcaption><\/figure>    <figure class=\"wp-block-image size-large\"><img loading=\"lazy\" decoding=\"async\" width=\"720\" height=\"540\" data-id=\"12989\" src=\"https:\/\/www.agriculture-machine.com\/wp-content\/uploads\/2022\/04\/corn-skin-peeler0.jpg\" alt=\"M\u00e1y b\u00f3c v\u1ecf ng\u00f4\" class=\"wp-image-12989\" title=\"M\u00e1y b\u00f3c v\u1ecf ng\u00f4\" srcset=\"https:\/\/www.agriculture-machine.com\/wp-content\/uploads\/2022\/04\/corn-skin-peeler0.jpg 720w, https:\/\/www.agriculture-machine.com\/wp-content\/uploads\/2022\/04\/corn-skin-peeler0-360x270.jpg 360w, https:\/\/www.agriculture-machine.com\/wp-content\/uploads\/2022\/04\/corn-skin-peeler0-240x180.jpg 240w\" sizes=\"auto, (max-width: 720px) 100vw, 720px\" \/><figcaption class=\"wp-element-caption\">M\u00e1y b\u00f3c v\u1ecf ng\u00f4<\/figcaption><\/figure>    <figure class=\"wp-block-image size-large\"><img loading=\"lazy\" decoding=\"async\" width=\"720\" height=\"540\" data-id=\"12990\" src=\"https:\/\/www.agriculture-machine.com\/wp-content\/uploads\/2022\/04\/Corn-kernel-peeling-machine0.jpg\" alt=\"M\u00e1y b\u00f3c v\u1ecf h\u1ea1t ng\u00f4\" class=\"wp-image-12990\" title=\"M\u00e1y b\u00f3c v\u1ecf h\u1ea1t ng\u00f4\" srcset=\"https:\/\/www.agriculture-machine.com\/wp-content\/uploads\/2022\/04\/Corn-kernel-peeling-machine0.jpg 720w, https:\/\/www.agriculture-machine.com\/wp-content\/uploads\/2022\/04\/Corn-kernel-peeling-machine0-360x270.jpg 360w, https:\/\/www.agriculture-machine.com\/wp-content\/uploads\/2022\/04\/Corn-kernel-peeling-machine0-240x180.jpg 240w\" sizes=\"auto, (max-width: 720px) 100vw, 720px\" \/><figcaption class=\"wp-element-caption\">M\u00e1y b\u00f3c v\u1ecf h\u1ea1t ng\u00f4<\/figcaption><\/figure>    <figure class=\"wp-block-image size-large\"><img loading=\"lazy\" decoding=\"async\" width=\"720\" height=\"540\" data-id=\"12991\" src=\"https:\/\/www.agriculture-machine.com\/wp-content\/uploads\/2022\/04\/Maize-skin-peeling-machine-.jpg\" alt=\"M\u00e1y b\u00f3c v\u1ecf ng\u00f4\" class=\"wp-image-12991\" title=\"m\u00e1y b\u00f3c v\u1ecf ng\u00f4\" srcset=\"https:\/\/www.agriculture-machine.com\/wp-content\/uploads\/2022\/04\/Maize-skin-peeling-machine-.jpg 720w, https:\/\/www.agriculture-machine.com\/wp-content\/uploads\/2022\/04\/Maize-skin-peeling-machine--360x270.jpg 360w, https:\/\/www.agriculture-machine.com\/wp-content\/uploads\/2022\/04\/Maize-skin-peeling-machine--240x180.jpg 240w\" sizes=\"auto, (max-width: 720px) 100vw, 720px\" \/><figcaption class=\"wp-element-caption\">m\u00e1y b\u00f3c v\u1ecf ng\u00f4<\/figcaption><\/figure> <\/figure>    <h2 class=\"wp-block-heading\" id=\"h-structure-of-maize-skin-peeling-machine\">C\u1ea5u tr\u00fac c\u1ee7a m\u00e1y b\u00f3c v\u1ecf v\u1ecf ng\u00f4<\/h2>    <p>This corn skin peeler machine is relatively small and easy to operate. The corn removal white skin machine can be equipped with two different power modes, a diesel engine, and an electric motor. So, the power can meet many customers&#8217; needs.<\/p>    <p>Nh\u01b0 h\u00ecnh d\u01b0\u1edbi \u0111\u00e2y cho th\u1ea5y, m\u00e1y b\u00f3c v\u1ecf h\u1ea1t ng\u00f4 ch\u1ee7 y\u1ebfu g\u1ed3m c\u00f3 b\u1ed9 c\u1ea5p li\u1ec7u, v\u00edt \u0111i\u1ec1u ch\u1ec9nh t\u1ed1c \u0111\u1ed9 c\u1ea5p li\u1ec7u, l\u1ed7 tho\u00e1t h\u1ea1t nh\u1ecf, l\u01b0\u1ee1i dao b\u00f3c v\u1ecf, l\u1ed7 tho\u00e1t v\u1ecf, l\u1ed7 tho\u00e1t s\u1ea3n ph\u1ea9m ho\u00e0n ch\u1ec9nh, v.v.<\/p>    <figure class=\"wp-block-image aligncenter size-full\"><img loading=\"lazy\" decoding=\"async\" width=\"720\" height=\"540\" src=\"https:\/\/www.agriculture-machine.com\/wp-content\/uploads\/2022\/04\/corn-skin-removers-structure-0.jpg\" alt=\"C\u1ea5u tr\u00fac c\u1ee7a m\u00e1y lo\u1ea1i b\u1ecf v\u1ecf ng\u00f4 \" class=\"wp-image-12984\" title=\"C\u1ea5u tr\u00fac c\u1ee7a m\u00e1y lo\u1ea1i b\u1ecf v\u1ecf ng\u00f4 \" srcset=\"https:\/\/www.agriculture-machine.com\/wp-content\/uploads\/2022\/04\/corn-skin-removers-structure-0.jpg 720w, https:\/\/www.agriculture-machine.com\/wp-content\/uploads\/2022\/04\/corn-skin-removers-structure-0-360x270.jpg 360w, https:\/\/www.agriculture-machine.com\/wp-content\/uploads\/2022\/04\/corn-skin-removers-structure-0-240x180.jpg 240w\" sizes=\"auto, (max-width: 720px) 100vw, 720px\" \/><figcaption class=\"wp-element-caption\">corn skin remover&#8217;s structure <\/figcaption><\/figure>    <h2 class=\"wp-block-heading\" id=\"h-applications-of-maize-peeling-machine\">\u1ee8ng d\u1ee5ng c\u1ee7a m\u00e1y b\u00f3c v\u1ecf h\u1ea1t ng\u00f4<\/h2>    <h3 class=\"wp-block-heading\" id=\"h-it-is-suitable-for-peeling-corn-in-small-grain-processing-plants-mills\">Ph\u00f9 h\u1ee3p \u0111\u1ec3 b\u00f3c v\u1ecf ng\u00f4 trong c\u00e1c nh\u00e0 m\u00e1y ch\u1ebf bi\u1ebfn h\u1ea1t nh\u1ecf (c\u1ed1i xay)<\/h3>    <p>Ng\u00f4 \u0111\u00e3 b\u00f3c d\u1ec5 d\u00e0ng h\u01a1n \u0111\u1ec3 l\u00e0m c\u00e1m ng\u00f4 v\u00e0 b\u1ed9t ng\u00f4, ch\u1ea5t l\u01b0\u1ee3ng c\u0169ng t\u1ed1t h\u01a1n. N\u00f3 c\u0169ng l\u00e0 m\u1ed9t m\u00e1y b\u00f3c v\u1ecf ng\u00f4 gia \u0111\u00ecnh.<\/p>    <figure class=\"wp-block-image aligncenter size-full wp-image-9946\"><img loading=\"lazy\" decoding=\"async\" width=\"720\" height=\"540\" src=\"https:\/\/www.agriculture-machine.com\/wp-content\/uploads\/2021\/04\/corn-grits-and-cornflour.jpg\" alt=\"c\u00e1m ng\u00f4 v\u00e0 b\u1ed9t ng\u00f4\" class=\"wp-image-9946\" srcset=\"https:\/\/www.agriculture-machine.com\/wp-content\/uploads\/2021\/04\/corn-grits-and-cornflour.jpg 720w, https:\/\/www.agriculture-machine.com\/wp-content\/uploads\/2021\/04\/corn-grits-and-cornflour-360x270.jpg 360w, https:\/\/www.agriculture-machine.com\/wp-content\/uploads\/2021\/04\/corn-grits-and-cornflour-240x180.jpg 240w\" sizes=\"auto, (max-width: 720px) 100vw, 720px\" \/><figcaption class=\"wp-element-caption\">c\u00e1m ng\u00f4 v\u00e0 b\u1ed9t ng\u00f4<\/figcaption><\/figure>    <h3 class=\"wp-block-heading\" id=\"h-maize-peeling-machine-used-in-chicken-feed-processing-industry\">S\u1eed d\u1ee5ng trong ng\u00e0nh ch\u1ebf bi\u1ebfn th\u1ee9c \u0103n gia c\u1ea7m<\/h3>    <p>Trong qu\u00e1 tr\u00ecnh ch\u1ebf bi\u1ebfn th\u1ee9c \u0103n gia c\u1ea7m v\u00e0 th\u1ee9c \u0103n gia s\u00fac truy\u1ec1n th\u1ed1ng, ph\u1ea7n l\u1edbn vi\u00ean ng\u00f4 ch\u1ee7 y\u1ebfu \u0111\u01b0\u1ee3c s\u1eed d\u1ee5ng. M\u00e1y \u00e9p vi\u00ean truy\u1ec1n th\u1ed1ng x\u00e1c \u0111\u1ecbnh k\u00edch th\u01b0\u1edbc c\u1ee7a c\u00e1c h\u1ea1t v\u1eadt li\u1ec7u b\u1eb1ng c\u00e1ch \u0111i\u1ec1u ch\u1ec9nh b\u00e1nh r\u0103ng. <\/p>    <p>V\u00ec c\u00e1c s\u1ea3n ph\u1ea9m th\u1ee9c \u0103n gia s\u00fac \u0111\u00e3 qua ch\u1ebf bi\u1ebfn b\u1edfi m\u00e1y \u00e9p vi\u00ean th\u01b0\u1eddng c\u00f3 qu\u00e1 nhi\u1ec1u b\u1ee5i v\u1ecf v\u00e0 m\u1ea7m \u0111en, v\u00e0 c\u00e1c h\u1ea1t kh\u00f4ng m\u1ecbn. Th\u1ecb tr\u01b0\u1eddng th\u1ee9c \u0103n gia c\u1ea7m th\u01b0\u1eddng kh\u00f4ng th\u1ec3 m\u1edf r\u1ed9ng do nh\u1eefng nh\u01b0\u1ee3c \u0111i\u1ec3m n\u00e0y. V\u00ec v\u1eady, ng\u00e0y c\u00e0ng nhi\u1ec1u th\u1ee9c \u0103n gia c\u1ea7m v\u00e0 gia c\u1ea7m s\u1eed d\u1ee5ng m\u00e1y b\u00f3c v\u1ecf h\u1ea1t ng\u00f4.<\/p>    <figure class=\"wp-block-image aligncenter size-full wp-image-9947\"><img loading=\"lazy\" decoding=\"async\" width=\"720\" height=\"540\" src=\"https:\/\/www.agriculture-machine.com\/wp-content\/uploads\/2021\/04\/peel-corn-white-skin.jpg\" alt=\"b\u00f3c v\u1ecf l\u1edbp v\u1ecf tr\u1eafng c\u1ee7a ng\u00f4\" class=\"wp-image-9947\" srcset=\"https:\/\/www.agriculture-machine.com\/wp-content\/uploads\/2021\/04\/peel-corn-white-skin.jpg 720w, https:\/\/www.agriculture-machine.com\/wp-content\/uploads\/2021\/04\/peel-corn-white-skin-360x270.jpg 360w, https:\/\/www.agriculture-machine.com\/wp-content\/uploads\/2021\/04\/peel-corn-white-skin-240x180.jpg 240w\" sizes=\"auto, (max-width: 720px) 100vw, 720px\" \/><figcaption class=\"wp-element-caption\">b\u00f3c v\u1ecf l\u1edbp v\u1ecf tr\u1eafng c\u1ee7a ng\u00f4<\/figcaption><\/figure>    <h2 class=\"wp-block-heading\">Th\u00f4ng s\u1ed1 k\u1ef9 thu\u1eadt c\u1ee7a m\u00e1y b\u00f3c v\u1ecf v\u1ecf ng\u00f4<\/h2>    <figure class=\"wp-block-table is-style-stripes\"><table><tbody><tr><td>T\u00ean<\/td><td>M\u00e1y b\u00f3c v\u1ecf ng\u00f4<\/td><\/tr><tr><td>C\u00f4ng su\u1ea5t<\/td><td>\u0110\u1ed9ng c\u01a1 \u0111i\u1ec7n 5.5kw ho\u1eb7c \u0111\u1ed9ng c\u01a1 diesel 12hp<\/td><\/tr><tr><td>Dung t\u00edch<\/td><td>300-500kg\/h<\/td><\/tr><tr><td>Tr\u1ecdng l\u01b0\u1ee3ng<\/td><td>100kg<\/td><\/tr><tr><td>K\u00edch th\u01b0\u1edbc<\/td><td>660*450*1020mm<\/td><\/tr><\/tbody><\/table><figcaption class=\"wp-element-caption\">corn skin peeler&#8217;s parameter <\/figcaption><\/figure>    <h2 class=\"wp-block-heading\" id=\"h-what-is-the-corn-peeling-machine-price\">M\u00e1y b\u00f3c v\u1ecf ng\u00f4 gi\u00e1 bao nhi\u00eau?<\/h2>    <p class=\"translation-block\">Tr\u01b0\u1edbc ti\u00ean, b\u1ea1n c\u1ea7n x\u00e1c \u0111\u1ecbnh r\u00f5 lo\u1ea1i m\u00e1y b\u00f3c v\u1ecf h\u1ea1t ng\u00f4 b\u1ea1n mu\u1ed1n. Ch\u00fang t\u00f4i c\u00f3 m\u00e1y b\u00f3c v\u1ecf ng\u00f4 nh\u1ecf n\u00e0y, c\u0169ng nh\u01b0 m\u00e1y l\u00e0m c\u00e1m ng\u00f4 \u0111\u1eb7c bi\u1ec7t (<strong><em><a href=\"https:\/\/www.agriculture-machine.com\/vi\/what-is-maize-flour-making-machine-price\/\">Gi\u00e1 m\u00e1y l\u00e0m b\u1ed9t ng\u00f4<\/a><\/em><\/strong>), m\u00e1y n\u00e0y c\u0169ng c\u00f3 th\u1ec3 b\u00f3c l\u1edbp v\u1ecf tr\u1eafng c\u1ee7a ng\u00f4. Nh\u01b0ng gi\u00e1 c\u1ee7a hai m\u00e1y n\u00e0y r\u1ea5t kh\u00e1c nhau.<\/p>    <p>Ngo\u00e0i ra, m\u00e1y b\u00f3c v\u1ecf h\u1ea1t ng\u00f4 c\u1ee7a ch\u00fang t\u00f4i c\u00f3 th\u1ec3 \u0111\u01b0\u1ee3c trang b\u1ecb \u0111\u1ed9ng c\u01a1 \u0111i\u1ec7n ho\u1eb7c \u0111\u1ed9ng c\u01a1 diesel, v\u00ec v\u1eady gi\u00e1 c\u1ea3 kh\u00f4ng c\u1ed1 \u0111\u1ecbnh. N\u1ebfu b\u1ea1n mu\u1ed1n bi\u1ebft gi\u00e1 m\u00e1y b\u00f3c v\u1ecf ng\u00f4, vui l\u00f2ng cho ch\u00fang t\u00f4i bi\u1ebft hi\u1ec7u qu\u1ea3 b\u1ea1n mu\u1ed1n x\u1eed l\u00fd ng\u00f4.<\/p>    <figure class=\"wp-block-embed aligncenter is-type-video is-provider-youtube wp-block-embed-youtube wp-embed-aspect-16-9 wp-has-aspect-ratio\"><div class=\"wp-block-embed__wrapper\"> <iframe loading=\"lazy\" title=\"M\u00e1y b\u00f3c v\u1ecf h\u1ea1t ng\u00f4 hi\u1ec7u su\u1ea5t cao: Ho\u00e0n h\u1ea3o cho l\u00faa m\u00ec, ng\u00f4, l\u00faa m\u1ea1ch!#ng\u0169 c\u1ed1c #b\u00f3c v\u1ecf\" width=\"500\" height=\"281\" src=\"https:\/\/www.youtube.com\/embed\/0wQ4TkY_6SY?feature=oembed\" frameborder=\"0\" allow=\"accelerometer; autoplay; clipboard-write; encrypted-media; gyroscope; picture-in-picture; web-share\" referrerpolicy=\"strict-origin-when-cross-origin\" allowfullscreen><\/iframe> <\/div><figcaption class=\"wp-element-caption\">Video ho\u1ea1t \u0111\u1ed9ng c\u1ee7a m\u00e1y b\u00f3c v\u1ecf h\u1ea1t ng\u0169 c\u1ed1c<\/figcaption><\/figure>    <h2 class=\"wp-block-heading\">L\u1ee3i \u00edch c\u1ee7a vi\u1ec7c b\u00f3c v\u1ecf ng\u00f4<\/h2>    <p>V\u1ecf ng\u00f4, ph\u1ee5 ph\u1ea9m c\u1ee7a qu\u00e1 tr\u00ecnh ch\u1ebf bi\u1ebfn ng\u00f4, ch\u1ee7 y\u1ebfu g\u1ed3m ch\u1ea5t x\u01a1, tinh b\u1ed9t v\u00e0 protein, kh\u00f4ng b\u1ed5 d\u01b0\u1ee1ng b\u1eb1ng ph\u1ea7n c\u00f2n l\u1ea1i. H\u01a1n n\u1eefa, v\u1ecb c\u1ee7a v\u1ecf ng\u00f4 r\u1ea5t k\u00e9m. <\/p>    <p>Khi ch\u1ebf bi\u1ebfn b\u1ed9t ng\u00f4, b\u1ed9t ng\u00f4 c\u00e1m v\u00e0 th\u1ef1c ph\u1ea9m t\u1eeb ng\u00f4, nh\u00e0 s\u1ea3n xu\u1ea5t s\u1ebd b\u00f3c v\u1ecf ng\u00f4 tr\u01b0\u1edbc khi ti\u1ebfp t\u1ee5c ch\u1ebf bi\u1ebfn.<\/p>    <ul class=\"wp-block-list\"> <li>B\u1eb1ng c\u00e1ch b\u00f3c v\u1ecf ng\u00f4, l\u01b0\u1ee3ng v\u1ecf ng\u00f4 do thi\u1ebft b\u1ecb ch\u1ebf bi\u1ebfn ng\u00f4 s\u1ea3n xu\u1ea5t ra \u00edt h\u01a1n, t\u1eeb \u0111\u00f3 c\u00f3 th\u1ec3 n\u00e2ng cao ch\u1ea5t l\u01b0\u1ee3ng s\u1ea3n ph\u1ea9m.<\/li>    <li>Ph\u1ea7n ph\u00f4i v\u00e0 n\u1ed9i nh\u0169 c\u1ee7a ng\u00f4 \u0111\u01b0\u1ee3c bao b\u1ecdc b\u1edfi v\u1ecf. Sau khi b\u00f3c v\u1ecf, d\u1ec5 d\u00e0ng t\u00e1ch ra, t\u1eeb \u0111\u00f3 n\u00e2ng cao hi\u1ec7u qu\u1ea3 x\u00e1c \u0111\u1ecbnh.<\/li>    <li>Sau khi b\u00f3c v\u1ecf, c\u00f3 th\u1ec3 n\u00e2ng cao ch\u1ea5t l\u01b0\u1ee3ng \u0103n c\u1ee7a c\u00e1c lo\u1ea1i th\u1ef1c ph\u1ea9m do ng\u00f4 s\u1ea3n xu\u1ea5t.<\/li>    <li>L\u1edbp v\u1ecf ngo\u00e0i c\u1ee7a ng\u00f4 c\u00f3 th\u1ec3 ch\u1ee9a c\u00e1c ch\u1ea5t \u0111\u1ed9c h\u1ea1i, c\u00f3 th\u1ec3 lo\u1ea1i b\u1ecf b\u1eb1ng c\u00e1ch t\u00e1ch v\u1ecf, n\u00e2ng cao \u0111\u1ed9 tinh khi\u1ebft c\u1ee7a s\u1ea3n ph\u1ea9m.<\/li> <\/ul>    <figure class=\"wp-block-gallery has-nested-images columns-default is-cropped wp-block-gallery-3 is-layout-flex wp-block-gallery-is-layout-flex\"> <figure class=\"wp-block-image size-large\"><img loading=\"lazy\" decoding=\"async\" width=\"720\" height=\"540\" data-id=\"16361\" src=\"https:\/\/www.agriculture-machine.com\/wp-content\/uploads\/2021\/04\/maize-kernel-peeler.webp\" alt=\"m\u00e1y b\u00f3c v\u1ecf h\u1ea1t ng\u00f4\" class=\"wp-image-16361\" srcset=\"https:\/\/www.agriculture-machine.com\/wp-content\/uploads\/2021\/04\/maize-kernel-peeler.webp 720w, https:\/\/www.agriculture-machine.com\/wp-content\/uploads\/2021\/04\/maize-kernel-peeler-360x270.webp 360w, https:\/\/www.agriculture-machine.com\/wp-content\/uploads\/2021\/04\/maize-kernel-peeler-240x180.webp 240w, https:\/\/www.agriculture-machine.com\/wp-content\/uploads\/2021\/04\/maize-kernel-peeler-16x12.webp 16w\" sizes=\"auto, (max-width: 720px) 100vw, 720px\" \/><figcaption class=\"wp-element-caption\">m\u00e1y b\u00f3c v\u1ecf h\u1ea1t ng\u00f4<\/figcaption><\/figure>    <figure class=\"wp-block-image size-large\"><img loading=\"lazy\" decoding=\"async\" width=\"720\" height=\"540\" data-id=\"16362\" src=\"https:\/\/www.agriculture-machine.com\/wp-content\/uploads\/2021\/04\/corn-kernel-peel-remover.webp\" alt=\"M\u00e1y lo\u1ea1i b\u1ecf v\u1ecf h\u1ea1t ng\u00f4\" class=\"wp-image-16362\" srcset=\"https:\/\/www.agriculture-machine.com\/wp-content\/uploads\/2021\/04\/corn-kernel-peel-remover.webp 720w, https:\/\/www.agriculture-machine.com\/wp-content\/uploads\/2021\/04\/corn-kernel-peel-remover-360x270.webp 360w, https:\/\/www.agriculture-machine.com\/wp-content\/uploads\/2021\/04\/corn-kernel-peel-remover-240x180.webp 240w, https:\/\/www.agriculture-machine.com\/wp-content\/uploads\/2021\/04\/corn-kernel-peel-remover-16x12.webp 16w\" sizes=\"auto, (max-width: 720px) 100vw, 720px\" \/><figcaption class=\"wp-element-caption\">M\u00e1y lo\u1ea1i b\u1ecf v\u1ecf h\u1ea1t ng\u00f4<\/figcaption><\/figure> <\/figure>    <h2 class=\"wp-block-heading\" id=\"h-which-countries-have-we-exported\">C\u00e1c qu\u1ed1c gia n\u00e0o \u0111\u00e3 xu\u1ea5t kh\u1ea9u m\u00e1y c\u1ee7a ch\u00fang t\u00f4i?<\/h2>    <p>Ch\u00fang t\u00f4i \u0111\u00f3ng g\u00f3i c\u1ea9n th\u1eadn c\u00e1c m\u00e1y b\u00f3c v\u1ecf h\u1ea1t ng\u00f4 xu\u1ea5t kh\u1ea9u \u0111\u1ec3 tr\u00e1nh va \u0111\u1eadp trong qu\u00e1 tr\u00ecnh v\u1eadn chuy\u1ec3n. Hi\u1ec7n t\u1ea1i, ch\u00fang t\u00f4i xu\u1ea5t kh\u1ea9u sang Ukraine, Nigeria, Ghana, Morocco, Bangladesh, Philippines, Malaysia, v.v. D\u01b0\u1edbi \u0111\u00e2y l\u00e0 h\u00ecnh \u1ea3nh \u0111\u00f3ng g\u00f3i v\u00e0 v\u1eadn chuy\u1ec3n c\u00e1c m\u00e1y b\u00f3c v\u1ecf ng\u00f4 nh\u1ecf c\u1ee7a ch\u00fang t\u00f4i t\u1edbi kh\u00e1ch h\u00e0ng t\u1eeb Morocco.<\/p>    <p>Kh\u00e1ch h\u00e0ng c\u00f3 m\u1ed9t c\u1eeda h\u00e0ng b\u00e1n c\u00e1c lo\u1ea1i m\u00e1y m\u00f3c n\u00f4ng nghi\u1ec7p nh\u1ecf. Qua t\u00ecm hi\u1ec3u, \u00f4ng nh\u1eadn th\u1ea5y c\u00f3 nhu c\u1ea7u \u0111\u1ecba ph\u01b0\u01a1ng v\u1ec1 b\u00f3c v\u1ecf ng\u00f4. V\u00ec v\u1eady, \u00f4ng mu\u1ed1n mua v\u00e0i m\u00e1y b\u00f3c v\u1ecf ng\u00f4. Cu\u1ed1i c\u00f9ng, \u00f4ng \u0111\u00e3 \u0111\u1eb7t h\u00e0ng 20 b\u1ed9 m\u00e1y b\u00f3c v\u1ecf v\u1ecf ng\u00f4.<\/p>    <figure class=\"wp-block-gallery has-nested-images columns-2 is-cropped wp-block-gallery-4 is-layout-flex wp-block-gallery-is-layout-flex\"> <figure class=\"wp-block-image size-large\"><a href=\"https:\/\/www.agriculture-machine.com\/wp-content\/uploads\/2022\/04\/wooden-case-packing-of-corn-skin-remover-.jpg\"><img loading=\"lazy\" decoding=\"async\" width=\"720\" height=\"540\" data-id=\"13004\" src=\"https:\/\/www.agriculture-machine.com\/wp-content\/uploads\/2022\/04\/wooden-case-packing-of-corn-skin-remover-.jpg\" alt=\"\u0110\u00f3ng g\u00f3i b\u1eb1ng h\u1ed9p g\u1ed7 c\u1ee7a m\u00e1y lo\u1ea1i b\u1ecf v\u1ecf ng\u00f4 \" class=\"wp-image-13004\" title=\"\u0110\u00f3ng g\u00f3i b\u1eb1ng h\u1ed9p g\u1ed7 c\u1ee7a m\u00e1y lo\u1ea1i b\u1ecf v\u1ecf ng\u00f4 \" srcset=\"https:\/\/www.agriculture-machine.com\/wp-content\/uploads\/2022\/04\/wooden-case-packing-of-corn-skin-remover-.jpg 720w, https:\/\/www.agriculture-machine.com\/wp-content\/uploads\/2022\/04\/wooden-case-packing-of-corn-skin-remover--360x270.jpg 360w, https:\/\/www.agriculture-machine.com\/wp-content\/uploads\/2022\/04\/wooden-case-packing-of-corn-skin-remover--240x180.jpg 240w\" sizes=\"auto, (max-width: 720px) 100vw, 720px\" \/><\/a><figcaption class=\"wp-element-caption\">\u0110\u00f3ng g\u00f3i b\u1eb1ng h\u1ed9p g\u1ed7 c\u1ee7a m\u00e1y lo\u1ea1i b\u1ecf v\u1ecf ng\u00f4<\/figcaption><\/figure>    <figure class=\"wp-block-image size-large\"><a href=\"https:\/\/www.agriculture-machine.com\/wp-content\/uploads\/2022\/04\/laoding-and-shipping-of-corn-kernel-peeler-.jpg\"><img loading=\"lazy\" decoding=\"async\" width=\"720\" height=\"540\" data-id=\"13007\" src=\"https:\/\/www.agriculture-machine.com\/wp-content\/uploads\/2022\/04\/laoding-and-shipping-of-corn-kernel-peeler-.jpg\" alt=\"Vi\u1ec7c x\u1ebfp d\u1ee1 v\u00e0 v\u1eadn chuy\u1ec3n m\u00e1y b\u00f3c v\u1ecf h\u1ea1t ng\u00f4\" class=\"wp-image-13007\" title=\"Vi\u1ec7c x\u1ebfp d\u1ee1 v\u00e0 v\u1eadn chuy\u1ec3n m\u00e1y b\u00f3c v\u1ecf h\u1ea1t ng\u00f4\" srcset=\"https:\/\/www.agriculture-machine.com\/wp-content\/uploads\/2022\/04\/laoding-and-shipping-of-corn-kernel-peeler-.jpg 720w, https:\/\/www.agriculture-machine.com\/wp-content\/uploads\/2022\/04\/laoding-and-shipping-of-corn-kernel-peeler--360x270.jpg 360w, https:\/\/www.agriculture-machine.com\/wp-content\/uploads\/2022\/04\/laoding-and-shipping-of-corn-kernel-peeler--240x180.jpg 240w\" sizes=\"auto, (max-width: 720px) 100vw, 720px\" \/><\/a><figcaption class=\"wp-element-caption\">Vi\u1ec7c x\u1ebfp d\u1ee1 v\u00e0 v\u1eadn chuy\u1ec3n m\u00e1y b\u00f3c v\u1ecf h\u1ea1t ng\u00f4<\/figcaption><\/figure> <\/figure>    <h2 class=\"wp-block-heading\" id=\"h-client-feedback-on-maize-skin-peeler\">Ph\u1ea3n h\u1ed3i c\u1ee7a kh\u00e1ch h\u00e0ng v\u1ec1 m\u00e1y b\u00f3c v\u1ecf ng\u00f4<\/h2>    <p>Kh\u00e1ch h\u00e0ng c\u1ee7a ch\u00fang t\u00f4i r\u1ea5t khen ng\u1ee3i c\u00e1c m\u00e1y xu\u1ea5t kh\u1ea9u. B\u1edfi v\u00ec ch\u00fang t\u00f4i \u0111\u00f3ng g\u00f3i m\u00e1y c\u1ea9n th\u1eadn tr\u01b0\u1edbc khi xu\u1ea5t kh\u1ea9u \u0111\u1ec3 tr\u00e1nh va \u0111\u1eadp trong qu\u00e1 tr\u00ecnh v\u1eadn chuy\u1ec3n. Sau khi kh\u00e1ch h\u00e0ng nh\u1eadn \u0111\u01b0\u1ee3c m\u00e1y b\u00f3c v\u1ecf h\u1ea1t ng\u00f4, ch\u00fang t\u00f4i s\u1ebd h\u01b0\u1edbng d\u1eabn c\u1ea9n th\u1eadn c\u00e1ch l\u1eafp \u0111\u1eb7t v\u00e0 s\u1eed d\u1ee5ng m\u00e1y. Do \u0111\u00f3, ph\u1ea3n h\u1ed3i t\u1eeb kh\u00e1ch h\u00e0ng c\u1ee7a ch\u00fang t\u00f4i r\u1ea5t t\u1ed1t.<\/p>    <figure class=\"wp-block-image aligncenter size-full wp-image-9945\"><img loading=\"lazy\" decoding=\"async\" width=\"720\" height=\"540\" src=\"https:\/\/www.agriculture-machine.com\/wp-content\/uploads\/2021\/04\/Client-Feedback-of-Corn-Skin-Peeler.jpg\" alt=\"Ph\u1ea3n h\u1ed3i c\u1ee7a kh\u00e1ch h\u00e0ng v\u1ec1 m\u00e1y b\u00f3c v\u1ecf h\u1ea1t ng\u00f4\" class=\"wp-image-9945\" srcset=\"https:\/\/www.agriculture-machine.com\/wp-content\/uploads\/2021\/04\/Client-Feedback-of-Corn-Skin-Peeler.jpg 720w, https:\/\/www.agriculture-machine.com\/wp-content\/uploads\/2021\/04\/Client-Feedback-of-Corn-Skin-Peeler-360x270.jpg 360w, https:\/\/www.agriculture-machine.com\/wp-content\/uploads\/2021\/04\/Client-Feedback-of-Corn-Skin-Peeler-240x180.jpg 240w\" sizes=\"auto, (max-width: 720px) 100vw, 720px\" \/><figcaption class=\"wp-element-caption\">Ph\u1ea3n h\u1ed3i c\u1ee7a kh\u00e1ch h\u00e0ng v\u1ec1 m\u00e1y b\u00f3c v\u1ecf h\u1ea1t ng\u00f4<\/figcaption><\/figure>    <p>N\u1ebfu b\u1ea1n quan t\u00e2m \u0111\u1ebfn m\u00e1y c\u1ee7a ch\u00fang t\u00f4i ho\u1eb7c mu\u1ed1n bi\u1ebft th\u00eam th\u00f4ng tin chi ti\u1ebft, b\u1ea1n c\u00f3 th\u1ec3 \u0111i\u1ec1n tr\u1ef1c ti\u1ebfp nhu c\u1ea7u c\u1ee5 th\u1ec3 c\u1ee7a m\u00ecnh qua m\u1eabu \u1edf b\u00ean ph\u1ea3i. Ch\u00fang t\u00f4i s\u1ebd ph\u1ea3n h\u1ed3i b\u1ea1n k\u1ecbp th\u1eddi!<\/p>","protected":false},"excerpt":{"rendered":"<p>M\u00e1y b\u00f3c v\u1ecf h\u1ea1t ng\u00f4 lo\u1ea1i b\u1ecf l\u1edbp v\u1ecf tr\u1eafng b\u00ean ngo\u00e0i c\u1ee7a ng\u00f4. Ng\u00f4 \u0111\u00e3 b\u00f3c v\u1ecf c\u00f3 th\u1ec3 d\u00f9ng \u0111\u1ec3 l\u00e0m c\u00e1m ng\u00f4, v.v.<\/p>","protected":false},"author":1,"featured_media":12983,"parent":0,"comment_status":"closed","ping_status":"closed","template":"","tags":[491,2613],"product-type":[874],"class_list":["post-9922","product","type-product","status-publish","has-post-thumbnail","hentry","tag-corn","tag-peeling","product-type-grains-peeling-machine"],"_links":{"self":[{"href":"https:\/\/www.agriculture-machine.com\/vi\/wp-json\/wp\/v2\/product\/9922","targetHints":{"allow":["GET"]}}],"collection":[{"href":"https:\/\/www.agriculture-machine.com\/vi\/wp-json\/wp\/v2\/product"}],"about":[{"href":"https:\/\/www.agriculture-machine.com\/vi\/wp-json\/wp\/v2\/types\/product"}],"author":[{"embeddable":true,"href":"https:\/\/www.agriculture-machine.com\/vi\/wp-json\/wp\/v2\/users\/1"}],"replies":[{"embeddable":true,"href":"https:\/\/www.agriculture-machine.com\/vi\/wp-json\/wp\/v2\/comments?post=9922"}],"wp:featuredmedia":[{"embeddable":true,"href":"https:\/\/www.agriculture-machine.com\/vi\/wp-json\/wp\/v2\/media\/12983"}],"wp:attachment":[{"href":"https:\/\/www.agriculture-machine.com\/vi\/wp-json\/wp\/v2\/media?parent=9922"}],"wp:term":[{"taxonomy":"post_tag","embeddable":true,"href":"https:\/\/www.agriculture-machine.com\/vi\/wp-json\/wp\/v2\/tags?post=9922"},{"taxonomy":"product-type","embeddable":true,"href":"https:\/\/www.agriculture-machine.com\/vi\/wp-json\/wp\/v2\/product-type?post=9922"}],"curies":[{"name":"wp","href":"https:\/\/api.w.org\/{rel}","templated":true}]}}