{"id":9924,"date":"2021-04-14T16:11:54","date_gmt":"2021-04-14T08:11:54","guid":{"rendered":"https:\/\/www.agriculture-machine.com\/?p=9924"},"modified":"2024-08-20T17:43:13","modified_gmt":"2024-08-20T09:43:13","slug":"vegetable-seed-planters-vegetable-sowing-machine","status":"publish","type":"product","link":"https:\/\/www.agriculture-machine.com\/vi\/vegetable-seed-planters-vegetable-sowing-machine\/","title":{"rendered":"M\u00e1y gieo h\u1ea1t rau c\u1ee7 | M\u00e1y gieo h\u1ea1t"},"content":{"rendered":"<h2 class=\"wp-block-heading\">Gi\u1edbi thi\u1ec7u ng\u1eafn g\u1ecdn v\u1ec1 m\u00e1y gieo h\u1ea1t rau<\/h2>    <p>M\u1ed9t m\u00e1y gieo tr\u1ed3ng rau l\u00e0 m\u1ed9t m\u00e1y gieo h\u1ea1t t\u1ef1 \u0111\u1ed9ng cao. B\u1ea1n c\u00f3 th\u1ec3 s\u1eed d\u1ee5ng c\u00e1c khu\u00f4n b\u00e1nh xe kh\u00e1c nhau cho c\u00e1c lo\u1ea1i rau kh\u00e1c nhau. <\/p>    <p>Ph\u00f9 h\u1ee3p \u0111\u1ec3 tr\u1ed3ng c\u00e0 r\u1ed1t, c\u1ee7 c\u1ea3i \u0111\u1ecf, \u00f4 liu, s\u00fap l\u01a1, m\u00f9 t\u1ea1t, c\u1ee7 c\u1ea3i tr\u1eafng, c\u1ea3i th\u00eca, rau ch\u00e2n v\u1ecbt, rau d\u1ec1n, c\u1ea7n t\u00e2y, h\u00e0nh l\u00e1, rau m\u00f9i, rau bi\u1ec3n, b\u1eafp c\u1ea3i, rau arugula, rau ch\u00e2n v\u1ecbt n\u01b0\u1edbc, v\u00e0 m\u1ed9t s\u1ed1 lo\u1ea1i rau kh\u00e1c. M\u00e1y gieo h\u1ea1t rau c\u00f3 th\u1ec3 l\u00e0m cho vi\u1ec7c tr\u1ed3ng rau nhanh h\u01a1n v\u00e0 hi\u1ec7u qu\u1ea3 h\u01a1n.<\/p>    <figure class=\"wp-block-embed aligncenter is-type-video is-provider-youtube wp-block-embed-youtube wp-embed-aspect-16-9 wp-has-aspect-ratio\"><div class=\"wp-block-embed__wrapper\"> <iframe loading=\"lazy\" title=\"M\u00e1y gieo h\u1ea1t rau | M\u00e1y gieo h\u1ea1t rau th\u1ee7 c\u00f4ng | gieo h\u1ea1t rau b\u1eb1ng tay\" width=\"500\" height=\"281\" src=\"https:\/\/www.youtube.com\/embed\/KYVzcSCBFWg?list=PL58YSJlfYgUlvljp-hHHOMNqePkLFUp2k\" frameborder=\"0\" allow=\"accelerometer; autoplay; clipboard-write; encrypted-media; gyroscope; picture-in-picture; web-share\" referrerpolicy=\"strict-origin-when-cross-origin\" allowfullscreen><\/iframe> <\/div><figcaption class=\"wp-element-caption\">video ho\u1ea1t \u0111\u1ed9ng c\u1ee7a thi\u1ebft b\u1ecb gieo tr\u1ed3ng rau ch\u00ednh x\u00e1c<\/figcaption><\/figure>    <h2 class=\"wp-block-heading\">C\u1ea5u tr\u00fac c\u1ee7a m\u00e1y gieo h\u1ea1t rau<\/h2>    <p>M\u1ed9t m\u00e1y gieo h\u1ea1t rau g\u1ed3m c\u00f3 b\u00e1nh xe, h\u1ed9p h\u1ea1t gi\u1ed1ng, thi\u1ebft b\u1ecb \u0111\u1ecbnh l\u01b0\u1ee3ng h\u1ea1t, m\u1edf r\u00e3nh, ph\u1ee7 \u0111\u1ea5t, d\u1ee5ng c\u1ee5, l\u1ed1p xe, \u0111\u1ed9ng c\u01a1 x\u0103ng, tay v\u1ecbn, v.v. B\u00e1nh xe cung c\u1ea5p n\u0103ng l\u01b0\u1ee3ng cho thi\u1ebft b\u1ecb \u0111\u1ecbnh l\u01b0\u1ee3ng h\u1ea1t, c\u00f3 \u0111\u01b0\u1eddng k\u00ednh l\u1edbn v\u00e0 m\u00f3c k\u1eb9p tr\u00ean v\u00e0nh. <\/p>    <p>B\u00e1nh xe \u1ea5n \u0111\u1ecbnh c\u00f3 \u0111\u01b0\u1eddng k\u00ednh nh\u1ecf v\u00e0 b\u1ec1 m\u1eb7t tr\u01a1n tru, m\u1ed9t s\u1ed1 \u0111\u01b0\u1ee3c ph\u1ee7 cao su \u0111\u1ec3 tr\u00e1nh \u0111\u1ea5t s\u00e9t nh\u1edd \u0111\u1ed9 \u0111\u00e0n h\u1ed3i c\u1ee7a cao su. Hai b\u00e1nh xe n\u00e0y c\u0169ng \u0111\u00f3ng vai tr\u00f2 \u0111\u1ecbnh h\u00ecnh \u0111\u1ecba h\u00ecnh v\u00e0 gi\u1edbi h\u1ea1n \u0111\u1ed9 s\u00e2u. C\u00e1c lo\u1ea1i h\u1ed9p h\u1ea1t gi\u1ed1ng kh\u00e1c nhau ph\u00f9 h\u1ee3p v\u1edbi c\u00e1c lo\u1ea1i rau kh\u00e1c nhau. B\u1ea1n c\u00f3 th\u1ec3 d\u1ec5 d\u00e0ng v\u00e0 t\u1ef1 do thay \u0111\u1ed5i ch\u00fang.<\/p>    <figure class=\"wp-block-image aligncenter size-full wp-image-9928\"><img loading=\"lazy\" decoding=\"async\" width=\"720\" height=\"540\" src=\"https:\/\/www.agriculture-machine.com\/wp-content\/uploads\/2021\/04\/structures-of-vegetable-seed-sowing-machine.jpg\" alt=\"C\u1ea5u tr\u00fac c\u1ee7a m\u00e1y gieo h\u1ea1t gi\u1ed1ng rau\" class=\"wp-image-9928\" srcset=\"https:\/\/www.agriculture-machine.com\/wp-content\/uploads\/2021\/04\/structures-of-vegetable-seed-sowing-machine.jpg 720w, https:\/\/www.agriculture-machine.com\/wp-content\/uploads\/2021\/04\/structures-of-vegetable-seed-sowing-machine-360x270.jpg 360w, https:\/\/www.agriculture-machine.com\/wp-content\/uploads\/2021\/04\/structures-of-vegetable-seed-sowing-machine-240x180.jpg 240w\" sizes=\"auto, (max-width: 720px) 100vw, 720px\" \/><figcaption class=\"wp-element-caption\">C\u1ea5u tr\u00fac c\u1ee7a m\u00e1y gieo h\u1ea1t gi\u1ed1ng rau<\/figcaption><\/figure>    <h2 class=\"wp-block-heading\">L\u1ee3i \u00edch c\u1ee7a vi\u1ec7c s\u1eed d\u1ee5ng m\u00e1y gieo h\u1ea1t<\/h2>    <ol class=\"wp-block-list\"> <li>Ti\u1ebft ki\u1ec7m th\u1eddi gian v\u00e0 c\u00f4ng lao \u0111\u1ed9ng l\u1edbn. So v\u1edbi gieo h\u1ea1t th\u1ee7 c\u00f4ng, t\u1ed1c \u0111\u1ed9 c\u1ee7a c\u00e1c m\u00e1y gieo h\u1ea1t rau cao h\u01a1n h\u01a1n 15 l\u1ea7n so v\u1edbi c\u00f4ng nh\u00e2n.<\/li>    <li>Hi\u1ec7u qu\u1ea3 gieo tr\u1ed3ng c\u0169ng t\u1ed1t h\u01a1n. C\u00e2y con c\u1ee7a m\u1ed7i c\u00e2y kh\u1ecfe h\u01a1n, v\u00e0 n\u0103ng su\u1ea5t c\u00f3 th\u1ec3 t\u0103ng t\u1eeb 10 \u0111\u1ebfn 20%.<\/li>    <li>M\u00e1y n\u00e0y d\u1ec5 v\u1eadn h\u00e0nh. N\u00f3 ph\u1ed5 bi\u1ebfn trong c\u1ed9ng \u0111\u1ed3ng tr\u1ed3ng rau.<\/li>    <li>Ph\u00f9 h\u1ee3p \u0111\u1ec3 gieo tr\u1ed3ng nhi\u1ec1u lo\u1ea1i rau kh\u00e1c nhau. Nghi\u00ean c\u1ee9u v\u00e0 ph\u00e1t tri\u1ec3n m\u00e1y gieo h\u1ea1t rau \u0111\u00e3 tr\u1ea3i qua nhi\u1ec1u n\u0103m c\u1ea3i ti\u1ebfn v\u00e0 ti\u1ebfn b\u1ed9. N\u00f3 c\u00f3 th\u1ec3 \u0111\u00e1p \u1ee9ng nhu c\u1ea7u c\u1ee7a kh\u00e1ch h\u00e0ng trong m\u1ecdi kh\u00eda c\u1ea1nh v\u00e0 ph\u00f9 h\u1ee3p \u0111\u1ec3 tr\u1ed3ng nhi\u1ec1u lo\u1ea1i rau kh\u00e1c nhau.<\/li>    <li>\u0110\u1ed9i ng\u0169 nghi\u00ean c\u1ee9u v\u00e0 ph\u00e1t tri\u1ec3n c\u00f4ng ngh\u1ec7 c\u1ed1t l\u00f5i c\u1ee7a c\u00e1c nh\u00e0 s\u1ea3n xu\u1ea5t m\u00e1y gieo h\u1ea1t rau r\u1ea5t m\u1ea1nh. Trong qu\u00e1 tr\u00ecnh nghi\u00ean c\u1ee9u v\u00e0 ph\u00e1t tri\u1ec3n, c\u00e1c y\u00eau c\u1ea7u v\u00e0 chi ti\u1ebft c\u1ee7a qu\u00e1 tr\u00ecnh gieo h\u1ea1t ch\u00ednh x\u00e1c c\u00f3 th\u1ec3 \u0111\u01b0\u1ee3c xem x\u00e9t \u0111\u1ea7y \u0111\u1ee7. Do \u0111\u00f3, qu\u00e1 tr\u00ecnh gieo h\u1ea1t rau c\u00f3 th\u1ec3 chuy\u00ean nghi\u1ec7p v\u00e0 hi\u1ec7u qu\u1ea3 cao h\u01a1n.<\/li> <\/ol>    <figure class=\"wp-block-image aligncenter size-full wp-image-9929\"><img loading=\"lazy\" decoding=\"async\" width=\"720\" height=\"540\" src=\"https:\/\/www.agriculture-machine.com\/wp-content\/uploads\/2021\/04\/vegetable-seed-sowing.jpg\" alt=\"gieo h\u1ea1t rau\" class=\"wp-image-9929\" srcset=\"https:\/\/www.agriculture-machine.com\/wp-content\/uploads\/2021\/04\/vegetable-seed-sowing.jpg 720w, https:\/\/www.agriculture-machine.com\/wp-content\/uploads\/2021\/04\/vegetable-seed-sowing-360x270.jpg 360w, https:\/\/www.agriculture-machine.com\/wp-content\/uploads\/2021\/04\/vegetable-seed-sowing-240x180.jpg 240w\" sizes=\"auto, (max-width: 720px) 100vw, 720px\" \/><figcaption class=\"wp-element-caption\">gieo h\u1ea1t rau<\/figcaption><\/figure>    <h2 class=\"wp-block-heading\">Nguy\u00ean l\u00fd ho\u1ea1t \u0111\u1ed9ng c\u1ee7a m\u00e1y gieo h\u1ea1t gi\u1ed1ng rau<\/h2>    <p>Nguy\u00ean l\u00fd ho\u1ea1t \u0111\u1ed9ng c\u1ee7a m\u00e1y gieo h\u1ea1t rau l\u00e0 s\u1eed d\u1ee5ng h\u1ec7 th\u1ed1ng \u0111i\u1ec1u khi\u1ec3n \u0111\u1ed3ng h\u1ed3 \u0111\u1ec3 ki\u1ec3m so\u00e1t ch\u00ednh x\u00e1c s\u1ed1 h\u1ea1t gi\u1ed1ng ti\u1ebfp theo. <\/p>    <p>Khi gieo tr\u1ed3ng, c\u00f3 th\u1ec3 thi\u1ebft l\u1eadp theo kho\u1ea3ng c\u00e1ch, v\u00e0 h\u1ea1t gi\u1ed1ng c\u00f3 th\u1ec3 \u0111\u01b0\u1ee3c ch\u00f4n \u0111\u1ec1u trong \u0111\u1ea5t, v\u00e0 \u0111\u1ed9 s\u00e2u c\u0169ng c\u00f3 th\u1ec3 \u0111\u01b0\u1ee3c thi\u1ebft l\u1eadp. <\/p>    <p>\u0110i\u1ec1u n\u00e0y c\u00f3 th\u1ec3 l\u00e0m cho hi\u1ec7u qu\u1ea3 tr\u1ed3ng t\u1ed1t h\u01a1n, gi\u1ea3m c\u00f4ng lao \u0111\u1ed9ng ph\u1ea3i qu\u1ef3 xu\u1ed1ng tr\u1ed3ng c\u00e2y b\u1eb1ng tay, v\u00e0 tr\u00e1nh vi\u1ec7c ph\u1ea3i ki\u1ec3m tra s\u1ef1 ph\u00e1t tri\u1ec3n c\u1ee7a c\u00e2y b\u1ea5t c\u1ee9 l\u00fac n\u00e0o.<\/p>    <h2 class=\"wp-block-heading\">Xu\u1ea5t kh\u1ea9u m\u00e1y gieo h\u1ea1t rau<\/h2>    <p class=\"translation-block\"><a href=\"https:\/\/www.agriculture-machine.com\/vi\/\">C\u00f4ng ty TNHH M\u00e1y m\u00f3c Zhengzhou Taizy<\/a> \u0111\u00e3 ho\u1ea1t \u0111\u1ed9ng trong l\u0129nh v\u1ef1c xu\u1ea5t kh\u1ea9u m\u00e1y m\u00f3c v\u00e0 thi\u1ebft b\u1ecb trong 10 n\u0103m. C\u00e1c th\u00e0nh ph\u1ed1 xu\u1ea5t kh\u1ea9u m\u00e1y m\u00f3c bao g\u1ed3m h\u01a1n 100 qu\u1ed1c gia t\u1eeb t\u1ea5t c\u1ea3 c\u00e1c ch\u00e2u l\u1ee5c tr\u00ean th\u1ebf gi\u1edbi. <\/p>    <p class=\"translation-block\">Ch\u00fang t\u00f4i c\u0169ng c\u00f3 m\u00e1y gieo h\u1ea1t ng\u00f4 th\u1ee7 c\u00f4ng <a href=\"https:\/\/www.agriculture-machine.com\/vi\/hand-operated-maize-corn-planter-machine-peanut-plant\/\">m\u00e1y gieo h\u1ea1t b\u1eafp<\/a> v\u00e0 m\u00e1y gieo \u0111\u1eadu ph\u1ed9ng \u0111\u1ec3 b\u00e1n, b\u1ea1n c\u00f3 th\u1ec3 ch\u1ecdn theo nhu c\u1ea7u c\u1ee7a m\u00ecnh. C\u00e1c m\u00e1y gieo h\u1ea1t rau c\u1ee7a ch\u00fang t\u00f4i \u0111\u01b0\u1ee3c \u0111\u00f3ng g\u00f3i c\u1ea9n th\u1eadn v\u00e0 m\u00e1y xu\u1ea5t kh\u1ea9u s\u1ebd kh\u00f4ng b\u1ecb h\u01b0 h\u1ecfng. <\/p>    <p>Ch\u00fang t\u00f4i cung c\u1ea5p d\u1ecbch v\u1ee5 h\u1eadu m\u00e3i \u0111\u1ea7y \u0111\u1ee7 cho m\u00e1y. N\u1ebfu g\u1eb7p kh\u00f3 kh\u0103n trong qu\u00e1 tr\u00ecnh l\u1eafp \u0111\u1eb7t ho\u1eb7c s\u1eed d\u1ee5ng, b\u1ea1n c\u00f3 th\u1ec3 li\u00ean h\u1ec7 v\u1edbi nh\u00e2n vi\u00ean c\u1ee7a ch\u00fang t\u00f4i b\u1ea5t c\u1ee9 l\u00fac n\u00e0o, v\u00e0 ch\u00fang t\u00f4i s\u1ebd gi\u00fap b\u1ea1n gi\u1ea3i quy\u1ebft nhanh nh\u1ea5t c\u00f3 th\u1ec3.<\/p>    <figure class=\"wp-block-image aligncenter size-full wp-image-9991\"><img loading=\"lazy\" decoding=\"async\" width=\"720\" height=\"540\" src=\"https:\/\/www.agriculture-machine.com\/wp-content\/uploads\/2021\/04\/seed-discs.jpg\" alt=\"\u0111\u0129a h\u1ea1t gi\u1ed1ng c\u1ee7a m\u00e1y gieo h\u1ea1t rau\" class=\"wp-image-9991\" srcset=\"https:\/\/www.agriculture-machine.com\/wp-content\/uploads\/2021\/04\/seed-discs.jpg 720w, https:\/\/www.agriculture-machine.com\/wp-content\/uploads\/2021\/04\/seed-discs-360x270.jpg 360w, https:\/\/www.agriculture-machine.com\/wp-content\/uploads\/2021\/04\/seed-discs-240x180.jpg 240w\" sizes=\"auto, (max-width: 720px) 100vw, 720px\" \/><figcaption class=\"wp-element-caption\">\u0111\u0129a h\u1ea1t gi\u1ed1ng<\/figcaption><\/figure>    <h2 class=\"wp-block-heading\">Th\u00f4ng s\u1ed1 k\u1ef9 thu\u1eadt c\u1ee7a m\u00e1y gieo h\u1ea1t<\/h2>    <figure class=\"wp-block-table is-style-stripes\"><table><tbody><tr><td>T\u00ean<\/td><td>M\u00e1y gieo h\u1ea1t rau<\/td><\/tr><tr><td>M\u1eabu<\/td><td>SC-9<\/td><\/tr><tr><td>H\u00e0ng<\/td><td>1-14<\/td><\/tr><tr><td>H\u1ea1t gi\u1ed1ng<\/td><td>rau ch\u00e2n v\u1ecbt, c\u00e0 r\u1ed1t, c\u1ea7n t\u00e2y, v.v.<\/td><\/tr><tr><td>C\u00f4ng su\u1ea5t<\/td><td>\u0110\u1ed9ng c\u01a1 x\u0103ng<\/td><\/tr><tr><td>K\u00edch th\u01b0\u1edbc \u0111\u00f3ng g\u00f3i<\/td><td>116*126*87cm<\/td><\/tr><tr><td>Tr\u1ecdng l\u01b0\u1ee3ng<\/td><td>160kg<\/td><\/tr><\/tbody><\/table><figcaption class=\"wp-element-caption\">Th\u00f4ng s\u1ed1 k\u1ef9 thu\u1eadt c\u1ee7a m\u00e1y gieo h\u1ea1t rau<\/figcaption><\/figure>    <h2 class=\"wp-block-heading\">C\u00e2u h\u1ecfi th\u01b0\u1eddng g\u1eb7p<\/h2>   <div id=\"rank-math-faq\" class=\"rank-math-block\"> <div class=\"rank-math-list\"> <div id=\"faq-question-1709536974282\" class=\"rank-math-list-item\"> <h3 class=\"rank-math-question\">T\u1ea1i sao m\u00e1y n\u00e0y ph\u00f9 h\u1ee3p \u0111\u1ec3 gieo tr\u1ed3ng c\u00e1c lo\u1ea1i rau kh\u00e1c nhau?<\/h3> <div class=\"rank-math-answer\">  <p>Ch\u00fang t\u00f4i cung c\u1ea5p c\u00e1c m\u1eabu m\u00e3 kh\u00e1c nhau c\u1ee7a h\u1ed9p h\u1ea1t gi\u1ed1ng. C\u00e1c khu\u00f4n b\u00e1nh xe kh\u00e1c nhau cho c\u00e1c lo\u1ea1i rau kh\u00e1c nhau.<\/p>  <\/div> <\/div> <div id=\"faq-question-1709536980970\" class=\"rank-math-list-item\"> <h3 class=\"rank-math-question\">Li\u1ec7u kho\u1ea3ng c\u00e1ch h\u1ea1t gi\u1ed1ng c\u00f3 qu\u00e1 d\u00e0y \u0111\u1eb7c ho\u1eb7c qu\u00e1 l\u1ecfng l\u1ebbo kh\u00f4ng?<\/h3> <div class=\"rank-math-answer\">  <p>B\u1ea1n c\u00f3 th\u1ec3 \u0111i\u1ec1u ch\u1ec9nh kho\u1ea3ng c\u00e1ch h\u1ea1t gi\u1ed1ng b\u1eb1ng c\u00e1ch thay \u0111\u1ed5i b\u00e1nh r\u0103ng v\u00e0 \u0111\u0129a gieo h\u1ea1t c\u1ee7a m\u00e1y gieo h\u1ea1t rau.<\/p>  <\/div> <\/div> <div id=\"faq-question-1709537012297\" class=\"rank-math-list-item\"> <h3 class=\"rank-math-question\">Ch\u1ee9c n\u0103ng c\u1ee7a m\u00e1y gieo h\u1ea1t gi\u1ed1ng rau l\u00e0 g\u00ec?<\/h3> <div class=\"rank-math-answer\">  <p class=\"translation-block\">B\u00e1nh xe c\u1ee7a m\u00e1y gieo h\u1ea1t c\u00f3 th\u1ec3 l\u00e0m ph\u1eb3ng \u0111\u1ea5t. H\u1ed9p h\u1ea1t gi\u1ed1ng c\u00f3 th\u1ec3 ch\u1ee9a c\u00e1c lo\u1ea1i <a href=\"https:\/\/en.wikipedia.org\/wiki\/Vegetable\" target=\"_blank\" rel=\"noopener\">h\u1ea1t gi\u1ed1ng rau<\/a> kh\u00e1c nhau. Sau \u0111\u00f3, b\u1ea1n c\u00f3 th\u1ec3 thay \u0111\u1ed5i \u0111\u0129a h\u1ea1t gi\u1ed1ng theo nhu c\u1ea7u c\u1ee7a m\u00ecnh cho c\u00e1c lo\u1ea1i tr\u1ed3ng rau kh\u00e1c nhau v\u00e0 kh\u00f4ng gian tr\u1ed3ng rau. N\u00f3 gi\u00fap qu\u00e1 tr\u00ecnh gieo tr\u1ed3ng c\u1ee7a b\u1ea1n d\u1ec5 d\u00e0ng v\u00e0 hi\u1ec7u qu\u1ea3 h\u01a1n.<\/p>  <\/div> <\/div> <\/div> <\/div>   <h2 class=\"wp-block-heading\">Li\u00ean h\u1ec7 v\u1edbi ch\u00fang t\u00f4i b\u1ea5t c\u1ee9 l\u00fac n\u00e0o<\/h2>    <p>If you are interested in our seeder or have any questions, don&#8217;t hesitate to contact us! Our enthusiastic customer service team is always ready to provide you with professional advice and support. Meanwhile, we sincerely welcome you to visit our factory and witness the excellent quality and advanced technology of our products. We look forward to serving you!<\/p>","protected":false},"excerpt":{"rendered":"<p>M\u00e1y gieo h\u1ea1t rau r\u1ea5t h\u1eefu \u00edch cho vi\u1ec7c gieo tr\u1ed3ng ch\u00ednh x\u00e1c. N\u00f3 l\u00e0m cho vi\u1ec7c tr\u1ed3ng rau d\u1ec5 d\u00e0ng h\u01a1n v\u00e0 hi\u1ec7u qu\u1ea3 cao h\u01a1n.<\/p>","protected":false},"author":1,"featured_media":9930,"parent":0,"comment_status":"closed","ping_status":"closed","template":"","tags":[927,926,928,929,930],"product-type":[870,885],"class_list":["post-9924","product","type-product","status-publish","has-post-thumbnail","hentry","tag-onion-seedlings","tag-pumpkin-seedlings","tag-vegetable-seed-planters","tag-vegetable-seed-sowing","tag-vegetable-seedling","product-type-planter","product-type-vegetable-planter"],"_links":{"self":[{"href":"https:\/\/www.agriculture-machine.com\/vi\/wp-json\/wp\/v2\/product\/9924","targetHints":{"allow":["GET"]}}],"collection":[{"href":"https:\/\/www.agriculture-machine.com\/vi\/wp-json\/wp\/v2\/product"}],"about":[{"href":"https:\/\/www.agriculture-machine.com\/vi\/wp-json\/wp\/v2\/types\/product"}],"author":[{"embeddable":true,"href":"https:\/\/www.agriculture-machine.com\/vi\/wp-json\/wp\/v2\/users\/1"}],"replies":[{"embeddable":true,"href":"https:\/\/www.agriculture-machine.com\/vi\/wp-json\/wp\/v2\/comments?post=9924"}],"wp:featuredmedia":[{"embeddable":true,"href":"https:\/\/www.agriculture-machine.com\/vi\/wp-json\/wp\/v2\/media\/9930"}],"wp:attachment":[{"href":"https:\/\/www.agriculture-machine.com\/vi\/wp-json\/wp\/v2\/media?parent=9924"}],"wp:term":[{"taxonomy":"post_tag","embeddable":true,"href":"https:\/\/www.agriculture-machine.com\/vi\/wp-json\/wp\/v2\/tags?post=9924"},{"taxonomy":"product-type","embeddable":true,"href":"https:\/\/www.agriculture-machine.com\/vi\/wp-json\/wp\/v2\/product-type?post=9924"}],"curies":[{"name":"wp","href":"https:\/\/api.w.org\/{rel}","templated":true}]}}