{"id":9960,"date":"2021-04-16T10:56:11","date_gmt":"2021-04-16T02:56:11","guid":{"rendered":"https:\/\/www.agriculture-machine.com\/?p=9960"},"modified":"2024-09-23T11:21:59","modified_gmt":"2024-09-23T03:21:59","slug":"garlic-planting-machine-garlic-planter-for-sale-method-of-planting-garlic","status":"publish","type":"product","link":"https:\/\/www.agriculture-machine.com\/vi\/garlic-planting-machine-garlic-planter-for-sale-method-of-planting-garlic\/","title":{"rendered":"M\u00e1y tr\u1ed3ng t\u1ecfi | M\u00e1y gieo h\u1ea1t t\u1ecfi \u0111\u1ec3 b\u00e1n"},"content":{"rendered":"<h2 class=\"wp-block-heading\">Gi\u1edbi thi\u1ec7u ng\u1eafn g\u1ecdn v\u1ec1 m\u00e1y tr\u1ed3ng t\u1ecfi<\/h2>    <p class=\"translation-block\"><strong>M\u00e1y tr\u1ed3ng t\u1ecfi<\/strong> l\u00e0 m\u1ed9t lo\u1ea1i m\u00e1y tr\u1ed3ng n\u00f4ng nghi\u1ec7p ph\u00f9 h\u1ee3p cho tr\u1ed3ng t\u1ecfi quy m\u00f4 l\u1edbn v\u00e0 c\u01a1 gi\u1edbi h\u00f3a. C\u00e1c lo\u1ea1i m\u00e1y tr\u1ed3ng t\u1ecfi kh\u00e1c nhau \u0111\u01b0\u1ee3c trang b\u1ecb c\u00e1c c\u00f4ng su\u1ea5t kh\u00e1c nhau.<\/p>    <p>M\u00e1y tr\u1ed3ng t\u1ecfi n\u00e0y \u0111\u01b0\u1ee3c trang b\u1ecb h\u1ec7 th\u1ed1ng \u0111\u1ecbnh v\u1ecb ch\u00ednh x\u00e1c \u0111\u1ec3 \u0111\u1ea3m b\u1ea3o m\u1ed7i h\u1ea1t t\u1ecfi \u0111\u01b0\u1ee3c \u0111\u1ecbnh v\u1ecb v\u00e0 tr\u1ed3ng ch\u00ednh x\u00e1c, t\u1ed1i \u0111a h\u00f3a th\u00e0nh c\u00f4ng gieo tr\u1ed3ng.<\/p>    <figure class=\"wp-block-embed is-type-video is-provider-youtube wp-block-embed-youtube wp-embed-aspect-16-9 wp-has-aspect-ratio\"><div class=\"wp-block-embed__wrapper\"> <iframe loading=\"lazy\" title=\"M\u00e1y tr\u1ed3ng t\u1ecfi, M\u00e1y gieo t\u1ecfi, Tr\u1ed3ng t\u1ecfi t\u1ef1 \u0111\u1ed9ng, Ph\u01b0\u01a1ng ph\u00e1p gieo t\u1ecfi\" width=\"500\" height=\"281\" src=\"https:\/\/www.youtube.com\/embed\/aze8r_tBbwc?feature=oembed\" frameborder=\"0\" allow=\"accelerometer; autoplay; clipboard-write; encrypted-media; gyroscope; picture-in-picture; web-share\" referrerpolicy=\"strict-origin-when-cross-origin\" allowfullscreen><\/iframe> <\/div><figcaption class=\"wp-element-caption\">N\u01a1i l\u00e0m vi\u1ec7c hi\u1ec7u qu\u1ea3 c\u1ee7a m\u00e1y tr\u1ed3ng t\u1ecfi<\/figcaption><\/figure>    <p class=\"translation-block\">C\u00f3 th\u1ec3 trang b\u1ecb \u0111\u1ed9ng c\u01a1 x\u0103ng \u0111\u1ec3 s\u1eed d\u1ee5ng \u0111\u1ed9c l\u1eadp, ho\u1eb7c c\u00f3 th\u1ec3 k\u1ebft h\u1ee3p v\u1edbi c\u00e1c <a href=\"https:\/\/www.agriculture-machine.com\/vi\/walking-tractor-simplicity-walking-tractor\/\">m\u00e1y k\u00e9o n\u00f4ng nghi\u1ec7p<\/a> nh\u1ecf v\u00e0 trung b\u00ecnh ph\u1ed5 bi\u1ebfn c\u1ee7a n\u00f4ng d\u00e2n. Tr\u1ed3ng t\u1ecfi th\u1ee7 c\u00f4ng c\u00f3 hi\u1ec7u qu\u1ea3 th\u1ea5p v\u00e0 t\u1ed1n nhi\u1ec1u th\u1eddi gian. S\u1eed d\u1ee5ng m\u00e1y tr\u1ed3ng t\u1ecfi c\u01a1 kh\u00ed c\u00f3 th\u1ec3 ti\u1ebft ki\u1ec7m lao \u0111\u1ed9ng tr\u1ed3ng tr\u1ecdt v\u00e0 mang l\u1ea1i l\u1ee3i \u00edch kinh t\u1ebf l\u1edbn h\u01a1n.<\/p>    <figure class=\"wp-block-image aligncenter size-full wp-image-9977\"><img loading=\"lazy\" decoding=\"async\" width=\"720\" height=\"540\" src=\"https:\/\/www.agriculture-machine.com\/wp-content\/uploads\/2021\/04\/plant-garlic.jpg\" alt=\"tr\u1ed3ng t\u1ecfi\" class=\"wp-image-9977\" srcset=\"https:\/\/www.agriculture-machine.com\/wp-content\/uploads\/2021\/04\/plant-garlic.jpg 720w, https:\/\/www.agriculture-machine.com\/wp-content\/uploads\/2021\/04\/plant-garlic-360x270.jpg 360w, https:\/\/www.agriculture-machine.com\/wp-content\/uploads\/2021\/04\/plant-garlic-240x180.jpg 240w\" sizes=\"auto, (max-width: 720px) 100vw, 720px\" \/><figcaption class=\"wp-element-caption\">tr\u1ed3ng t\u1ecfi<\/figcaption><\/figure>    <h2 class=\"wp-block-heading\">C\u1ea5u tr\u00fac c\u1ee7a m\u00e1y gieo t\u1ecfi<\/h2>    <p>M\u00e1y tr\u1ed3ng t\u1ecfi g\u1ed3m c\u00e1c h\u1ed9p ch\u1ee9a t\u1ecfi, b\u0103ng chuy\u1ec1n, b\u00e1nh xe tr\u01b0\u1edbc, b\u00e1nh xe sau, b\u1ed9 gi\u1ea3m t\u1ed1c, \u0111\u0129a c\u1eaft \u0111\u1ea5t, chu\u1ed7i truy\u1ec1n, b\u00e1nh r\u0103ng, \u0111i\u1ec1u ch\u1ec9nh kho\u1ea3ng c\u00e1ch, \u0111i\u1ec1u ch\u1ec9nh chi\u1ec1u s\u00e2u, v.v.<\/p>    <p>B\u00e1nh xe ph\u00eda tr\u01b0\u1edbc v\u00e0 ph\u00eda sau c\u00f3 th\u1ec3 san b\u1eb1ng m\u1eb7t \u0111\u1ea5t. \u0110\u0129a c\u1eaft \u0111\u1ea5t ch\u1ecbu tr\u00e1ch nhi\u1ec7m \u0111\u00e0o r\u00e3nh \u0111\u1ec3 ch\u00f4n h\u1ea1t gi\u1ed1ng. Chi\u1ec1u s\u00e2u \u0111\u00e0o r\u00e3nh v\u00e0 kho\u1ea3ng c\u00e1ch gi\u1eefa c\u00e1c c\u00e2y c\u00f3 th\u1ec3 t\u1ef1 \u0111i\u1ec1u ch\u1ec9nh. Thi\u1ebft b\u1ecb b\u00e1nh r\u0103ng v\u00e0 b\u0103ng chuy\u1ec1n ch\u1ecbu tr\u00e1ch nhi\u1ec7m v\u1eadn chuy\u1ec3n h\u1ea1t gi\u1ed1ng. Qu\u00e1 tr\u00ecnh v\u1eadn h\u00e0nh t\u1ef1 \u0111\u1ed9ng gi\u00fap vi\u1ec7c tr\u1ed3ng t\u1ecfi d\u1ec5 d\u00e0ng h\u01a1n.<\/p>    <figure class=\"wp-block-image aligncenter size-full wp-image-9976\"><img loading=\"lazy\" decoding=\"async\" width=\"720\" height=\"540\" src=\"https:\/\/www.agriculture-machine.com\/wp-content\/uploads\/2021\/04\/structure-of-garlic-planter.jpg\" alt=\"C\u1ea5u tr\u00fac c\u1ee7a m\u00e1y tr\u1ed3ng t\u1ecfi\" class=\"wp-image-9976\" srcset=\"https:\/\/www.agriculture-machine.com\/wp-content\/uploads\/2021\/04\/structure-of-garlic-planter.jpg 720w, https:\/\/www.agriculture-machine.com\/wp-content\/uploads\/2021\/04\/structure-of-garlic-planter-360x270.jpg 360w, https:\/\/www.agriculture-machine.com\/wp-content\/uploads\/2021\/04\/structure-of-garlic-planter-240x180.jpg 240w\" sizes=\"auto, (max-width: 720px) 100vw, 720px\" \/><figcaption class=\"wp-element-caption\">C\u1ea5u tr\u00fac c\u1ee7a m\u00e1y tr\u1ed3ng t\u1ecfi<\/figcaption><\/figure>    <h2 class=\"wp-block-heading\">\u01afu \u0111i\u1ec3m c\u1ee7a vi\u1ec7c s\u1eed d\u1ee5ng m\u00e1y tr\u1ed3ng t\u1ecfi<\/h2>    <p>1. C\u1ea5u h\u00ecnh hi\u1ec7u qu\u1ea3 v\u00e0 h\u1ee3p l\u00fd c\u1ee7a m\u00e1y \u0111\u1ea3m b\u1ea3o qu\u00e1 tr\u00ecnh v\u1eadn h\u00e0nh \u1ed5n \u0111\u1ecbnh, \u0111\u00e1ng tin c\u1eady v\u00e0 hi\u1ec7u qu\u1ea3.<br>2. \u0110i\u1ec1u ch\u1ec9nh h\u01b0\u1edbng c\u1ee7a h\u1ea1t t\u1ecfi nhanh ch\u00f3ng \u0111\u1ec3 h\u1ea1t t\u1ecfi h\u01b0\u1edbng l\u00ean tr\u00ean nh\u1eb1m \u0111\u1ea3m b\u1ea3o t\u1ef7 l\u1ec7 s\u1ed1ng c\u1ee7a vi\u1ec7c tr\u1ed3ng.<br>3. Tr\u1ed3ng t\u1ecfi t\u1ef1 \u0111\u1ed9ng c\u00f3 th\u1ec3 ti\u1ebft ki\u1ec7m chi ph\u00ed lao \u0111\u1ed9ng. Di\u1ec7n t\u00edch tr\u1ed3ng l\u1edbn, vi\u1ec7c s\u1eed d\u1ee5ng nh\u00e2n c\u00f4ng r\u1ea5t t\u1ed1n k\u00e9m. S\u1eed d\u1ee5ng m\u00e1y m\u00f3c c\u00f3 th\u1ec3 ti\u1ebft ki\u1ec7m chi ph\u00ed v\u00e0 n\u00e2ng cao hi\u1ec7u qu\u1ea3 kinh t\u1ebf.<br>4. M\u1eadt \u0111\u1ed9 tr\u1ed3ng h\u1ee3p l\u00fd, h\u1ea1t gi\u1ed1ng \u0111\u1ec1u. N\u00e2ng cao t\u1ef7 l\u1ec7 s\u1ed1ng c\u1ee7a gieo tr\u1ed3ng v\u00e0 n\u0103ng su\u1ea5t tr\u1ed3ng t\u1ecfi.<\/p>    <figure class=\"wp-block-image aligncenter size-full wp-image-9978\"><img loading=\"lazy\" decoding=\"async\" width=\"720\" height=\"540\" src=\"https:\/\/www.agriculture-machine.com\/wp-content\/uploads\/2021\/04\/garlic-harvesting.jpg\" alt=\"thu ho\u1ea1ch t\u1ecfi\" class=\"wp-image-9978\" srcset=\"https:\/\/www.agriculture-machine.com\/wp-content\/uploads\/2021\/04\/garlic-harvesting.jpg 720w, https:\/\/www.agriculture-machine.com\/wp-content\/uploads\/2021\/04\/garlic-harvesting-360x270.jpg 360w, https:\/\/www.agriculture-machine.com\/wp-content\/uploads\/2021\/04\/garlic-harvesting-240x180.jpg 240w\" sizes=\"auto, (max-width: 720px) 100vw, 720px\" \/><figcaption class=\"wp-element-caption\">thu ho\u1ea1ch t\u1ecfi<\/figcaption><\/figure>    <h2 class=\"wp-block-heading\">Nguy\u00ean l\u00fd ho\u1ea1t \u0111\u1ed9ng c\u1ee7a m\u00e1y tr\u1ed3ng t\u1ecfi<\/h2>    <p>H\u1ea1t t\u1ecfi \u0111\u01b0\u1ee3c \u0111\u1eb7t trong h\u1ed9p h\u1ea1t gi\u1ed1ng. Thi\u1ebft b\u1ecb truy\u1ec1n \u0111\u1ed9ng k\u00e9o m\u00e1y tr\u1ed3ng t\u1ecfi di chuy\u1ec3n. B\u00e1nh \u0111\u1ea5t k\u00e9o b\u00e1nh r\u0103ng quay. B\u00e1nh xe v\u00e0 b\u00e1nh r\u0103ng quay \u0111\u1ed3ng b\u1ed9 d\u01b0\u1edbi t\u00e1c d\u1ee5ng c\u1ee7a chu\u1ed7i truy\u1ec1n. B\u00e1nh xe k\u00e9o b\u0103ng chuy\u1ec1n v\u1eadn chuy\u1ec3n h\u1ea1t t\u1ecfi. <\/p>    <p>M\u00e1y tr\u1ed3ng t\u1ecfi c\u01a1 gi\u1edbi c\u00f3 c\u1ea5u tr\u00fac \u0111\u01a1n gi\u1ea3n. D\u1ec5 s\u1eed d\u1ee5ng. V\u00e0 c\u00f3 th\u1ec3 n\u00e2ng cao n\u0103ng su\u1ea5t lao \u0111\u1ed9ng v\u00e0 ch\u1ea5t l\u01b0\u1ee3ng tr\u1ed3ng tr\u1ecdt. <\/p>    <p>C\u00f3 nhi\u1ec1u lo\u1ea1i m\u00e1y kh\u00e1c nhau. C\u00e1c m\u00e1y nh\u1ecf nh\u01b0 m\u00e1y tr\u1ed3ng t\u1ecfi 4 h\u00e0ng v\u00e0 5 h\u00e0ng \u0111\u1ec1u trang b\u1ecb \u0111\u1ed9ng c\u01a1 diesel. <\/p>    <p>C\u00e1c m\u00e1y l\u1edbn nh\u01b0 m\u00e1y tr\u1ed3ng t\u1ecfi 10 h\u00e0ng c\u00f3 th\u1ec3 \u0111\u01b0\u1ee3c k\u00e9o b\u1eb1ng m\u00e1y k\u00e9o. C\u00f3 nhi\u1ec1u lo\u1ea1i m\u00e1y kh\u00e1c nhau, ch\u00fang t\u00f4i s\u1ebd gi\u1edbi thi\u1ec7u m\u00e1y ph\u00f9 h\u1ee3p cho b\u1ea1n.<\/p>    <h2 class=\"wp-block-heading\">Th\u00f4ng s\u1ed1 k\u1ef9 thu\u1eadt c\u1ee7a m\u00e1y tr\u1ed3ng t\u1ecfi<\/h2>    <figure class=\"wp-block-table is-style-stripes\"><table><tbody><tr><td>M\u1eabu<\/td><td>GP-6<\/td><\/tr><tr><td>H\u00e0ng<\/td><td>T\u00f9y ch\u1ec9nh<\/td><\/tr><tr><td>Kho\u1ea3ng c\u00e1ch c\u00e2y<\/td><td>C\u00f3 th\u1ec3 \u0111i\u1ec1u ch\u1ec9nh<\/td><\/tr><tr><td>Kho\u1ea3ng c\u00e1ch h\u00e0ng<\/td><td>C\u00f3 th\u1ec3 \u0111i\u1ec1u ch\u1ec9nh<\/td><\/tr><tr><td>M\u00e1y k\u00e9o<\/td><td>&gt;30 m\u00e3 l\u1ef1c<\/td><\/tr><\/tbody><\/table><figcaption class=\"wp-element-caption\">Th\u00f4ng s\u1ed1 k\u1ef9 thu\u1eadt c\u1ee7a m\u00e1y tr\u1ed3ng t\u1ecfi<\/figcaption><\/figure>    <h2 class=\"wp-block-heading\">C\u00e1c tr\u01b0\u1eddng h\u1ee3p th\u00e0nh c\u00f4ng<\/h2>    <p class=\"translation-block\">Trong nh\u1eefng n\u0103m g\u1ea7n \u0111\u00e2y, ch\u00fang t\u00f4i \u0111\u00e3 xu\u1ea5t kh\u1ea9u nhi\u1ec1u m\u00e1y m\u00f3c \u0111\u1ebfn h\u01a1n 100 qu\u1ed1c gia tr\u00ean th\u1ebf gi\u1edbi. Ch\u00fang t\u00f4i xu\u1ea5t kh\u1ea9u c\u00e1c lo\u1ea1i m\u00e1y n\u00f4ng nghi\u1ec7p kh\u00e1c nhau nh\u01b0 <a href=\"https:\/\/www.agriculture-machine.com\/vi\/vegetable-seed-planters-vegetable-sowing-machine\/\">m\u00e1y gieo h\u1ea1t rau<\/a>, m\u00e1y l\u00e0m d\u00e2y, v\u00e0 nhi\u1ec1u lo\u1ea1i kh\u00e1c. Kh\u00e1ch h\u00e0ng r\u1ea5t h\u00e0i l\u00f2ng v\u1edbi s\u1ea3n ph\u1ea9m c\u1ee7a ch\u00fang t\u00f4i. <\/p>    <p>C\u00e1c m\u00e1y tr\u1ed3ng t\u1ecfi \u0111\u00e3 gi\u00fap nhi\u1ec1u ng\u01b0\u1eddi tr\u1ed3ng t\u1ecfi n\u00e2ng cao hi\u1ec7u qu\u1ea3 tr\u1ed3ng tr\u1ecdt. Ch\u00fang t\u00f4i chuy\u00ean xu\u1ea5t kh\u1ea9u m\u00e1y m\u00f3c. B\u1ea1n c\u00f3 th\u1ec3 li\u00ean h\u1ec7 v\u1edbi ch\u00fang t\u00f4i n\u1ebfu c\u00f3 b\u1ea5t k\u1ef3 c\u00e2u h\u1ecfi n\u00e0o.<\/p>    <figure class=\"wp-block-image aligncenter size-full wp-image-9982\"><img loading=\"lazy\" decoding=\"async\" width=\"720\" height=\"540\" src=\"https:\/\/www.agriculture-machine.com\/wp-content\/uploads\/2021\/04\/export-machines-1.jpg\" alt=\"m\u00e1y xu\u1ea5t kh\u1ea9u\" class=\"wp-image-9982\" srcset=\"https:\/\/www.agriculture-machine.com\/wp-content\/uploads\/2021\/04\/export-machines-1.jpg 720w, https:\/\/www.agriculture-machine.com\/wp-content\/uploads\/2021\/04\/export-machines-1-360x270.jpg 360w, https:\/\/www.agriculture-machine.com\/wp-content\/uploads\/2021\/04\/export-machines-1-240x180.jpg 240w\" sizes=\"auto, (max-width: 720px) 100vw, 720px\" \/><figcaption class=\"wp-element-caption\">m\u00e1y xu\u1ea5t kh\u1ea9u<\/figcaption><\/figure>    <h2 class=\"wp-block-heading\">Li\u00ean h\u1ec7 v\u1edbi ch\u00fang t\u00f4i b\u1ea5t c\u1ee9 l\u00fac n\u00e0o<\/h2>    <p>Ch\u00e0o m\u1eebng li\u00ean h\u1ec7 v\u1edbi ch\u00fang t\u00f4i b\u1ea5t c\u1ee9 l\u00fac n\u00e0o \u0111\u1ec3 bi\u1ebft th\u00eam chi ti\u1ebft v\u1ec1 M\u00e1y gieo t\u1ecfi. Ch\u00fang t\u00f4i cam k\u1ebft cung c\u1ea5p c\u00e1c gi\u1ea3i ph\u00e1p m\u00e1y m\u00f3c n\u00f4ng nghi\u1ec7p hi\u1ec7u qu\u1ea3 v\u00e0 \u0111\u00e1ng tin c\u1eady. Ngo\u00e0i ra, ch\u00fang t\u00f4i nhi\u1ec7t li\u1ec7t m\u1eddi b\u1ea1n \u0111\u1ebfn th\u0103m nh\u00e0 m\u00e1y c\u1ee7a ch\u00fang t\u00f4i v\u00e0 tr\u1ea3i nghi\u1ec7m hi\u1ec7u su\u1ea5t xu\u1ea5t s\u1eafc c\u1ee7a M\u00e1y gieo t\u1ecfi. C\u1ea3m \u01a1n b\u1ea1n \u0111\u00e3 ch\u1ecdn s\u1ea3n ph\u1ea9m c\u1ee7a ch\u00fang t\u00f4i v\u00e0 ch\u00fang t\u00f4i mong \u0111\u01b0\u1ee3c ph\u1ee5c v\u1ee5 b\u1ea1n t\u1ed1t nh\u1ea5t.<\/p>","protected":false},"excerpt":{"rendered":"<p>M\u00e1y tr\u1ed3ng t\u1ecfi k\u1ebft h\u1ee3p chi\u1ec1u s\u00e2u tr\u1ed3ng c\u00f3 th\u1ec3 \u0111i\u1ec1u ch\u1ec9nh, gieo h\u1ea1t ch\u00ednh x\u00e1c t\u1ed1c \u0111\u1ed9 cao v\u00e0 v\u1eadn h\u00e0nh m\u1ed9t n\u00fat nh\u1eb1m t\u0103ng n\u0103ng su\u1ea5t v\u00e0 hi\u1ec7u qu\u1ea3 c\u1ee7a vi\u1ec7c tr\u1ed3ng t\u1ecfi.<\/p>","protected":false},"author":1,"featured_media":9974,"parent":0,"comment_status":"closed","ping_status":"closed","template":"","tags":[2635,492],"product-type":[870,885],"class_list":["post-9960","product","type-product","status-publish","has-post-thumbnail","hentry","tag-garlic","tag-planter","product-type-planter","product-type-vegetable-planter"],"_links":{"self":[{"href":"https:\/\/www.agriculture-machine.com\/vi\/wp-json\/wp\/v2\/product\/9960","targetHints":{"allow":["GET"]}}],"collection":[{"href":"https:\/\/www.agriculture-machine.com\/vi\/wp-json\/wp\/v2\/product"}],"about":[{"href":"https:\/\/www.agriculture-machine.com\/vi\/wp-json\/wp\/v2\/types\/product"}],"author":[{"embeddable":true,"href":"https:\/\/www.agriculture-machine.com\/vi\/wp-json\/wp\/v2\/users\/1"}],"replies":[{"embeddable":true,"href":"https:\/\/www.agriculture-machine.com\/vi\/wp-json\/wp\/v2\/comments?post=9960"}],"wp:featuredmedia":[{"embeddable":true,"href":"https:\/\/www.agriculture-machine.com\/vi\/wp-json\/wp\/v2\/media\/9974"}],"wp:attachment":[{"href":"https:\/\/www.agriculture-machine.com\/vi\/wp-json\/wp\/v2\/media?parent=9960"}],"wp:term":[{"taxonomy":"post_tag","embeddable":true,"href":"https:\/\/www.agriculture-machine.com\/vi\/wp-json\/wp\/v2\/tags?post=9960"},{"taxonomy":"product-type","embeddable":true,"href":"https:\/\/www.agriculture-machine.com\/vi\/wp-json\/wp\/v2\/product-type?post=9960"}],"curies":[{"name":"wp","href":"https:\/\/api.w.org\/{rel}","templated":true}]}}