{"id":9993,"date":"2021-04-16T16:38:00","date_gmt":"2021-04-16T08:38:00","guid":{"rendered":"https:\/\/www.agriculture-machine.com\/?p=9993"},"modified":"2024-09-18T16:17:30","modified_gmt":"2024-09-18T08:17:30","slug":"walk-behind-rice-transplanter-rice-planting-machine","status":"publish","type":"product","link":"https:\/\/www.agriculture-machine.com\/vi\/walk-behind-rice-transplanter-rice-planting-machine\/","title":{"rendered":"M\u00e1y c\u1ea5y l\u00faa \u0111i b\u1ed9 | M\u00e1y c\u1ea5y l\u00faa"},"content":{"rendered":"<p class=\"translation-block\">M\u00e1y c\u1ea5y l\u00faa \u0111i b\u1ed9 <strong>l\u00faa<\/strong> l\u00e0 m\u1ed9t lo\u1ea1i m\u00e1y n\u00f4ng nghi\u1ec7p c\u1ea5y m\u1ea7m l\u00faa v\u00e0o ru\u1ed9ng. Ng\u00e0y nay, l\u00faa \u0111\u01b0\u1ee3c tr\u1ed3ng r\u1ed9ng r\u00e3i \u1edf nhi\u1ec1u khu v\u1ef1c tr\u00ean th\u1ebf gi\u1edbi. Tuy nhi\u00ean, vi\u1ec7c tr\u1ed3ng m\u1ea7m l\u00faa b\u1eb1ng tay t\u1ed1n th\u1eddi gian v\u00e0 c\u00f4ng s\u1ee9c. S\u1eed d\u1ee5ng m\u00e1y c\u1ea5y l\u00faa \u0111\u00e3 tr\u1edf th\u00e0nh l\u1ef1a ch\u1ecdn c\u1ee7a nhi\u1ec1u ng\u01b0\u1eddi tr\u1ed3ng l\u00faa. <\/p>    <p>M\u00e1y c\u1ea5y l\u00faa \u0111i b\u1ed9 d\u1ec5 v\u1eadn h\u00e0nh v\u00e0 n\u00e2ng cao \u0111\u00e1ng k\u1ec3 hi\u1ec7u qu\u1ea3 c\u0169ng nh\u01b0 ch\u1ea5t l\u01b0\u1ee3ng tr\u1ed3ng l\u00faa. Do \u0111\u00f3, n\u00f3 c\u00f2n gi\u00fap n\u00e2ng cao t\u1ef7 l\u1ec7 s\u1ed1ng c\u1ee7a m\u1ea7m l\u00faa. <\/p>    <figure class=\"wp-block-embed is-type-video is-provider-youtube wp-block-embed-youtube wp-embed-aspect-16-9 wp-has-aspect-ratio\"><div class=\"wp-block-embed__wrapper\"> <iframe loading=\"lazy\" title=\"Ba lo\u1ea1i m\u00e1y c\u1ea5y l\u00faa \u0111\u1ec3 b\u1ea1n l\u1ef1a ch\u1ecdn. M\u00e1y tr\u1ed3ng l\u00faa\/m\u00e1y gieo l\u00faa\" width=\"500\" height=\"281\" src=\"https:\/\/www.youtube.com\/embed\/_KvEf-3Jk44?start=120&#038;feature=oembed\" frameborder=\"0\" allow=\"accelerometer; autoplay; clipboard-write; encrypted-media; gyroscope; picture-in-picture; web-share\" referrerpolicy=\"strict-origin-when-cross-origin\" allowfullscreen><\/iframe> <\/div><figcaption class=\"wp-element-caption\">M\u00e1y c\u1ea5y l\u00faa paddy 6 h\u00e0ng<\/figcaption><\/figure>    <p class=\"translation-block\">Hi\u1ec7n ch\u00fang t\u00f4i s\u1ea3n xu\u1ea5t c\u00e1c lo\u1ea1i m\u00e1y c\u1ea5y l\u00faa c\u1ea7m tay 4 v\u00e0 6 h\u00e0ng. Ngo\u00e0i vi\u1ec7c c\u1ea5y m\u1ea7m l\u00faa, ch\u00fang t\u00f4i c\u00f2n c\u00f3 c\u00e1c m\u00e1y \u0111\u1ec3 tr\u1ed3ng c\u00e1c lo\u1ea1i <a href=\"https:\/\/www.agriculture-machine.com\/vi\/peony-transplant-cucumber-transplant-factory-direct\/\">c\u00e2y gi\u1ed1ng rau<\/a>, c\u00f3 th\u1ec3 tr\u1ed3ng nhi\u1ec1u c\u00e2y gi\u1ed1ng rau. Ng\u01b0\u1eddi d\u00f9ng c\u0169ng c\u00f3 th\u1ec3 ch\u1ecdn m\u1ed9t <a href=\"https:\/\/www.agriculture-machine.com\/vi\/rice-nursery-seedling-machine\/\">m\u00e1y \u01b0\u01a1m c\u00e2y gi\u1ed1ng<\/a> \u0111\u1ec3 thay th\u1ebf vi\u1ec7c \u01b0\u01a1m c\u00e2y b\u1eb1ng tay. S\u1eed d\u1ee5ng c\u00e1c m\u00e1y n\u00e0y \u0111\u1ec3 b\u1eaft \u0111\u1ea7u c\u00f4ng vi\u1ec7c c\u00f3 th\u1ec3 n\u00e2ng cao \u0111\u00e1ng k\u1ec3 hi\u1ec7u qu\u1ea3 v\u00e0 ch\u1ea5t l\u01b0\u1ee3ng c\u1ee7a c\u00e2y gi\u1ed1ng. <\/p>    <h2 class=\"wp-block-heading\">Gi\u1edbi thi\u1ec7u v\u1ec1 m\u00e1y c\u1ea5y l\u00faa \u0111i b\u1ed9<\/h2>    <p>M\u00e1y c\u1ea5y l\u00faa \u0111i b\u1ed9 c\u0169ng l\u00e0 m\u1ed9t lo\u1ea1i m\u00e1y c\u1ea5y l\u00faa. Kh\u00e1c bi\u1ec7t v\u1edbi m\u00e1y c\u1ea5y l\u00faa tr\u01b0\u1edbc \u0111\u00f3 l\u00e0 m\u00e1y n\u00e0y cho ph\u00e9p ng\u01b0\u1eddi \u0111i sau v\u00e0 \u0111i\u1ec1u khi\u1ec3n qua tay c\u1ea7m. Ch\u00fang t\u00f4i c\u00f3 4 h\u00e0ng \u0111i sau m\u00e1y c\u1ea5y l\u00faa v\u00e0 6 h\u00e0ng \u0111i sau m\u00e1y c\u1ea5y l\u00faa. <\/p>    <p>About the power, our rice transplanter is equipped with a gasoline engine. And the planting depth of the machine can be adjusted. So, it can meet different customers&#8217; needs for depth. Our machines have professional large-diameter wheels that can move flexibly in the field. <\/p>    <figure class=\"wp-block-image aligncenter size-full\"><img loading=\"lazy\" decoding=\"async\" width=\"720\" height=\"540\" src=\"https:\/\/www.agriculture-machine.com\/wp-content\/uploads\/2022\/05\/paddy-transplanter.jpg\" alt=\"m\u00e1y c\u1ea5y l\u00faa\" class=\"wp-image-13526\" title=\"m\u00e1y c\u1ea5y l\u00faa\" srcset=\"https:\/\/www.agriculture-machine.com\/wp-content\/uploads\/2022\/05\/paddy-transplanter.jpg 720w, https:\/\/www.agriculture-machine.com\/wp-content\/uploads\/2022\/05\/paddy-transplanter-360x270.jpg 360w, https:\/\/www.agriculture-machine.com\/wp-content\/uploads\/2022\/05\/paddy-transplanter-240x180.jpg 240w\" sizes=\"auto, (max-width: 720px) 100vw, 720px\" \/><figcaption class=\"wp-element-caption\">m\u00e1y c\u1ea5y l\u00faa<\/figcaption><\/figure>    <h2 class=\"wp-block-heading\" id=\"h-what-are-the-dvantages-of-rice-planting-machine\">Nh\u1eefng l\u1ee3i \u00edch c\u1ee7a m\u00e1y c\u1ea5y l\u00faa<\/h2>    <ol class=\"wp-block-list\"> <li>M\u00e1y c\u1ea5y l\u00faa \u0111i b\u1ed9 n\u00e0y c\u00f3 th\u1ec3 ch\u1ea1y b\u1eb1ng \u0111\u1ed9ng c\u01a1 x\u0103ng, cung c\u1ea5p nhi\u1ec1u n\u0103ng l\u01b0\u1ee3ng h\u01a1n cho m\u00e1y.<\/li>    <li>Kho\u1ea3ng c\u00e1ch tr\u1ed3ng c\u00f3 th\u1ec3 \u0111i\u1ec1u ch\u1ec9nh theo b\u1ed1n c\u1ea5p \u0111\u1ed9 b\u1eb1ng c\u00e1ch \u0111i\u1ec1u ch\u1ec9nh t\u1ed1c \u0111\u1ed9 v\u00e0 tay \u0111i\u1ec1u ch\u1ec9nh kho\u1ea3ng c\u00e1ch. N\u00f3 c\u00f3 th\u1ec3 th\u1ef1c hi\u1ec7n 12-14 ho\u1eb7c 16-21 cm b\u1eb1ng thao t\u00e1c \u0111\u01a1n gi\u1ea3n v\u00e0 nhanh ch\u00f3ng.<\/li>    <li>Kh\u1ea3 n\u0103ng \u1ee9ng d\u1ee5ng cao. M\u00e1y c\u1ea5y l\u00faa c\u00f3 th\u1ec3 \u0111i d\u1ec5 d\u00e0ng ngay c\u1ea3 trong c\u00e1c ru\u1ed9ng b\u1ecb m\u1ee5c n\u00e1t, n\u01a1i \u0111\u1ed9 s\u00e2u b\u00f9n t\u1eeb 15-35 cm. Kh\u00f4ng b\u1ecb gi\u1edbi h\u1ea1n b\u1edfi k\u00edch th\u01b0\u1edbc c\u1ee7a ru\u1ed9ng.<\/li>    <li>M\u00e1y nh\u1eb9, ti\u1ebft ki\u1ec7m c\u00f4ng lao \u0111\u1ed9ng.<\/li>    <li>Ng\u01b0\u1eddi d\u00f9ng n\u00ean \u0111\u1eb7t m\u1ea7m l\u00faa \u0111\u1ec1u \u0111\u1eb7n v\u00e0 \u0111\u00e1ng tin c\u1eady \u0111\u1ec3 tr\u00e1nh b\u1ecf s\u00f3t vi\u1ec7c c\u1ea5y hi\u1ec7u qu\u1ea3.<\/li>    <li>H\u00ecnh d\u1ea1ng th\u1ea9m m\u1ef9 v\u00e0 truy\u1ec1n \u0111\u1ed9ng qua tr\u1ee5c truy\u1ec1n gi\u00fap m\u00e1y m\u1ea1nh m\u1ebd h\u01a1n v\u00e0 c\u00e2n b\u1eb1ng t\u1ed1t h\u01a1n.<\/li> <\/ol>    <figure class=\"wp-block-gallery has-nested-images columns-2 is-cropped wp-block-gallery-2 is-layout-flex wp-block-gallery-is-layout-flex\"> <figure class=\"wp-block-image size-full\"><a href=\"https:\/\/www.agriculture-machine.com\/wp-content\/uploads\/2021\/04\/machine-details-of-walk-behind-rice-transplanter.jpg\"><img loading=\"lazy\" decoding=\"async\" width=\"720\" height=\"540\" data-id=\"9995\" src=\"https:\/\/www.agriculture-machine.com\/wp-content\/uploads\/2021\/04\/machine-details-of-walk-behind-rice-transplanter.jpg\" alt=\"chi ti\u1ebft m\u00e1y c\u1ea5y l\u00faa \u0111i b\u1ed9\" class=\"wp-image-9995\" title=\"chi ti\u1ebft m\u00e1y c\u1ea5y l\u00faa \u0111i b\u1ed9\" srcset=\"https:\/\/www.agriculture-machine.com\/wp-content\/uploads\/2021\/04\/machine-details-of-walk-behind-rice-transplanter.jpg 720w, https:\/\/www.agriculture-machine.com\/wp-content\/uploads\/2021\/04\/machine-details-of-walk-behind-rice-transplanter-360x270.jpg 360w, https:\/\/www.agriculture-machine.com\/wp-content\/uploads\/2021\/04\/machine-details-of-walk-behind-rice-transplanter-240x180.jpg 240w\" sizes=\"auto, (max-width: 720px) 100vw, 720px\" \/><\/a><figcaption class=\"wp-element-caption\">chi ti\u1ebft m\u00e1y c\u1ea5y l\u00faa \u0111i b\u1ed9<\/figcaption><\/figure>    <figure class=\"wp-block-image size-full\"><a href=\"https:\/\/www.agriculture-machine.com\/wp-content\/uploads\/2021\/04\/Walk-behind-rice-transplanter-prats.jpg\"><img loading=\"lazy\" decoding=\"async\" width=\"720\" height=\"540\" data-id=\"9996\" src=\"https:\/\/www.agriculture-machine.com\/wp-content\/uploads\/2021\/04\/Walk-behind-rice-transplanter-prats.jpg\" alt=\"Ph\u1ea7n m\u00e1y c\u1ea5y l\u00faa \u0111i b\u1ed9\" class=\"wp-image-9996\" title=\"Ph\u1ea7n m\u00e1y c\u1ea5y l\u00faa \u0111i b\u1ed9\" srcset=\"https:\/\/www.agriculture-machine.com\/wp-content\/uploads\/2021\/04\/Walk-behind-rice-transplanter-prats.jpg 720w, https:\/\/www.agriculture-machine.com\/wp-content\/uploads\/2021\/04\/Walk-behind-rice-transplanter-prats-360x270.jpg 360w, https:\/\/www.agriculture-machine.com\/wp-content\/uploads\/2021\/04\/Walk-behind-rice-transplanter-prats-240x180.jpg 240w\" sizes=\"auto, (max-width: 720px) 100vw, 720px\" \/><\/a><figcaption class=\"wp-element-caption\">Ph\u1ea7n m\u00e1y c\u1ea5y l\u00faa \u0111i b\u1ed9<\/figcaption><\/figure> <\/figure>    <h2 class=\"wp-block-heading\" id=\"h-structure-details-of-the-4-rows-manual-rice-transplanter\">Chi ti\u1ebft c\u1ea5u tr\u00fac c\u1ee7a m\u00e1y c\u1ea5y l\u00faa th\u1ee7 c\u00f4ng 4 h\u00e0ng<\/h2>    <p>M\u00e1y c\u1ea5y l\u00faa \u0111i b\u1ed9 th\u1ee7 c\u00f4ng c\u00f3 c\u1ea5u tr\u00fac nh\u1ecf g\u1ecdn, nh\u1eb9, d\u1ec5 v\u1eadn h\u00e0nh, ch\u1ee9c n\u0103ng m\u1ea1nh m\u1ebd, l\u00e0 tr\u1ee3 th\u1ee7 \u0111\u1eafc l\u1ef1c cho n\u00f4ng d\u00e2n trong vi\u1ec7c c\u1ea5y l\u00faa.<\/p>    <figure class=\"wp-block-gallery has-nested-images columns-2 is-cropped wp-block-gallery-3 is-layout-flex wp-block-gallery-is-layout-flex\"> <figure class=\"wp-block-image size-large\"><a href=\"https:\/\/www.agriculture-machine.com\/wp-content\/uploads\/2021\/04\/structure-of-4-row-rice-transplanter-machine.jpg\"><img loading=\"lazy\" decoding=\"async\" width=\"720\" height=\"540\" data-id=\"10008\" src=\"https:\/\/www.agriculture-machine.com\/wp-content\/uploads\/2021\/04\/structure-of-4-row-rice-transplanter-machine.jpg\" alt=\"C\u1ea5u tr\u00fac c\u1ee7a m\u00e1y c\u1ea5y l\u00faa 4 h\u00e0ng\" class=\"wp-image-10008\" title=\"C\u1ea5u tr\u00fac c\u1ee7a m\u00e1y c\u1ea5y l\u00faa 4 h\u00e0ng\" srcset=\"https:\/\/www.agriculture-machine.com\/wp-content\/uploads\/2021\/04\/structure-of-4-row-rice-transplanter-machine.jpg 720w, https:\/\/www.agriculture-machine.com\/wp-content\/uploads\/2021\/04\/structure-of-4-row-rice-transplanter-machine-360x270.jpg 360w, https:\/\/www.agriculture-machine.com\/wp-content\/uploads\/2021\/04\/structure-of-4-row-rice-transplanter-machine-240x180.jpg 240w\" sizes=\"auto, (max-width: 720px) 100vw, 720px\" \/><\/a><figcaption class=\"wp-element-caption\">C\u1ea5u tr\u00fac c\u1ee7a m\u00e1y c\u1ea5y l\u00faa 4 h\u00e0ng<\/figcaption><\/figure>    <figure class=\"wp-block-image size-large\"><a href=\"https:\/\/www.agriculture-machine.com\/wp-content\/uploads\/2021\/04\/4-row-walk-behind-rice-transplanter.jpg\"><img loading=\"lazy\" decoding=\"async\" width=\"720\" height=\"540\" data-id=\"10009\" src=\"https:\/\/www.agriculture-machine.com\/wp-content\/uploads\/2021\/04\/4-row-walk-behind-rice-transplanter.jpg\" alt=\"M\u00e1y c\u1ea5y l\u00faa \u0111i b\u1ed9 4 h\u00e0ng\" class=\"wp-image-10009\" title=\"M\u00e1y c\u1ea5y l\u00faa \u0111i b\u1ed9 4 h\u00e0ng\" srcset=\"https:\/\/www.agriculture-machine.com\/wp-content\/uploads\/2021\/04\/4-row-walk-behind-rice-transplanter.jpg 720w, https:\/\/www.agriculture-machine.com\/wp-content\/uploads\/2021\/04\/4-row-walk-behind-rice-transplanter-360x270.jpg 360w, https:\/\/www.agriculture-machine.com\/wp-content\/uploads\/2021\/04\/4-row-walk-behind-rice-transplanter-240x180.jpg 240w\" sizes=\"auto, (max-width: 720px) 100vw, 720px\" \/><\/a><figcaption class=\"wp-element-caption\">M\u00e1y c\u1ea5y l\u00faa \u0111i b\u1ed9 4 h\u00e0ng<\/figcaption><\/figure> <\/figure>    <h2 class=\"wp-block-heading\" id=\"h-how-to-transplant-rice-seedlings\">L\u00e0m th\u1ebf n\u00e0o \u0111\u1ec3 c\u1ea5y m\u1ea7m l\u00faa?<\/h2>    <p>C\u00f3 hai c\u00e1ch \u0111\u1ec3 c\u1ea5y l\u00faa. Hai ph\u01b0\u01a1ng ph\u00e1p tr\u1ed3ng l\u00faa l\u00e0 g\u00ec? M\u1ed9t l\u00e0 tr\u1ed3ng c\u00e2y gi\u1ed1ng truy\u1ec1n th\u1ed1ng b\u1eb1ng tay, v\u00e0 ph\u01b0\u01a1ng ph\u00e1p c\u00f2n l\u1ea1i l\u00e0 c\u1ea5y c\u00e2y b\u1eb1ng m\u00e1y. Th\u1eddi gian l\u00e0 v\u00e0ng, b\u1ea1n v\u1eabn c\u00f2n tr\u1ed3ng l\u00faa theo c\u00e1ch truy\u1ec1n th\u1ed1ng? \u0110\u1ec3 n\u00e2ng cao hi\u1ec7u qu\u1ea3 c\u00f4ng vi\u1ec7c, t\u1ea5t nhi\u00ean b\u1ea1n ch\u1ecdn ph\u01b0\u01a1ng ph\u00e1p tr\u1ed3ng c\u01a1 gi\u1edbi. V\u1edbi m\u00e1y c\u1ea5y l\u00faa c\u1ea7m tay n\u00e0y, kho\u1ea3ng c\u00e1ch c\u00e2y tr\u1ed3ng c\u00f3 th\u1ec3 \u0111i\u1ec1u ch\u1ec9nh b\u1ea5t c\u1ee9 l\u00fac n\u00e0o.<\/p>    <figure class=\"wp-block-embed is-type-video is-provider-youtube wp-block-embed-youtube wp-embed-aspect-16-9 wp-has-aspect-ratio\"><div class=\"wp-block-embed__wrapper\"> <iframe loading=\"lazy\" title=\"L\u00e0m th\u1ebf n\u00e0o \u0111\u1ec3 c\u1ea5y l\u00faa ho\u1eb7c c\u1ea5y l\u00faa n\u01b0\u1edbc? Ch\u1ecdn m\u00e1y c\u1ea5y l\u00faa \u0111i b\u1ed9 hay lo\u1ea1i tractor?\" width=\"500\" height=\"281\" src=\"https:\/\/www.youtube.com\/embed\/PW-tT4ietAc?feature=oembed\" frameborder=\"0\" allow=\"accelerometer; autoplay; clipboard-write; encrypted-media; gyroscope; picture-in-picture; web-share\" referrerpolicy=\"strict-origin-when-cross-origin\" allowfullscreen><\/iframe> <\/div><figcaption class=\"wp-element-caption\">C\u1ea3nh l\u00e0m vi\u1ec7c c\u1ee7a m\u00e1y c\u1ea5y l\u00faa \u0111i b\u1ed9<\/figcaption><\/figure>    <h2 class=\"wp-block-heading\" id=\"h-what-are-the-benefits-of-using-machine-transplant-rice\">L\u1ee3i \u00edch c\u1ee7a vi\u1ec7c s\u1eed d\u1ee5ng m\u00e1y c\u1ea5y l\u00faa<\/h2>    <p>S\u1ef1 kh\u00e1c bi\u1ec7t gi\u1eefa m\u00e1y c\u1ea5y l\u00faa v\u00e0 c\u1ea5y l\u00faa th\u1ee7 c\u00f4ng l\u00e0 g\u00ec? X\u00e9t v\u1ec1 hi\u1ec7u qu\u1ea3, m\u00e1y c\u1ea5y l\u00faa c\u1ea7n t\u1ed1t h\u01a1n. D\u00f9 sao, m\u00e1y m\u00f3c t\u1ed1t h\u01a1n th\u1ee7 c\u00f4ng. C\u1ea5y c\u00f9ng s\u1ed1 l\u01b0\u1ee3ng m\u1ea7m l\u00faa, c\u1ea5y th\u1ee7 c\u00f4ng c\u00f3 th\u1ec3 ho\u00e0n th\u00e0nh trong m\u1ed9t ng\u00e0y, c\u00f2n m\u00e1y c\u1ea5y ch\u1ec9 trong m\u1ed9t gi\u1edd.<\/p>    <p>Ngo\u00e0i t\u1ed1c \u0111\u1ed9 cao, m\u00e1y c\u1ea5y l\u00faa \u0111i b\u1ed9 c\u00f2n c\u00f3 m\u1ed9t l\u1ee3i th\u1ebf kh\u00e1c, \u0111\u00f3 l\u00e0 kho\u1ea3ng c\u00e1ch c\u00e2y tr\u1ed3ng lu\u00f4n gi\u1ed1ng nhau. Lu\u00f4n c\u00f3 m\u1ed9t s\u1ed1 sai s\u1ed1 trong vi\u1ec7c tr\u1ed3ng b\u1eb1ng tay, ho\u1eb7c qu\u00e1 g\u1ea7n ho\u1eb7c qu\u00e1 xa. Kho\u1ea3ng c\u00e1ch tr\u1ed3ng c\u00f3 th\u1ec3 ki\u1ec3m so\u00e1t b\u1eb1ng m\u00e1y gieo h\u1ea1t, \u0111i\u1ec1u m\u00e0 kh\u00f4ng th\u1ec3 th\u1ef1c hi\u1ec7n b\u1eb1ng tay. <\/p>    <p>The yield is said to be higher if the seedlings are transplanted by machine. The above two points are undoubtedly the biggest advantages of rice planting machines, and they are also the disadvantages of manual transplanting. What can&#8217;t be done manually is done by the machine.<\/p>    <figure class=\"wp-block-gallery has-nested-images columns-2 is-cropped wp-block-gallery-4 is-layout-flex wp-block-gallery-is-layout-flex\"> <figure class=\"wp-block-image size-large\"><a href=\"https:\/\/www.agriculture-machine.com\/wp-content\/uploads\/2021\/04\/Manual-transplanting.jpg\"><img loading=\"lazy\" decoding=\"async\" width=\"640\" height=\"427\" data-id=\"10007\" src=\"https:\/\/www.agriculture-machine.com\/wp-content\/uploads\/2021\/04\/Manual-transplanting.jpg\" alt=\"C\u1ea5y l\u00faa th\u1ee7 c\u00f4ng\" class=\"wp-image-10007\" title=\"C\u1ea5y l\u00faa th\u1ee7 c\u00f4ng\" srcset=\"https:\/\/www.agriculture-machine.com\/wp-content\/uploads\/2021\/04\/Manual-transplanting.jpg 640w, https:\/\/www.agriculture-machine.com\/wp-content\/uploads\/2021\/04\/Manual-transplanting-360x240.jpg 360w\" sizes=\"auto, (max-width: 640px) 100vw, 640px\" \/><\/a><figcaption class=\"wp-element-caption\">C\u1ea5y l\u00faa th\u1ee7 c\u00f4ng<\/figcaption><\/figure>    <figure class=\"wp-block-image size-large\"><a href=\"https:\/\/www.agriculture-machine.com\/wp-content\/uploads\/2021\/04\/transplanting-rice.jpg\"><img loading=\"lazy\" decoding=\"async\" width=\"720\" height=\"540\" data-id=\"10005\" src=\"https:\/\/www.agriculture-machine.com\/wp-content\/uploads\/2021\/04\/transplanting-rice.jpg\" alt=\"c\u1ea5y l\u00faa--l\u00faa\" class=\"wp-image-10005\" title=\"c\u1ea5y l\u00faa--l\u00faa\" srcset=\"https:\/\/www.agriculture-machine.com\/wp-content\/uploads\/2021\/04\/transplanting-rice.jpg 720w, https:\/\/www.agriculture-machine.com\/wp-content\/uploads\/2021\/04\/transplanting-rice-360x270.jpg 360w, https:\/\/www.agriculture-machine.com\/wp-content\/uploads\/2021\/04\/transplanting-rice-240x180.jpg 240w\" sizes=\"auto, (max-width: 720px) 100vw, 720px\" \/><\/a><figcaption class=\"wp-element-caption\">transplanting&#8211;rice<\/figcaption><\/figure> <\/figure>    <h2 class=\"wp-block-heading\" id=\"h-technical-parameters-of-the-high-efficiency-rice-transplanter\">Th\u00f4ng s\u1ed1 k\u1ef9 thu\u1eadt c\u1ee7a m\u00e1y c\u1ea5y l\u00faa \u0111i b\u1ed9<\/h2>    <figure class=\"wp-block-table is-style-stripes\"><table><tbody><tr><td>M\u1eabu<\/td><td>Th\u00f4ng s\u1ed1 k\u1ef9 thu\u1eadt c\u00f4ng ngh\u1ec7<\/td><\/tr><tr><td><\/td><td>\u0110\u01a1n v\u1ecb<\/td><td>Th\u00f4ng s\u1ed1 k\u1ef9 thu\u1eadt<\/td><\/tr><tr><td>2ZS-4<\/td><td>Lo\u1ea1i<\/td><td><\/td><td>Hai lo\u1ea1i b\u00e1nh xe tr\u01b0\u1ee3t ba b\u00e1nh<\/td><\/tr><tr><td>K\u00edch th\u01b0\u1edbc (D\u00e0i x R\u1ed9ng x Cao)<\/td><td>(mm)<\/td><td>2140\u00d71630\u00d7910<\/td><\/tr><tr><td>Tr\u1ecdng l\u01b0\u1ee3ng<\/td><td>(kg)<\/td><td>165<\/td><\/tr><tr><td>T\u00ean m\u00e1y<\/td><td><\/td><td>YAMAHA \/ MZ175-B-1<\/td><\/tr><tr><td>C\u00f4ng su\u1ea5t \u0111\u1ed9ng c\u01a1<\/td><td>(kw\/rpm)<\/td><td>2.6\/3000<\/td><\/tr><tr><td>lo\u1ea1i<\/td><td><\/td><td>\u0110\u1ed9ng c\u01a1 l\u00e0m m\u00e1t b\u1eb1ng gi\u00f3, b\u1ed1n th\u00ec, OHV<\/td><\/tr><tr><td>D\u00e2y chuy\u1ec1n l\u00e0m vi\u1ec7c<\/td><td><\/td><td>4 d\u00f2ng<\/td><\/tr><tr><td>T\u1ed1c \u0111\u1ed9 l\u00e0m vi\u1ec7c<\/td><td>(m\/s)<\/td><td>0.34-0.77<\/td><\/tr><tr><td>Kho\u1ea3ng c\u00e1ch h\u00e0ng<\/td><td>(mm)<\/td><td>300<\/td><\/tr><tr><td>Kho\u1ea3ng c\u00e1ch gieo h\u1ea1t<\/td><td>(mm)<\/td><td>210;180;160;140;120<\/td><\/tr><tr><td>\u0110\u1ed9 s\u00e2u gieo h\u1ea1t<\/td><td>(mm)<\/td><td>15-35<\/td><\/tr><tr><td>C\u00f4ng su\u1ea5t l\u00e0m vi\u1ec7c<\/td><td>h\u00e9c-ta\/gi\u1edd<\/td><td>0.10-0.2<\/td><\/tr><tr><td>b\u00e1nh xe paddy<\/td><td>c\u1ea5u tr\u00fac<\/td><td><\/td><td>b\u00e1nh xe cao su<\/td><\/tr><tr><td>\u0111\u01b0\u1eddng k\u00ednh<\/td><td>(mm)<\/td><td>660<\/td><\/tr><tr><td>ki\u1ec3u d\u1eabn \u0111\u1ed9ng<\/td><td><\/td><td>&nbsp;Truy\u1ec1n \u0111\u1ed9ng tr\u1ee5c<\/td><\/tr><tr><td>C\u1ea5u tr\u00fac c\u1ea5y<\/td><td><\/td><td>C\u1ea5u tr\u00fac tay quay<\/td><\/tr><\/tbody><\/table><figcaption class=\"wp-element-caption\">Th\u00f4ng s\u1ed1 k\u1ef9 thu\u1eadt c\u1ee7a m\u00e1y c\u1ea5y l\u00faa \u0111i b\u1ed9<\/figcaption><\/figure>    <h2 class=\"wp-block-heading\">Nguy\u00ean l\u00fd ho\u1ea1t \u0111\u1ed9ng c\u1ee7a m\u00e1y c\u1ea5y l\u00faa t\u1ef1 \u0111\u1ed9ng<\/h2>    <p>C\u1ea5y m\u1ea7m\u2014l\u00faa <\/p>    <p>Ti\u1ebfp theo, \u0111\u01b0a m\u1ea7m v\u00e0o \u0111\u1ea5t theo y\u00eau c\u1ea7u c\u1ee7a quy tr\u00ecnh n\u00f4ng h\u1ecdc d\u01b0\u1edbi t\u00e1c d\u1ee5ng c\u1ee7a c\u01a1 ch\u1ebf \u0111i\u1ec1u khi\u1ec3n \u0111\u01b0\u1eddng c\u1ea5y l\u00faa. Cu\u1ed1i c\u00f9ng, b\u1ed9 ch\u1ecdn m\u1ea7m tr\u1edf v\u1ec1 h\u1ed9p \u0111\u1ec3 l\u1ea5y m\u1ea7m theo m\u1ed9t \u0111\u01b0\u1eddng \u0111i nh\u1ea5t \u0111\u1ecbnh.<\/p>    <figure class=\"wp-block-gallery has-nested-images columns-default is-cropped wp-block-gallery-5 is-layout-flex wp-block-gallery-is-layout-flex\"> <figure class=\"wp-block-image aligncenter size-large\"><img loading=\"lazy\" decoding=\"async\" width=\"720\" height=\"540\" data-id=\"13528\" src=\"https:\/\/www.agriculture-machine.com\/wp-content\/uploads\/2022\/05\/4.jpg\" alt=\"nh\u00e0 m\u00e1y\" class=\"wp-image-13528\" title=\"nh\u00e0 m\u00e1y\" srcset=\"https:\/\/www.agriculture-machine.com\/wp-content\/uploads\/2022\/05\/4.jpg 720w, https:\/\/www.agriculture-machine.com\/wp-content\/uploads\/2022\/05\/4-360x270.jpg 360w, https:\/\/www.agriculture-machine.com\/wp-content\/uploads\/2022\/05\/4-240x180.jpg 240w\" sizes=\"auto, (max-width: 720px) 100vw, 720px\" \/><figcaption class=\"wp-element-caption\">nh\u00e0 m\u00e1y<\/figcaption><\/figure> <\/figure>    <h2 class=\"wp-block-heading\">M\u1ed9t m\u00e1y c\u1ea5y l\u00faa 6 h\u00e0ng \u0111\u00e3 b\u00e1n cho Nigeria<\/h2>    <p>Kh\u00e1ch h\u00e0ng c\u00f3 m\u1ed9t c\u00e1nh \u0111\u1ed3ng l\u00faa l\u1edbn trong khu v\u1ef1c, v\u00e0 m\u1ed7i l\u1ea7n tr\u1ed3ng l\u00faa l\u00e0 th\u1eddi \u0111i\u1ec3m b\u1eadn r\u1ed9n nh\u1ea5t c\u1ee7a anh \u1ea5y. \u0110\u1ec3 ti\u1ebft ki\u1ec7m th\u1eddi gian v\u00e0 n\u00e2ng cao hi\u1ec7u qu\u1ea3. Anh \u1ea5y c\u1ea7n m\u1ed9t m\u00e1y c\u1ea5y l\u00faa. Ch\u00fang t\u00f4i \u0111\u00e3 li\u00ean h\u1ec7 v\u1edbi kh\u00e1ch h\u00e0ng khi th\u1ea5y y\u00eau c\u1ea7u c\u1ee7a anh \u1ea5y. <\/p>    <p>Sau m\u1ed9t th\u1eddi gian trao \u0111\u1ed5i, ch\u00fang t\u00f4i \u0111\u1ec1 xu\u1ea5t kh\u00e1ch h\u00e0ng m\u1ed9t m\u00e1y c\u1ea5y l\u00faa 6 h\u00e0ng. Cu\u1ed1i c\u00f9ng, kh\u00e1ch h\u00e0ng quy\u1ebft \u0111\u1ecbnh mua m\u00e1y c\u1ea5y l\u00faa \u0111i b\u1ed9. D\u01b0\u1edbi \u0111\u00e2y l\u00e0 h\u00ecnh \u1ea3nh \u0111\u00f3ng g\u00f3i v\u00e0 v\u1eadn chuy\u1ec3n c\u1ee7a m\u00e1y.<\/p>    <figure class=\"wp-block-gallery has-nested-images columns-default is-cropped wp-block-gallery-6 is-layout-flex wp-block-gallery-is-layout-flex\"> <figure class=\"wp-block-image size-large\"><img loading=\"lazy\" decoding=\"async\" width=\"720\" height=\"540\" data-id=\"13518\" src=\"https:\/\/www.agriculture-machine.com\/wp-content\/uploads\/2022\/05\/wooden-case-packing-of-rice-transplanter-.jpg\" alt=\"H\u1ed9p g\u1ed7 \u0111\u00f3ng g\u00f3i m\u00e1y c\u1ea5y l\u00faa \" class=\"wp-image-13518\" title=\"H\u1ed9p g\u1ed7 \u0111\u00f3ng g\u00f3i m\u00e1y c\u1ea5y l\u00faa \" srcset=\"https:\/\/www.agriculture-machine.com\/wp-content\/uploads\/2022\/05\/wooden-case-packing-of-rice-transplanter-.jpg 720w, https:\/\/www.agriculture-machine.com\/wp-content\/uploads\/2022\/05\/wooden-case-packing-of-rice-transplanter--360x270.jpg 360w, https:\/\/www.agriculture-machine.com\/wp-content\/uploads\/2022\/05\/wooden-case-packing-of-rice-transplanter--240x180.jpg 240w\" sizes=\"auto, (max-width: 720px) 100vw, 720px\" \/><figcaption class=\"wp-element-caption\">H\u1ed9p g\u1ed7 \u0111\u00f3ng g\u00f3i m\u00e1y c\u1ea5y l\u00faa<\/figcaption><\/figure>    <figure class=\"wp-block-image size-large\"><img loading=\"lazy\" decoding=\"async\" width=\"720\" height=\"540\" data-id=\"13519\" src=\"https:\/\/www.agriculture-machine.com\/wp-content\/uploads\/2022\/05\/shipping-of-the-paddy-transplanter0.jpg\" alt=\"V\u1eadn chuy\u1ec3n m\u00e1y c\u1ea5y l\u00faa\" class=\"wp-image-13519\" title=\"V\u1eadn chuy\u1ec3n m\u00e1y c\u1ea5y l\u00faa\" srcset=\"https:\/\/www.agriculture-machine.com\/wp-content\/uploads\/2022\/05\/shipping-of-the-paddy-transplanter0.jpg 720w, https:\/\/www.agriculture-machine.com\/wp-content\/uploads\/2022\/05\/shipping-of-the-paddy-transplanter0-360x270.jpg 360w, https:\/\/www.agriculture-machine.com\/wp-content\/uploads\/2022\/05\/shipping-of-the-paddy-transplanter0-240x180.jpg 240w\" sizes=\"auto, (max-width: 720px) 100vw, 720px\" \/><figcaption class=\"wp-element-caption\">V\u1eadn chuy\u1ec3n m\u00e1y c\u1ea5y l\u00faa<\/figcaption><\/figure> <\/figure>    <h2 class=\"wp-block-heading\">Li\u00ean h\u1ec7 v\u1edbi ch\u00fang t\u00f4i b\u1ea5t c\u1ee9 l\u00fac n\u00e0o<\/h2>    <p>C\u1ea3m \u01a1n b\u1ea1n \u0111\u00e3 xem x\u00e9t k\u1ef9 l\u01b0\u1ee1ng thi\u1ebft b\u1ecb c\u1ea5y l\u00faa c\u1ee7a ch\u00fang t\u00f4i. N\u1ebfu b\u1ea1n c\u00f3 b\u1ea5t k\u1ef3 c\u00e2u h\u1ecfi n\u00e0o ho\u1eb7c c\u1ea7n th\u00eam th\u00f4ng tin, xin vui l\u00f2ng li\u00ean h\u1ec7 v\u1edbi \u0111\u1ed9i ng\u0169 chuy\u00ean nghi\u1ec7p c\u1ee7a ch\u00fang t\u00f4i. V\u00e0 ch\u00fang t\u00f4i hoan ngh\u00eanh b\u1ea1n \u0111\u1ebfn th\u0103m nh\u00e0 m\u00e1y c\u1ee7a ch\u00fang t\u00f4i. Ch\u00fang t\u00f4i mong \u0111\u01b0\u1ee3c h\u1ee3p t\u00e1c v\u1edbi b\u1ea1n \u0111\u1ec3 cung c\u1ea5p c\u00e1c gi\u1ea3i ph\u00e1p xu\u1ea5t s\u1eafc cho s\u1ea3n xu\u1ea5t n\u00f4ng nghi\u1ec7p c\u1ee7a b\u1ea1n.<\/p>","protected":false},"excerpt":{"rendered":"<p>M\u00e1y c\u1ea5y l\u00faa \u0111i b\u1ed9 n\u00e0y \u0111\u01b0\u1ee3c \u0111i\u1ec1u khi\u1ec3n b\u1eb1ng tay. \u0110\u1ed9 s\u00e2u tr\u1ed3ng v\u00e0 t\u1ed1c \u0111\u1ed9 \u0111i c\u00f3 th\u1ec3 \u0111i\u1ec1u ch\u1ec9nh b\u1ea5t c\u1ee9 l\u00fac n\u00e0o. V\u00e0 m\u1ea7m l\u00faa \u0111\u01b0\u1ee3c c\u1ea5y ch\u00ednh x\u00e1c v\u00e0 hi\u1ec7u qu\u1ea3 v\u00e0o ru\u1ed9ng.<\/p>","protected":false},"author":1,"featured_media":13524,"parent":0,"comment_status":"closed","ping_status":"closed","template":"","tags":[796,151],"product-type":[1,914],"class_list":["post-9993","product","type-product","status-publish","has-post-thumbnail","hentry","tag-rice","tag-transplanter","product-type-other","product-type-rice-transplanter"],"_links":{"self":[{"href":"https:\/\/www.agriculture-machine.com\/vi\/wp-json\/wp\/v2\/product\/9993","targetHints":{"allow":["GET"]}}],"collection":[{"href":"https:\/\/www.agriculture-machine.com\/vi\/wp-json\/wp\/v2\/product"}],"about":[{"href":"https:\/\/www.agriculture-machine.com\/vi\/wp-json\/wp\/v2\/types\/product"}],"author":[{"embeddable":true,"href":"https:\/\/www.agriculture-machine.com\/vi\/wp-json\/wp\/v2\/users\/1"}],"replies":[{"embeddable":true,"href":"https:\/\/www.agriculture-machine.com\/vi\/wp-json\/wp\/v2\/comments?post=9993"}],"wp:featuredmedia":[{"embeddable":true,"href":"https:\/\/www.agriculture-machine.com\/vi\/wp-json\/wp\/v2\/media\/13524"}],"wp:attachment":[{"href":"https:\/\/www.agriculture-machine.com\/vi\/wp-json\/wp\/v2\/media?parent=9993"}],"wp:term":[{"taxonomy":"post_tag","embeddable":true,"href":"https:\/\/www.agriculture-machine.com\/vi\/wp-json\/wp\/v2\/tags?post=9993"},{"taxonomy":"product-type","embeddable":true,"href":"https:\/\/www.agriculture-machine.com\/vi\/wp-json\/wp\/v2\/product-type?post=9993"}],"curies":[{"name":"wp","href":"https:\/\/api.w.org\/{rel}","templated":true}]}}